{"id":159559,"date":"2021-11-10T08:55:46","date_gmt":"2021-11-10T07:55:46","guid":{"rendered":"https:\/\/pizbube.ch\/?post_type=product&#038;p=159559"},"modified":"2025-10-16T17:43:40","modified_gmt":"2025-10-16T15:43:40","slug":"odyssee-verticale-sur-les-plus-belles-parois-du-monde","status":"publish","type":"product","link":"https:\/\/pizbube.ch\/en\/shop\/odyssee-verticale-sur-les-plus-belles-parois-du-monde\/","title":{"rendered":"Odyss\u00e9e verticale &#8211; Sur les plus belles parois du monde"},"content":{"rendered":"<div class=\"field field-name-hw-presentation-editoriale field-type-text-long field-label-hidden\">\n<div class=\"field-items\">\n<div class=\"field-item even\">\n<p>Une vie d\u2019escalade, o\u00f9 quand deux pointures du monde de la grimpe nous racontent leurs aventures sans fard sur les plus belles parois du monde.<\/p>\n<p>Caroline Ciavaldini et James Pearson concilient vie de grimpeurs, vie d\u2019explorateurs, vie de couple et, depuis un peu plus de deux ans, vie de parents avec brio \u2013 et le bout des doigts ab\u00eem\u00e9 par les rochers abrasifs et vierges des terrains d\u2019aventure\u00a0! Passant des comp\u00e9titions indoor aux plus belles destinations grimpe du monde, le duo nous raconte avec humilit\u00e9 leur univers, leur monde d\u2019escalade.<\/p>\n<p>Dans ce beau livre illustr\u00e9, ils nous livrent les anecdotes qui auront transform\u00e9 leurs aventures verticales en une histoire riche en rebondissements. Parmi leurs plus belles r\u00e9alisations, un voyage \u00e0 trois, avec leur fils Arthur, en \u00c9thiopie, pour escalader les tours du d\u00e9sert\u00a0; gravir une paroi rocheuse sous une cascade au Japon\u00a0; grimper la plus haute falaise maritime du monde aux \u00celes F\u00e9ro\u00e9.<\/p>\n<div class=\"form-item form-type-item\">\n<div class=\"field field-name-hw-livre-format clearfix\">\n<div class=\"field-item even\">Format: 218 x 290 mm<br \/>\nPages: 192<\/div>\n<\/div>\n<\/div>\n<\/div>\n<\/div>\n<\/div>","protected":false},"excerpt":{"rendered":"<p>Une vie d\u2019escalade, o\u00f9 quand deux pointures du monde de la grimpe nous racontent leurs aventures sans fard sur les plus belles parois du monde. Caroline Ciavaldini et James Pearson concilient vie de grimpeurs, vie d\u2019explorateurs, vie de couple et, depuis un peu plus de deux ans, vie de parents avec brio \u2013 et le [&#8230;]\n","protected":false},"featured_media":159564,"template":"","meta":[],"product_brand":[],"product_cat":[21542],"product_tag":[],"class_list":{"0":"post-159559","1":"product","2":"type-product","3":"status-publish","4":"has-post-thumbnail","6":"product_cat-sachbuecher-dokumentationen","7":"pa_autor-ciavaldini-pearson","8":"pa_region-uebrigers-europa","9":"pa_sprache-fr","11":"first","12":"instock","13":"taxable","14":"shipping-taxable","15":"purchasable","16":"product-type-simple"},"_links":{"self":[{"href":"https:\/\/pizbube.ch\/en\/wp-json\/wp\/v2\/product\/159559","targetHints":{"allow":["GET"]}}],"collection":[{"href":"https:\/\/pizbube.ch\/en\/wp-json\/wp\/v2\/product"}],"about":[{"href":"https:\/\/pizbube.ch\/en\/wp-json\/wp\/v2\/types\/product"}],"wp:featuredmedia":[{"embeddable":true,"href":"https:\/\/pizbube.ch\/en\/wp-json\/wp\/v2\/media\/159564"}],"wp:attachment":[{"href":"https:\/\/pizbube.ch\/en\/wp-json\/wp\/v2\/media?parent=159559"}],"wp:term":[{"taxonomy":"product_brand","embeddable":true,"href":"https:\/\/pizbube.ch\/en\/wp-json\/wp\/v2\/product_brand?post=159559"},{"taxonomy":"product_cat","embeddable":true,"href":"https:\/\/pizbube.ch\/en\/wp-json\/wp\/v2\/product_cat?post=159559"},{"taxonomy":"product_tag","embeddable":true,"href":"https:\/\/pizbube.ch\/en\/wp-json\/wp\/v2\/product_tag?post=159559"}],"curies":[{"name":"wp","href":"https:\/\/api.w.org\/{rel}","templated":true}]}}