{"id":159565,"date":"2021-11-10T09:25:13","date_gmt":"2021-11-10T08:25:13","guid":{"rendered":"https:\/\/pizbube.ch\/?post_type=product&#038;p=159565"},"modified":"2024-04-26T17:53:22","modified_gmt":"2024-04-26T15:53:22","slug":"mont-blanc-lines","status":"publish","type":"product","link":"https:\/\/pizbube.ch\/en\/shop\/mont-blanc-lines\/","title":{"rendered":"Mont-Blanc Lines (\u00c9dition fran\u00e7.)"},"content":{"rendered":"<div class=\"field field-name-hw-presentation-editoriale field-type-text-long field-label-hidden\">\n<div class=\"field-items\">\n<div class=\"field-item even\">\n<p>En crampons, \u00e0\u00a0ski, en ULM, en h\u00e9licopt\u00e8re ou en\u00a0parapente, le photographe Alex Buisse a parcouru le\u00a0massif du Mont-Blanc pour capturer toutes les faces\u00a0majeures en tr\u00e8s haute r\u00e9solution et dessiner, une \u00e0\u00a0une, les lignes de ski et d\u2019alpinisme. Des lignes dont il\u00a0nous raconte l&#8217;histoire et qu&#8217;il nous montre de la plus\u00a0belle fa\u00e7on.<\/p>\n<p>\u00ab\u00a0Mai\u00a02020. Tout juste sorti du premier confinement, en manque d\u2019images de haute montagne, j\u2019embarque pour un tour photo du massif du Mont-Blanc en ULM au coucher du soleil. De retour devant mon ordinateur, une image de la face nord des Droites m\u2019interpelle\u00a0: je connais les noms des voies les plus classiques mais ne sais pas o\u00f9 elles se d\u00e9roulent exactement. Je sors mes topos d\u2019alpinisme et d\u00e9cide de dessiner toutes les lignes que je peux trouver. Et tiens, voil\u00e0 une image des Grandes Jorasses, pourquoi pas\u00a0! <i>Mont-Blanc lines<\/i> vient de na\u00eetre.\u00a0\u00bb<\/p>\n<p>Cet ouvrage pr\u00e9sente, en plus des trac\u00e9s eux-m\u00eames, des images tir\u00e9es de plus de dix ans de pratique d\u2019alpinisme et d\u2019activit\u00e9 en tant que photographe professionnel \u00e0 Chamonix. L\u2019histoire de ces faces cont\u00e9e par Alex Buisse se m\u00eale aux r\u00e9cits d\u2019alpinistes qui y ont v\u00e9cu des moments forts. En bonus\u00a0: les l\u00e9gendaires Cervin et face nord de l\u2019Eiger<\/p>\n<div class=\"form-item form-type-item\">\n<div class=\"field field-name-hw-livre-format clearfix\">\n<div class=\"field-item even\">Format:242 x 322 mm<br \/>\nPages: 176<\/div>\n<\/div>\n<\/div>\n<\/div>\n<\/div>\n<\/div>","protected":false},"excerpt":{"rendered":"<p>En crampons, \u00e0\u00a0ski, en ULM, en h\u00e9licopt\u00e8re ou en\u00a0parapente, le photographe Alex Buisse a parcouru le\u00a0massif du Mont-Blanc pour capturer toutes les faces\u00a0majeures en tr\u00e8s haute r\u00e9solution et dessiner, une \u00e0\u00a0une, les lignes de ski et d\u2019alpinisme. Des lignes dont il\u00a0nous raconte l&#8217;histoire et qu&#8217;il nous montre de la plus\u00a0belle fa\u00e7on. \u00ab\u00a0Mai\u00a02020. Tout juste sorti [&#8230;]\n","protected":false},"featured_media":159566,"template":"","meta":[],"product_brand":[],"product_cat":[21542],"product_tag":[26987,26988],"class_list":{"0":"post-159565","1":"product","2":"type-product","3":"status-publish","4":"has-post-thumbnail","6":"product_cat-sachbuecher-dokumentationen","7":"product_tag-mont-blanc-lines","8":"product_tag-montblanc-lines","9":"pa_autor-buisse","10":"pa_erscheinungsjahr-25440","11":"pa_region-frankreich","12":"pa_sprache-fr","14":"first","15":"instock","16":"taxable","17":"shipping-taxable","18":"purchasable","19":"product-type-simple"},"_links":{"self":[{"href":"https:\/\/pizbube.ch\/en\/wp-json\/wp\/v2\/product\/159565","targetHints":{"allow":["GET"]}}],"collection":[{"href":"https:\/\/pizbube.ch\/en\/wp-json\/wp\/v2\/product"}],"about":[{"href":"https:\/\/pizbube.ch\/en\/wp-json\/wp\/v2\/types\/product"}],"wp:featuredmedia":[{"embeddable":true,"href":"https:\/\/pizbube.ch\/en\/wp-json\/wp\/v2\/media\/159566"}],"wp:attachment":[{"href":"https:\/\/pizbube.ch\/en\/wp-json\/wp\/v2\/media?parent=159565"}],"wp:term":[{"taxonomy":"product_brand","embeddable":true,"href":"https:\/\/pizbube.ch\/en\/wp-json\/wp\/v2\/product_brand?post=159565"},{"taxonomy":"product_cat","embeddable":true,"href":"https:\/\/pizbube.ch\/en\/wp-json\/wp\/v2\/product_cat?post=159565"},{"taxonomy":"product_tag","embeddable":true,"href":"https:\/\/pizbube.ch\/en\/wp-json\/wp\/v2\/product_tag?post=159565"}],"curies":[{"name":"wp","href":"https:\/\/api.w.org\/{rel}","templated":true}]}}