{"id":159660,"date":"2021-11-17T14:41:47","date_gmt":"2021-11-17T13:41:47","guid":{"rendered":"https:\/\/pizbube.ch\/?post_type=product&#038;p=159660"},"modified":"2021-11-17T14:45:37","modified_gmt":"2021-11-17T13:45:37","slug":"gemmiwege-einst-und-heute","status":"publish","type":"product","link":"https:\/\/pizbube.ch\/en\/shop\/gemmiwege-einst-und-heute\/","title":{"rendered":"Gemmiwege &#8211; einst und heute"},"content":{"rendered":"<p>Geschichte &#8211; Geschichten &#8211; Wandern<\/p>\n<p>\u00dcber den Gemmiu\u0308bergang bestehen zahlreiche und sehr unterschiedliche Zeugen und Dokumente. Die \u00e4ltesten arch\u00e4ologischen Spuren gehen auf die Eisen und Bronzezeit zuru\u0308ck. Sp\u00e4ter kamen die R\u00f6mer nach Leukerbad, wobei unklar ist, ob sie die Gemmi tats\u00e4chlich als Passu\u0308bergang benutzten.<\/p>\n<p>Dieses Bu\u0308chlein enth\u00e4lt einen kurzen Abriss u\u0308ber die geschichtliche Entwicklung der Gemmi, die damaligen Transporthilfen, die Idee einer Gemmistrasse, der Bau der Bahnen auf\u00a0beiden Seiten, die Entdeckung der warmen Wasser und den Schutz gegen die Naturgewalten.<\/p>\n<p>16 spannende und informative Wanderungen rund um das B\u00e4derdorf, die Torrentregion und die Gemmiregion runden die Entdeckungsreise ab. Eine reichhaltige Flora\u00a0und Fauna, urchige Alpen, grandiose Aussichten und\u00a0die typische Walliser Gastfreundschaft machen dieses\u00a0Wandergebiet zwischen den Kantonen Wallis und Bern\u00a0zu einem einmaligen und lohnenswerten Ausflugsziel.<\/p>\n<p>Dazu Autor Werner Tschopp: \u00abZiel des Buches ist es,\u00a0mein Wissen u\u0308ber Wanderungen und die Natur unserer\u00a0 Region an G\u00e4ste und Einheimische weiterzugeben. Da\u00a0ich festgestellt habe, dass auch die \u00abBadner\u00bb vielfach\u00a0nicht mehr wissen, was zum Beispiel ein \u00abBoez\u00bb ist, war ich sicher, mit meinen Aufzeichnungen eine spannende\u00a0Lektu\u0308re zu schaffen.\u00bb<\/p>\n<p>120 x 180 mm, 128 Seiten, reich illustriert;<br \/>\n2. Auflage 2016<\/p>","protected":false},"excerpt":{"rendered":"<p>Geschichte &#8211; Geschichten &#8211; Wandern \u00dcber den Gemmiu\u0308bergang bestehen zahlreiche und sehr unterschiedliche Zeugen und Dokumente. Die \u00e4ltesten arch\u00e4ologischen Spuren gehen auf die Eisen und Bronzezeit zuru\u0308ck. Sp\u00e4ter kamen die R\u00f6mer nach Leukerbad, wobei unklar ist, ob sie die Gemmi tats\u00e4chlich als Passu\u0308bergang benutzten. Dieses Bu\u0308chlein enth\u00e4lt einen kurzen Abriss u\u0308ber die geschichtliche Entwicklung der [&#8230;]\n","protected":false},"featured_media":159661,"template":"","meta":[],"product_brand":[],"product_cat":[21542,21605],"product_tag":[],"class_list":{"0":"post-159660","1":"product","2":"type-product","3":"status-publish","4":"has-post-thumbnail","6":"product_cat-sachbuecher-dokumentationen","7":"product_cat-wanderfuehrer-trekking","8":"pa_autor-tschopp","9":"pa_erscheinungsjahr-21571","10":"pa_region-schweiz","11":"pa_sprache-de","13":"first","14":"instock","15":"taxable","16":"shipping-taxable","17":"purchasable","18":"product-type-simple"},"_links":{"self":[{"href":"https:\/\/pizbube.ch\/en\/wp-json\/wp\/v2\/product\/159660","targetHints":{"allow":["GET"]}}],"collection":[{"href":"https:\/\/pizbube.ch\/en\/wp-json\/wp\/v2\/product"}],"about":[{"href":"https:\/\/pizbube.ch\/en\/wp-json\/wp\/v2\/types\/product"}],"wp:featuredmedia":[{"embeddable":true,"href":"https:\/\/pizbube.ch\/en\/wp-json\/wp\/v2\/media\/159661"}],"wp:attachment":[{"href":"https:\/\/pizbube.ch\/en\/wp-json\/wp\/v2\/media?parent=159660"}],"wp:term":[{"taxonomy":"product_brand","embeddable":true,"href":"https:\/\/pizbube.ch\/en\/wp-json\/wp\/v2\/product_brand?post=159660"},{"taxonomy":"product_cat","embeddable":true,"href":"https:\/\/pizbube.ch\/en\/wp-json\/wp\/v2\/product_cat?post=159660"},{"taxonomy":"product_tag","embeddable":true,"href":"https:\/\/pizbube.ch\/en\/wp-json\/wp\/v2\/product_tag?post=159660"}],"curies":[{"name":"wp","href":"https:\/\/api.w.org\/{rel}","templated":true}]}}