{"id":159664,"date":"2021-11-17T15:11:58","date_gmt":"2021-11-17T14:11:58","guid":{"rendered":"https:\/\/pizbube.ch\/?post_type=product&#038;p=159664"},"modified":"2025-04-01T12:53:30","modified_gmt":"2025-04-01T10:53:30","slug":"pioniere-der-bergrettung","status":"publish","type":"product","link":"https:\/\/pizbube.ch\/en\/shop\/pioniere-der-bergrettung\/","title":{"rendered":"Pioniere der Bergrettung"},"content":{"rendered":"<p id=\"page_title\" class=\"page_title\">50 Jahre Air Zermatt<\/p>\n<p>Das Jahr 2018\u00a0war ein besonderes Jahr fu\u0308r die Air Zermatt. Das Oberwalliser Helikopterunternehmen\u00a0durfte das 50-j\u00e4hrige Bestehen feiern. Seit der Gru\u0308ndung 1968 bis heute hat die Air Zermatt eine beeindruckende und interessante Geschichte erlebt und sich konstant weiterentwickelt: vom ersten \u00abeinfachen\u00bb Helikopter, welcher auch fu\u0308r Rettungseins\u00e4tze benutzt wurde, bis zu ihrer heutigen Flotte mit zehn Helikoptern.<\/p>\n<p>Im ersten Teil dieses Buches zum 50-j\u00e4hrigen Bestehen erinnert sich Beat H. Perren, Initiant und langj\u00e4hriger Verwaltungsratspr\u00e4sident der Air Zermatt, an die spannenden, aber auch turbulenten und teilweise schwierigen Gru\u0308ndungszeiten und die ersten Jahrzehnte, als das junge Helikopterunternehmen wichtige Kapitel der alpinen Bergrettungsgeschichte schrieb. In einem zweiten Teil stehen die heutige Air Zermatt und ihre Aktivit\u00e4ten im In- und Ausland, aber auch ihre Mitarbeitenden im Vordergrund.<\/p>\n<p>488 Seiten, \u00fcber 450 Abbildungen<br \/>\nPappband, Leineneinband u. Schutzumschlag<\/p>","protected":false},"excerpt":{"rendered":"<p>50 Jahre Air Zermatt Das Jahr 2018\u00a0war ein besonderes Jahr fu\u0308r die Air Zermatt. Das Oberwalliser Helikopterunternehmen\u00a0durfte das 50-j\u00e4hrige Bestehen feiern. Seit der Gru\u0308ndung 1968 bis heute hat die Air Zermatt eine beeindruckende und interessante Geschichte erlebt und sich konstant weiterentwickelt: vom ersten \u00abeinfachen\u00bb Helikopter, welcher auch fu\u0308r Rettungseins\u00e4tze benutzt wurde, bis zu ihrer heutigen [&#8230;]\n","protected":false},"featured_media":159665,"template":"","meta":[],"product_brand":[],"product_cat":[21542],"product_tag":[],"class_list":{"0":"post-159664","1":"product","2":"type-product","3":"status-publish","4":"has-post-thumbnail","6":"product_cat-sachbuecher-dokumentationen","7":"pa_autor-perren-theler-biner","8":"pa_erscheinungsjahr-21546","9":"pa_region-schweiz","10":"pa_sprache-de","12":"first","13":"onbackorder","14":"taxable","15":"shipping-taxable","16":"purchasable","17":"product-type-simple"},"_links":{"self":[{"href":"https:\/\/pizbube.ch\/en\/wp-json\/wp\/v2\/product\/159664","targetHints":{"allow":["GET"]}}],"collection":[{"href":"https:\/\/pizbube.ch\/en\/wp-json\/wp\/v2\/product"}],"about":[{"href":"https:\/\/pizbube.ch\/en\/wp-json\/wp\/v2\/types\/product"}],"wp:featuredmedia":[{"embeddable":true,"href":"https:\/\/pizbube.ch\/en\/wp-json\/wp\/v2\/media\/159665"}],"wp:attachment":[{"href":"https:\/\/pizbube.ch\/en\/wp-json\/wp\/v2\/media?parent=159664"}],"wp:term":[{"taxonomy":"product_brand","embeddable":true,"href":"https:\/\/pizbube.ch\/en\/wp-json\/wp\/v2\/product_brand?post=159664"},{"taxonomy":"product_cat","embeddable":true,"href":"https:\/\/pizbube.ch\/en\/wp-json\/wp\/v2\/product_cat?post=159664"},{"taxonomy":"product_tag","embeddable":true,"href":"https:\/\/pizbube.ch\/en\/wp-json\/wp\/v2\/product_tag?post=159664"}],"curies":[{"name":"wp","href":"https:\/\/api.w.org\/{rel}","templated":true}]}}