{"id":159673,"date":"2021-11-17T17:55:17","date_gmt":"2021-11-17T16:55:17","guid":{"rendered":"https:\/\/pizbube.ch\/?post_type=product&#038;p=159673"},"modified":"2021-11-24T12:53:04","modified_gmt":"2021-11-24T11:53:04","slug":"die-wilden-alten","status":"publish","type":"product","link":"https:\/\/pizbube.ch\/en\/shop\/die-wilden-alten\/","title":{"rendered":"Die wilden Alten"},"content":{"rendered":"<div class=\"biblioSubTitle\">\n<p><span class=\"value\">Zehn Extrembergsteiger &#8211; ein Leben lang am Limit<\/span><\/p>\n<p>Einst geh\u00f6rten sie zu den ganz Gro\u00dfen ihrer Zunft. Einige von ihnen schrieben sogar Alpingeschichte, wie <strong>Peter Habeler<\/strong>, als er zusammen mit Reinhold Messner am 8. Mai 1978 den Gipfel des Mount Everest ohne Flaschensauerstoff erreichte. <strong>Bernd Arnold<\/strong> war zwar in seiner Heimat, dem Elbsandsteingebirge, lange Zeit in der \u00abvernagelten Welt\u00bb der DDR von der Entwicklung des internationalen Bergsteigens abgeschnitten, er schob aber in den heimischen Felsen die Grenzen des damals Menschenm\u00f6glichen weit hinaus. <strong>Pit Schubert<\/strong> war nicht nur einer der Ersten, der die drei gro\u00dfen Nordw\u00e4nde der Alpen durchstieg, er trug mit seinen Untersuchungen und zahlreichen Publikationen erheblich dazu bei, das Bergsteigen wesentlich sicherer zu machen.<\/p>\n<\/div>\n<div>\n<p>Und heute gehen die zehn Protagonisten dieses Buches ihrer Leidenschaft, dem Klettern und Bergsteigen noch immer nach, nicht selten in hohen Schwierigkeitsgraden. Dabei zeichnete sich ein weiteres Mal <strong>Peter Habeler<\/strong> aus, als er im M\u00e4rz 2017 als fast 75-J\u00e4hriger die Eiger-Nordwand durchstieg. <strong>Otti Wiedmann<\/strong> hebt sich von allen anderen Spitzenkletterern dadurch ab, dass er \u00fcber eine ungemein lange Zeitspanne extrem klettert. Und der 97-J\u00e4hrige Schweizer <strong>Marcel Remy<\/strong> (Jahrgang 1923) klettert noch immer im VI. Schwierigkeitsgrad. Sein Beispiel zeigt zudem, dass auch schwere gesundheitliche Probleme \u2013 u.a. zwei H\u00fcftprothesen und ein Herzschrittmacher \u2013 nicht unbedingt ein Hindernis sein m\u00fcssen, um auch weiterhin der Bergleidenschaft nachzugehen. Seine S\u00f6hne <strong>Claude<\/strong> und <strong>Yves Remy<\/strong> zeichnen sich durch vier Jahrzehnte unerm\u00fcdliche Erschlie\u00dfert\u00e4tigkeit aus.<\/p>\n<p>Die Portraits von <strong>Walter Spitzenst\u00e4tter, Manfred Strum<\/strong>\u00a0und <strong>Oswald Oelz<\/strong> runden dieses wunderbare Werk von Ulrich Remanofsky ab und zeigen, warum Bergsteigen und Klettern in ganz besonderer Weise zu allen Aspekten der individuellen Gesundheit bis ins h\u00f6chste Alter beitragen k\u00f6nnen.<\/p>\n<\/div>\n<div>224 Seiten<br \/>\nFormat 21,0 x 14,5 cm,<br \/>\nzahlreiche SW-Abbildungen,<br \/>\ndarunter\u00a0 viele Originalfotos<\/div>","protected":false},"excerpt":{"rendered":"<p>Zehn Extrembergsteiger &#8211; ein Leben lang am Limit Einst geh\u00f6rten sie zu den ganz Gro\u00dfen ihrer Zunft. Einige von ihnen schrieben sogar Alpingeschichte, wie Peter Habeler, als er zusammen mit Reinhold Messner am 8. Mai 1978 den Gipfel des Mount Everest ohne Flaschensauerstoff erreichte. Bernd Arnold war zwar in seiner Heimat, dem Elbsandsteingebirge, lange Zeit [&#8230;]\n","protected":false},"featured_media":159674,"template":"","meta":[],"product_brand":[],"product_cat":[21542],"product_tag":[],"class_list":{"0":"post-159673","1":"product","2":"type-product","3":"status-publish","4":"has-post-thumbnail","6":"product_cat-sachbuecher-dokumentationen","7":"pa_autor-remanofsky","8":"pa_erscheinungsjahr-25440","9":"pa_region-uebrigers-europa","10":"pa_sprache-de","12":"first","13":"instock","14":"taxable","15":"shipping-taxable","16":"purchasable","17":"product-type-simple"},"_links":{"self":[{"href":"https:\/\/pizbube.ch\/en\/wp-json\/wp\/v2\/product\/159673","targetHints":{"allow":["GET"]}}],"collection":[{"href":"https:\/\/pizbube.ch\/en\/wp-json\/wp\/v2\/product"}],"about":[{"href":"https:\/\/pizbube.ch\/en\/wp-json\/wp\/v2\/types\/product"}],"wp:featuredmedia":[{"embeddable":true,"href":"https:\/\/pizbube.ch\/en\/wp-json\/wp\/v2\/media\/159674"}],"wp:attachment":[{"href":"https:\/\/pizbube.ch\/en\/wp-json\/wp\/v2\/media?parent=159673"}],"wp:term":[{"taxonomy":"product_brand","embeddable":true,"href":"https:\/\/pizbube.ch\/en\/wp-json\/wp\/v2\/product_brand?post=159673"},{"taxonomy":"product_cat","embeddable":true,"href":"https:\/\/pizbube.ch\/en\/wp-json\/wp\/v2\/product_cat?post=159673"},{"taxonomy":"product_tag","embeddable":true,"href":"https:\/\/pizbube.ch\/en\/wp-json\/wp\/v2\/product_tag?post=159673"}],"curies":[{"name":"wp","href":"https:\/\/api.w.org\/{rel}","templated":true}]}}