{"id":159677,"date":"2021-11-18T10:50:09","date_gmt":"2021-11-18T09:50:09","guid":{"rendered":"https:\/\/pizbube.ch\/?post_type=product&#038;p=159677"},"modified":"2021-12-14T09:33:36","modified_gmt":"2021-12-14T08:33:36","slug":"mountain-girls","status":"publish","type":"product","link":"https:\/\/pizbube.ch\/en\/shop\/mountain-girls\/","title":{"rendered":"Mountain Girls"},"content":{"rendered":"<div>\n<div class=\"row pb-5\">\n<div class=\"col-sm\">\n<div>\n<p>Gemeinsam die sch\u00f6nsten Gipfel st\u00fcrmen, untereinander Erfahrungen austauschen und sich gegenseitig zu neuen Abenteuern inspirieren \u2013 das ist der Grundgedanke der Munich Mountain Girls. Als Netzwerk bergbegeisterter Frauen geht es ihnen nicht um H\u00f6chstleistung und Konkurrenz, vielmehr um die geteilte Liebe zur Natur und zum Drau\u00dfensein, ob beim Bergsteigen, Klettern, Wandern, Skifahren oder Mountainbiken. In diesem Bildband erz\u00e4hlen sie von dieser verbindenden Leidenschaft, in pers\u00f6nlichen Stories und Erlebnisberichten, eindrucksvollen Fotoreportagen und spannenden Interviews.<\/p>\n<\/div>\n<\/div>\n<\/div>\n<div class=\"column-count-md-2\">\n<p>Sie verraten ihre Lieblingstouren, berichten von den sch\u00f6nsten Momenten ebenso wie von Grenzerfahrungen und \u00c4ngsten, geben wertvolle Tipps f\u00fcr Ausr\u00fcstung, Verpflegung und Motivation: Was muss ich beim Rucksackpacken beachten? Wie geht nachhaltiger Bergsport? Wie ver\u00e4ndert ein Kind mein Bergleben? Was lehrt mich der Berg f\u00fcrs Leben? Vom Exkurs \u00fcber Frauen in der Bergwacht bis zum Rezepttipp f\u00fcr den besten Kaiserschmarrn, bebildert mit spektakul\u00e4ren Outdoor-Fotografien und Illustrationen, er\u00f6ffnet dieses Buch eine kraftvolle weibliche Perspektive auf die Faszination f\u00fcr die Bergwelt.<\/p>\n<p><span class=\"value\">Gemeinsam unterwegs in der Bergwelt &#8211; [Bildband mit Inspirationen, Reportagen, Interviews und Tourentipps]\n<span class=\"expandableText\"><span class=\"intro\">F\u00fcr Bergfreundinnen: Ein Buch \u00fcber die Liebe zur Bergwelt, zur Natur, zum Abenteuer<\/span><\/span><\/span><\/p>\n<\/div>\n<\/div>\n<div class=\"biblios\">\n<div class=\"pb-1\">Hardcover, Pappband, 208 Seiten, 21,0 x 26,0 cm, 160 farbige Abbildungen<\/div>\n<div class=\"pb-1\">Gedruckt auf Naturpapier mit Coverpr\u00e4gung<\/div>\n<\/div>\n","protected":false},"excerpt":{"rendered":"<p>Gemeinsam die sch\u00f6nsten Gipfel st\u00fcrmen, untereinander Erfahrungen austauschen und sich gegenseitig zu neuen Abenteuern inspirieren \u2013 das ist der Grundgedanke der Munich Mountain Girls. Als Netzwerk bergbegeisterter Frauen geht es ihnen nicht um H\u00f6chstleistung und Konkurrenz, vielmehr um die geteilte Liebe zur Natur und zum Drau\u00dfensein, ob beim Bergsteigen, Klettern, Wandern, Skifahren oder Mountainbiken. In [&#8230;]\n","protected":false},"featured_media":159678,"template":"","meta":[],"product_brand":[],"product_cat":[21542],"product_tag":[],"class_list":{"0":"post-159677","1":"product","2":"type-product","3":"status-publish","4":"has-post-thumbnail","6":"product_cat-sachbuecher-dokumentationen","7":"pa_autor-munich-mountain-girls-sobczyszyn-ramb","8":"pa_erscheinungsjahr-25440","9":"pa_region-deutschland","10":"pa_sprache-de","12":"first","13":"instock","14":"taxable","15":"shipping-taxable","16":"purchasable","17":"product-type-simple"},"_links":{"self":[{"href":"https:\/\/pizbube.ch\/en\/wp-json\/wp\/v2\/product\/159677","targetHints":{"allow":["GET"]}}],"collection":[{"href":"https:\/\/pizbube.ch\/en\/wp-json\/wp\/v2\/product"}],"about":[{"href":"https:\/\/pizbube.ch\/en\/wp-json\/wp\/v2\/types\/product"}],"wp:featuredmedia":[{"embeddable":true,"href":"https:\/\/pizbube.ch\/en\/wp-json\/wp\/v2\/media\/159678"}],"wp:attachment":[{"href":"https:\/\/pizbube.ch\/en\/wp-json\/wp\/v2\/media?parent=159677"}],"wp:term":[{"taxonomy":"product_brand","embeddable":true,"href":"https:\/\/pizbube.ch\/en\/wp-json\/wp\/v2\/product_brand?post=159677"},{"taxonomy":"product_cat","embeddable":true,"href":"https:\/\/pizbube.ch\/en\/wp-json\/wp\/v2\/product_cat?post=159677"},{"taxonomy":"product_tag","embeddable":true,"href":"https:\/\/pizbube.ch\/en\/wp-json\/wp\/v2\/product_tag?post=159677"}],"curies":[{"name":"wp","href":"https:\/\/api.w.org\/{rel}","templated":true}]}}