{"id":159682,"date":"2021-11-18T11:29:52","date_gmt":"2021-11-18T10:29:52","guid":{"rendered":"https:\/\/pizbube.ch\/?post_type=product&#038;p=159682"},"modified":"2021-11-18T12:29:30","modified_gmt":"2021-11-18T11:29:30","slug":"die-ultimative-bergsteiger-bucket-list","status":"publish","type":"product","link":"https:\/\/pizbube.ch\/en\/shop\/die-ultimative-bergsteiger-bucket-list\/","title":{"rendered":"Die ultimative Bergsteiger-Bucket-List"},"content":{"rendered":"<div class=\"biblioSubTitle\">\n<p><span class=\"value\">50 gro\u00dfartige Erlebnisse: Touren, Orte und Events<\/span><\/p>\n<p><span class=\"value\">Was macht echte Bergsteiger aus?<br \/>\nWo m\u00fcssen sie unterwegs gewesen sein, welche Disziplinen beherrschen?<\/span><\/p>\n<p><span class=\"value\">Die Antworten \u00fcberraschen. Denn vor allem m\u00fcssen Alpinisten ihre Tr\u00e4ume ausleben und daf\u00fcr ihr Handwerk beherrschen. Sie sollten so an die Sache rangehen, dass sie, ihre Begleiter und auch die anderen am Berg m\u00f6glichst sicher unterwegs sind und Freude haben. Es geht darum, gro\u00dfartige Ziele zu finden und zu wissen, wie man diese erreichen kann.<\/span><\/p>\n<\/div>\n<div>192 Seiten, 150 Abbildungen; Format 12,0 x 18,5 cm; Broschur mit Fadenheftung<\/div>","protected":false},"excerpt":{"rendered":"<p>50 gro\u00dfartige Erlebnisse: Touren, Orte und Events Was macht echte Bergsteiger aus? Wo m\u00fcssen sie unterwegs gewesen sein, welche Disziplinen beherrschen? Die Antworten \u00fcberraschen. Denn vor allem m\u00fcssen Alpinisten ihre Tr\u00e4ume ausleben und daf\u00fcr ihr Handwerk beherrschen. Sie sollten so an die Sache rangehen, dass sie, ihre Begleiter und auch die anderen am Berg m\u00f6glichst [&#8230;]\n","protected":false},"featured_media":159683,"template":"","meta":[],"product_brand":[],"product_cat":[21542],"product_tag":[],"class_list":{"0":"post-159682","1":"product","2":"type-product","3":"status-publish","4":"has-post-thumbnail","6":"product_cat-sachbuecher-dokumentationen","7":"pa_autor-eberhard","8":"pa_erscheinungsjahr-25440","9":"pa_region-deutschland","10":"pa_sprache-de","12":"first","13":"instock","14":"taxable","15":"shipping-taxable","16":"purchasable","17":"product-type-simple"},"_links":{"self":[{"href":"https:\/\/pizbube.ch\/en\/wp-json\/wp\/v2\/product\/159682","targetHints":{"allow":["GET"]}}],"collection":[{"href":"https:\/\/pizbube.ch\/en\/wp-json\/wp\/v2\/product"}],"about":[{"href":"https:\/\/pizbube.ch\/en\/wp-json\/wp\/v2\/types\/product"}],"wp:featuredmedia":[{"embeddable":true,"href":"https:\/\/pizbube.ch\/en\/wp-json\/wp\/v2\/media\/159683"}],"wp:attachment":[{"href":"https:\/\/pizbube.ch\/en\/wp-json\/wp\/v2\/media?parent=159682"}],"wp:term":[{"taxonomy":"product_brand","embeddable":true,"href":"https:\/\/pizbube.ch\/en\/wp-json\/wp\/v2\/product_brand?post=159682"},{"taxonomy":"product_cat","embeddable":true,"href":"https:\/\/pizbube.ch\/en\/wp-json\/wp\/v2\/product_cat?post=159682"},{"taxonomy":"product_tag","embeddable":true,"href":"https:\/\/pizbube.ch\/en\/wp-json\/wp\/v2\/product_tag?post=159682"}],"curies":[{"name":"wp","href":"https:\/\/api.w.org\/{rel}","templated":true}]}}