{"id":159702,"date":"2021-11-19T09:55:29","date_gmt":"2021-11-19T08:55:29","guid":{"rendered":"https:\/\/pizbube.ch\/?post_type=product&#038;p=159702"},"modified":"2024-06-20T14:13:35","modified_gmt":"2024-06-20T12:13:35","slug":"schitouren-atlas-oesterreich-ost","status":"publish","type":"product","link":"https:\/\/pizbube.ch\/en\/shop\/schitouren-atlas-oesterreich-ost\/","title":{"rendered":"Schitouren-Atlas \u00d6sterreich Ost"},"content":{"rendered":"<p>\u00dcber 500 Schigipfel mit ca. 1.000 Tourenabfahrten!<\/p>\n<p>Nieder\u00f6sterreich\/Wiener Alpen, Ober\u00f6sterreich, Steiermark, Salzkammergut, Lungau. Inkl. Specials zu Schnee\u00adberg\/Rax, Schneealpe, G\u00f6ller, \u00d6tscher u. Veitsch!<\/p>\n<p>Der beliebte, gro\u00dfe Klassiker und Topseller des Schall-Verlages bereits in 10. Auflage &#8211; komplett aktualisiert!<br \/>\nEine neue Dimension von Schitourenf\u00fchrern, welche auch in Sachen Handling, Aufmachung,\u00a0 Information und Umfang wieder neue Ma\u00dfst\u00e4be setzt!<\/p>\n<p>Im bew\u00e4hrten Ringbuchsystem, mit herausnehmbaren Tourenbl\u00e4ttern (inkl. robuster Schutzh\u00fclle zum Einlegen der Tourenbl\u00e4tter).<br \/>\nIn\u00a0 Zusammenarbeit mit den besten Gebietskennern und Autoren, Bergrettern, sowie kompetenten Bergf\u00fchrern.<br \/>\nMit Fotos von Top-Fotografen wie Herbert Raffalt, Wolfgang Heitzmann, Willi End, Adi Mokrejs, Ernst Kren, Paul Sodamin, u.a.<\/p>\n<p>Informative Flugaufnahmen von vielen Schibergen und Gipfeln.<br \/>\nGPS-Daten zu fast allen Touren + Links zu Touren-Tracks.<br \/>\nSki-History mit humorvollen Geschichten und historischen Ereignissen.<\/p>\n<p>\u00dcbersichtliches Layout mit allen notwendigen Informationen und Daten.<br \/>\nKartenausschnitte mit genauem Routenverlauf + Varianten, Snowboardeignung, Insidertipps, usw.<br \/>\nAusf\u00fchrlicher Einleitungsteil mit Beitr\u00e4gen des AV-Lehrteams, Stop or Go, kl. Lawinenkunde, Strategie, usw.<\/p>\n<p>10. Aufl. 15 November 2021, 576 Seiten, \u00fcber 1.000 Farbfotos u. Abbildungen.<br \/>\nRingbuch-Mappe mit stabiler 4-Loch-Ringmechanik und Tourenbl\u00e4ttern zum Mitnehmen auf Tour.<\/p>","protected":false},"excerpt":{"rendered":"<p><strong><a href=\"https:\/\/pizbube.ch\/wp-content\/uploads\/2021\/11\/Schitourenatlas_Oesterreich_Ost-Inhaltsverzeichnis.pdf\" target=\"_blank\" rel=\"noopener\">Schitourenatlas_\u00d6sterreich_Ost-Inhaltsverzeichnis<\/a><\/strong><\/p>","protected":false},"featured_media":159703,"template":"","meta":[],"product_brand":[],"product_cat":[21540],"product_tag":[26994],"class_list":{"0":"post-159702","1":"product","2":"type-product","3":"status-publish","4":"has-post-thumbnail","6":"product_cat-fuehrerliteratur-alpin-winter","7":"product_tag-schitourenatlas-oesterreich-ost","8":"pa_autor-mokrejs-schall-ladenbauer","9":"pa_erscheinungsjahr-25440","10":"pa_region-oesterreich","11":"pa_sprache-de","13":"first","14":"instock","15":"taxable","16":"shipping-taxable","17":"purchasable","18":"product-type-simple"},"_links":{"self":[{"href":"https:\/\/pizbube.ch\/en\/wp-json\/wp\/v2\/product\/159702","targetHints":{"allow":["GET"]}}],"collection":[{"href":"https:\/\/pizbube.ch\/en\/wp-json\/wp\/v2\/product"}],"about":[{"href":"https:\/\/pizbube.ch\/en\/wp-json\/wp\/v2\/types\/product"}],"wp:featuredmedia":[{"embeddable":true,"href":"https:\/\/pizbube.ch\/en\/wp-json\/wp\/v2\/media\/159703"}],"wp:attachment":[{"href":"https:\/\/pizbube.ch\/en\/wp-json\/wp\/v2\/media?parent=159702"}],"wp:term":[{"taxonomy":"product_brand","embeddable":true,"href":"https:\/\/pizbube.ch\/en\/wp-json\/wp\/v2\/product_brand?post=159702"},{"taxonomy":"product_cat","embeddable":true,"href":"https:\/\/pizbube.ch\/en\/wp-json\/wp\/v2\/product_cat?post=159702"},{"taxonomy":"product_tag","embeddable":true,"href":"https:\/\/pizbube.ch\/en\/wp-json\/wp\/v2\/product_tag?post=159702"}],"curies":[{"name":"wp","href":"https:\/\/api.w.org\/{rel}","templated":true}]}}