{"id":159710,"date":"2021-11-19T16:54:39","date_gmt":"2021-11-19T15:54:39","guid":{"rendered":"https:\/\/pizbube.ch\/?post_type=product&#038;p=159710"},"modified":"2025-02-12T17:38:16","modified_gmt":"2025-02-12T16:38:16","slug":"world-ski-touring-guide","status":"publish","type":"product","link":"https:\/\/pizbube.ch\/en\/shop\/world-ski-touring-guide\/","title":{"rendered":"World Ski Touring Guide"},"content":{"rendered":"<p>We have selected the best ski touring routes from more than 40 countries. Be it close to home or on the other side of the world, the World Ski Touring Guide contains everything you need to know for your next trips: practical info, topos, maps, routes, etc. All the information in the book is written in French and English.<\/p>\n<p>Want to take your skis on vacation but not sure where? Got a burning desire to get really far off the beaten path? Or perhaps you&#8217;re just looking to daydream of faraway mountain ranges. Regardless, the World Ski Touring Guide provides over 300 pages of international ski touring inspiration choc-full of helpful maps, beta, and photos. However, this isn&#8217;t just a journey to the expected mountains of Europe, North America, and Japan (though they are included).<\/p>\n<p>This book is going to have you dreaming of making turns in mountains you&#8217;ve never even thought of such as Lebanon, Mongolia, South Korea, Uzbekistan, Morocco, and so many more intriguing regions. As editor Sylvio Egea says in the preface, &#171;Skiing is just a pretext to discover new places and cultures, to share unique moments with locals, to discover new perspectives and to learn to adapt &#8211; basically, to set off on an adventure!&#187; Get the planning gears turning and take a trip around the globe with the World Ski Touring Guide!<\/p>\n<p>\u25a0 308 pages<br \/>\n\u25a0 size 222 * 289mm<br \/>\n\u25a0 40 countries \/ 84 ranges<br \/>\n\u25a0 practical information, tips, routes, maps\u2026<br \/>\n\u25a0 <strong>Dual-language (French \/ English in the same book)<\/strong><\/p>\n<p>&nbsp;<\/p>\n<p>S\u00e9lection des meilleurs itin\u00e9raires de ski de rando r\u00e9partis dans plus de 40 pays diff\u00e9rents. Que ce soit en France ou \u00e0 l\u2019autre bout du monde pour un ski trip, vous trouverez dans ce livre \/magazine &#171;World Ski Touring Guide&#187; toutes les informations n\u00e9cessaires pour r\u00e9aliser vos r\u00eaves : infos pratiques, topos, cartes, trac\u00e9s des itin\u00e9raires\u2026<br \/>\nCe livre est traduit fran\u00e7ais \/ anglais.<br \/>\nSur les 308 pages de ce topo, + de 70 pages sont consacr\u00e9es \u00e0 la France et \u00e0 ses pays frontaliers.<br \/>\nA vous les plus belles sorties ski de rando de la plan\u00e8te!<br \/>\nVoyager avec ses skis de rando et r\u00e9aliser les plus beaux itin\u00e9raires : le r\u00eave<\/p>\n<p><strong>40\u00a0Pays :<\/strong> France &#8211; Andorre\u00a0&#8211; Espagne-Italie &#8211; Suisse &#8211; Autriche &#8211; Norv\u00e8ge &#8211; Su\u00e8de -Islande &#8211; Gr\u00e8ce &#8211; Maroc &#8211; Etats-Unis &#8211; Canada &#8211; Equateur &#8211; Chili &#8211; Argentine &#8211; Turquie &#8211; Iran &#8211; inde &#8211; Chine &#8211; Cor\u00e9e du Sud &#8211; Japon &#8211; Nouvelle Z\u00e9lande &#8211; Australie etc&#8230;<br \/>\n<strong>80\u00a0massifs<br \/>\n<\/strong>infos pratiques, topos d\u00e9taill\u00e9s et cartes<strong><br \/>\n<\/strong><strong>Type :<\/strong> Topo Ski de randonn\u00e9e<br \/>\n<strong>Format :<\/strong> 289 mm x 222 mm<br \/>\n<strong>Fa\u00e7onnage :<\/strong> Souple<br \/>\n308\u00a0pages<br \/>\n<strong>Langue :<\/strong> Fran\u00e7ais-Anglais \/ FRENCH-ENGLISH<\/p>","protected":false},"excerpt":{"rendered":"<p>We have selected the best ski touring routes from more than 40 countries. Be it close to home or on the other side of the world, the World Ski Touring Guide contains everything you need to know for your next trips: practical info, topos, maps, routes, etc. All the information in the book is written [&#8230;]\n","protected":false},"featured_media":159711,"template":"","meta":[],"product_brand":[],"product_cat":[21540],"product_tag":[26998,26997],"class_list":{"0":"post-159710","1":"product","2":"type-product","3":"status-publish","4":"has-post-thumbnail","6":"product_cat-fuehrerliteratur-alpin-winter","7":"product_tag-world-skitouring-guide","8":"product_tag-world-skitouringguide","9":"pa_autor-egea","10":"pa_erscheinungsjahr-25440","11":"pa_region-afrika","12":"pa_region-amerika-nord","13":"pa_region-amerika-sued","14":"pa_region-asien","15":"pa_region-griechenland","16":"pa_region-neuseeland","17":"pa_region-skandinavien-norwegen-schweden-finnland","18":"pa_region-uebrigers-europa","19":"pa_sprache-en-fr","21":"first","22":"instock","23":"taxable","24":"shipping-taxable","25":"purchasable","26":"product-type-simple"},"_links":{"self":[{"href":"https:\/\/pizbube.ch\/en\/wp-json\/wp\/v2\/product\/159710","targetHints":{"allow":["GET"]}}],"collection":[{"href":"https:\/\/pizbube.ch\/en\/wp-json\/wp\/v2\/product"}],"about":[{"href":"https:\/\/pizbube.ch\/en\/wp-json\/wp\/v2\/types\/product"}],"wp:featuredmedia":[{"embeddable":true,"href":"https:\/\/pizbube.ch\/en\/wp-json\/wp\/v2\/media\/159711"}],"wp:attachment":[{"href":"https:\/\/pizbube.ch\/en\/wp-json\/wp\/v2\/media?parent=159710"}],"wp:term":[{"taxonomy":"product_brand","embeddable":true,"href":"https:\/\/pizbube.ch\/en\/wp-json\/wp\/v2\/product_brand?post=159710"},{"taxonomy":"product_cat","embeddable":true,"href":"https:\/\/pizbube.ch\/en\/wp-json\/wp\/v2\/product_cat?post=159710"},{"taxonomy":"product_tag","embeddable":true,"href":"https:\/\/pizbube.ch\/en\/wp-json\/wp\/v2\/product_tag?post=159710"}],"curies":[{"name":"wp","href":"https:\/\/api.w.org\/{rel}","templated":true}]}}