{"id":159733,"date":"2021-11-20T11:03:28","date_gmt":"2021-11-20T10:03:28","guid":{"rendered":"https:\/\/pizbube.ch\/?post_type=product&#038;p=159733"},"modified":"2025-02-13T12:51:44","modified_gmt":"2025-02-13T11:51:44","slug":"sauber-on-sight","status":"publish","type":"product","link":"https:\/\/pizbube.ch\/en\/shop\/sauber-on-sight\/","title":{"rendered":"Sauber on sight"},"content":{"rendered":"<p>Neuauflage von Erbses erstem legend\u00e4rem ersten Klettercomic!<\/p>\n<p>Eberhard K\u00f6pf, bekannt als &#171;Erbse&#187;, zeichnet sich f\u00fcr den Inhalt dieses Buch verantwortlich.<br \/>\nAus der Kletterszene ist er nicht mehr wegzudenken. Er wurde durch die Ver\u00f6ffentlichungen im Magazin &#171;Klettern&#187; bekannt und karikiert seit 20 Jahren f\u00fcr die DAV Mitgliederzeitschrift &#171;Panorama&#187;.<\/p>\n<p>Dies ist der erste Band seiner Comicb\u00fccher, der in erg\u00e4nzter Neuauflage erscheint.<\/p>\n<p>Kommentierte Neuauflage 2021, 64 Seiten<\/p>","protected":false},"excerpt":{"rendered":"<p>Neuauflage von Erbses erstem legend\u00e4rem ersten Klettercomic! Eberhard K\u00f6pf, bekannt als &#171;Erbse&#187;, zeichnet sich f\u00fcr den Inhalt dieses Buch verantwortlich. Aus der Kletterszene ist er nicht mehr wegzudenken. Er wurde durch die Ver\u00f6ffentlichungen im Magazin &#171;Klettern&#187; bekannt und karikiert seit 20 Jahren f\u00fcr die DAV Mitgliederzeitschrift &#171;Panorama&#187;. Dies ist der erste Band seiner Comicb\u00fccher, der [&#8230;]\n","protected":false},"featured_media":159734,"template":"","meta":[],"product_brand":[],"product_cat":[21881],"product_tag":[27001],"class_list":{"0":"post-159733","1":"product","2":"type-product","3":"status-publish","4":"has-post-thumbnail","6":"product_cat-comics","7":"product_tag-klettercomics","8":"pa_autor-koepf","9":"pa_erscheinungsjahr-25440","10":"pa_region-deutschland","11":"pa_sprache-de","13":"first","14":"instock","15":"taxable","16":"shipping-taxable","17":"purchasable","18":"product-type-simple"},"_links":{"self":[{"href":"https:\/\/pizbube.ch\/en\/wp-json\/wp\/v2\/product\/159733","targetHints":{"allow":["GET"]}}],"collection":[{"href":"https:\/\/pizbube.ch\/en\/wp-json\/wp\/v2\/product"}],"about":[{"href":"https:\/\/pizbube.ch\/en\/wp-json\/wp\/v2\/types\/product"}],"wp:featuredmedia":[{"embeddable":true,"href":"https:\/\/pizbube.ch\/en\/wp-json\/wp\/v2\/media\/159734"}],"wp:attachment":[{"href":"https:\/\/pizbube.ch\/en\/wp-json\/wp\/v2\/media?parent=159733"}],"wp:term":[{"taxonomy":"product_brand","embeddable":true,"href":"https:\/\/pizbube.ch\/en\/wp-json\/wp\/v2\/product_brand?post=159733"},{"taxonomy":"product_cat","embeddable":true,"href":"https:\/\/pizbube.ch\/en\/wp-json\/wp\/v2\/product_cat?post=159733"},{"taxonomy":"product_tag","embeddable":true,"href":"https:\/\/pizbube.ch\/en\/wp-json\/wp\/v2\/product_tag?post=159733"}],"curies":[{"name":"wp","href":"https:\/\/api.w.org\/{rel}","templated":true}]}}