{"id":159853,"date":"2021-11-30T15:14:45","date_gmt":"2021-11-30T14:14:45","guid":{"rendered":"https:\/\/pizbube.ch\/?post_type=product&#038;p=159853"},"modified":"2023-12-22T12:29:36","modified_gmt":"2023-12-22T11:29:36","slug":"escalada-en-malaga-sur-climbing-in-southern-malaga","status":"publish","type":"product","link":"https:\/\/pizbube.ch\/en\/shop\/escalada-en-malaga-sur-climbing-in-southern-malaga\/","title":{"rendered":"Escalada en M\u00e1laga Sur &#8211; Climbing in Southern M\u00e1laga"},"content":{"rendered":"<p>Esta gu\u00eda contempla el Sur de M\u00e1laga. Recoge informativamente zonas de escalada deportiva, con v\u00edas equipadas por diversos escaladores. Por tanto susceptibles de ser visitadas por aficionados a la escalada.<br \/>\nLa gu\u00eda desarrolla con amplitud cada zona de escalada con croquis a mayor tama\u00f1o e incluso mostrando diferentes vistas de un mismo sector.<\/p>\n<p>Una publicaci\u00f3n a todo color, con croquis sobre fotos, mapas de aproximaci\u00f3n, datos de parking con GPS&#8230;Textos en espa\u00f1ol e ingl\u00e9s que cuentan un poco de cada una de las 28 zonas de escalada que componen la geograf\u00eda sur de M\u00e1laga. El Sur de M\u00e1laga, lo hemos considerado, trazando una linea imaginaria que comienza en M\u00e1laga capital hasta pasar por debajo de El Chorro. La Gu\u00eda no contiene El Chorro. S\u00ed las zonas de Desplomilandia y Pozo de la Mona, a partir de este punto y hasta la frontera con C\u00e1diz, \u00a1todas las zona de escalada! Las de la Costa del Sol, las cercanas a El Chorro y las de las sierras interiores:<\/p>\n<p>SAN ANTON, BUDA,MIJAS<br \/>\nBUSCA, BUSCA, PUERTO RICO, PLACAS DEL CURA, LOS PEDREGALES, ARROYO VAQUEROS, CASARES, CHULLERA, DESPLOMILANDIA, POZO DE LA MONA, PARED BUFONES, TAJO DEL MOLINO, EL CASTILLO DE TEBA, EL TAJO DE LOS ROJOS (TEBA), TUR\u00d3N, CA\u00d1ETE LA REAL, ZONAS DE SIERRA ORTEGICAR, GAUCIN, PUERTO DEL VIENTO, TAJO DEL ABANICO&#8230;.<\/p>\n<p>Ha sido un enorme trabajo de recopilaci\u00f3n en el que me han ayudado muchos escaladores locales, y que sin su ayuda no hubiera podido afinar tanto la informaci\u00f3n detalla que aparece en la Gu\u00eda. Se ha exprimido al m\u00e1ximo la fecha de impresi\u00f3n, incluyendo las ultimas v\u00edas equipadas hasta incluso octubre.<\/p>\n<p>292 pages<br \/>\n2a edicion 2023<\/p>","protected":false},"excerpt":{"rendered":"<p>Esta gu\u00eda contempla el Sur de M\u00e1laga. Recoge informativamente zonas de escalada deportiva, con v\u00edas equipadas por diversos escaladores. Por tanto susceptibles de ser visitadas por aficionados a la escalada. La gu\u00eda desarrolla con amplitud cada zona de escalada con croquis a mayor tama\u00f1o e incluso mostrando diferentes vistas de un mismo sector. Una publicaci\u00f3n [&#8230;]\n","protected":false},"featured_media":168913,"template":"","meta":[],"product_brand":[],"product_cat":[21539],"product_tag":[],"class_list":{"0":"post-159853","1":"product","2":"type-product","3":"status-publish","4":"has-post-thumbnail","6":"product_cat-fuehrerliteratur-sportklettern-bouldern","7":"pa_autor-munilla","8":"pa_erscheinungsjahr-27129","9":"pa_region-spanien","10":"pa_sprache-es-en","12":"first","13":"instock","14":"taxable","15":"shipping-taxable","16":"purchasable","17":"product-type-simple"},"_links":{"self":[{"href":"https:\/\/pizbube.ch\/en\/wp-json\/wp\/v2\/product\/159853","targetHints":{"allow":["GET"]}}],"collection":[{"href":"https:\/\/pizbube.ch\/en\/wp-json\/wp\/v2\/product"}],"about":[{"href":"https:\/\/pizbube.ch\/en\/wp-json\/wp\/v2\/types\/product"}],"wp:featuredmedia":[{"embeddable":true,"href":"https:\/\/pizbube.ch\/en\/wp-json\/wp\/v2\/media\/168913"}],"wp:attachment":[{"href":"https:\/\/pizbube.ch\/en\/wp-json\/wp\/v2\/media?parent=159853"}],"wp:term":[{"taxonomy":"product_brand","embeddable":true,"href":"https:\/\/pizbube.ch\/en\/wp-json\/wp\/v2\/product_brand?post=159853"},{"taxonomy":"product_cat","embeddable":true,"href":"https:\/\/pizbube.ch\/en\/wp-json\/wp\/v2\/product_cat?post=159853"},{"taxonomy":"product_tag","embeddable":true,"href":"https:\/\/pizbube.ch\/en\/wp-json\/wp\/v2\/product_tag?post=159853"}],"curies":[{"name":"wp","href":"https:\/\/api.w.org\/{rel}","templated":true}]}}