{"id":159856,"date":"2021-11-30T15:42:14","date_gmt":"2021-11-30T14:42:14","guid":{"rendered":"https:\/\/pizbube.ch\/?post_type=product&#038;p=159856"},"modified":"2021-12-11T11:34:51","modified_gmt":"2021-12-11T10:34:51","slug":"escalada-al-moianes","status":"publish","type":"product","link":"https:\/\/pizbube.ch\/en\/shop\/escalada-al-moianes\/","title":{"rendered":"Escalada al Moian\u00e8s"},"content":{"rendered":"<p>RECULL D&#8217;ININERARIS D&#8217;ESCALDA ESPORTIVA A L&#8217;ALTIPL\u00c0 DE LA CATALUNYA CENTRAL<br \/>\n4 arees &#8211; 25 sectors &#8211; 1062 vies<\/p>\n<p>En la Gu\u00eda de Escalada del Moian\u00e8s encontrar\u00e1 toda la informaci\u00f3n necesaria para la pr\u00e1ctica de la escalada en la comarca.<br \/>\nLa gu\u00eda est\u00e1 dividida en 4 grandes \u00e1reas:<\/p>\n<p>Calders, Moi\u00e0, Collsuspina y Sant Quirze Safaja, cada una con sus sectores.<\/p>\n<p>Todas las rese\u00f1as se han dibujado a mano alzada a pie de v\u00eda y se han pintado en acuarela.<\/p>\n<p>236 pages<\/p>","protected":false},"excerpt":{"rendered":"<p>RECULL D&#8217;ININERARIS D&#8217;ESCALDA ESPORTIVA A L&#8217;ALTIPL\u00c0 DE LA CATALUNYA CENTRAL 4 arees &#8211; 25 sectors &#8211; 1062 vies En la Gu\u00eda de Escalada del Moian\u00e8s encontrar\u00e1 toda la informaci\u00f3n necesaria para la pr\u00e1ctica de la escalada en la comarca. La gu\u00eda est\u00e1 dividida en 4 grandes \u00e1reas: Calders, Moi\u00e0, Collsuspina y Sant Quirze Safaja, cada [&#8230;]\n","protected":false},"featured_media":159857,"template":"","meta":[],"product_brand":[],"product_cat":[21539],"product_tag":[],"class_list":{"0":"post-159856","1":"product","2":"type-product","3":"status-publish","4":"has-post-thumbnail","6":"product_cat-fuehrerliteratur-sportklettern-bouldern","7":"pa_autor-collectivo-autoedicion","8":"pa_erscheinungsjahr-25440","9":"pa_region-spanien","10":"pa_sprache-es","12":"first","13":"instock","14":"taxable","15":"shipping-taxable","16":"purchasable","17":"product-type-simple"},"_links":{"self":[{"href":"https:\/\/pizbube.ch\/en\/wp-json\/wp\/v2\/product\/159856","targetHints":{"allow":["GET"]}}],"collection":[{"href":"https:\/\/pizbube.ch\/en\/wp-json\/wp\/v2\/product"}],"about":[{"href":"https:\/\/pizbube.ch\/en\/wp-json\/wp\/v2\/types\/product"}],"wp:featuredmedia":[{"embeddable":true,"href":"https:\/\/pizbube.ch\/en\/wp-json\/wp\/v2\/media\/159857"}],"wp:attachment":[{"href":"https:\/\/pizbube.ch\/en\/wp-json\/wp\/v2\/media?parent=159856"}],"wp:term":[{"taxonomy":"product_brand","embeddable":true,"href":"https:\/\/pizbube.ch\/en\/wp-json\/wp\/v2\/product_brand?post=159856"},{"taxonomy":"product_cat","embeddable":true,"href":"https:\/\/pizbube.ch\/en\/wp-json\/wp\/v2\/product_cat?post=159856"},{"taxonomy":"product_tag","embeddable":true,"href":"https:\/\/pizbube.ch\/en\/wp-json\/wp\/v2\/product_tag?post=159856"}],"curies":[{"name":"wp","href":"https:\/\/api.w.org\/{rel}","templated":true}]}}