{"id":159988,"date":"2021-12-09T09:46:22","date_gmt":"2021-12-09T08:46:22","guid":{"rendered":"https:\/\/pizbube.ch\/?post_type=product&#038;p=159988"},"modified":"2024-07-10T09:28:54","modified_gmt":"2024-07-10T07:28:54","slug":"a-womans-place-fundstuecke-von-bergsteigerinnen-aus-der-sammlung-ein-postkartenbuch","status":"publish","type":"product","link":"https:\/\/pizbube.ch\/en\/shop\/a-womans-place-fundstuecke-von-bergsteigerinnen-aus-der-sammlung-ein-postkartenbuch\/","title":{"rendered":"A Woman\u2019s Place Fundst\u00fccke von Bergsteigerinnen aus der Sammlung. Ein Postkartenbuch"},"content":{"rendered":"<div class=\"acc_author\">\n<p>Seit den Anf\u00e4ngen des Alpinismus sind Frauen in den Bergen unterwegs. Sie organisieren Hochtouren, besteigen Gipfel, halten Aussichten und Leistungen fotografisch fest und erz\u00e4hlen in Berichten von ihren Erlebnissen. Dennoch sind ihre Geschichten in der \u00d6ffentlichkeit wenig bekannt und in der Sammlung des Alpinen Museums der Schweiz kaum dokumentiert.<\/p>\n<p>Diesem Umstand wirkt das neueste der beliebten Postkartenb\u00fccher entgegen. Vierzig Fotografien aus diversen Best\u00e4nden zeigen Frauen im Mittelpunkt alpinistischer Praxis vom fr\u00fchen 20. Jahrhundert bis in die 1970er-Jahre. Die Bilder gew\u00e4hren einen vielf\u00e4ltigen Einblick in die Sammlung des Museums und dokumentieren die Ver\u00e4nderungen des Bergsports. Vier Begleittexte reflektieren das Thema Frauen im Alpinismus mit einem aktuellen und historischen Fokus.<\/p>\n<p>Mit Textbeitr\u00e4gen von Rita Christen, Rebecca Etter, Beat H\u00e4chler, Monike Hofmann, Michelle Huwiler, Anita Mischler und Ingrid Runggaldier.<\/p>\n<p>Herausgegeben vom Alpinen Museum der Schweiz<\/p>\n<\/div>\n<div class=\"acc_edition\">\n<p>1. Auflage 2021<\/p>\n<\/div>\n<div>\n<p>40 farbige Postkarten zum Heraustrennen und Textheft mit 32 Seiten und 9 sw Abbildungen zusammen in Festeinband,<br \/>\n12.5 x 17 cm<\/p>\n<\/div>","protected":false},"excerpt":{"rendered":"<p>Seit den Anf\u00e4ngen des Alpinismus sind Frauen in den Bergen unterwegs. Sie organisieren Hochtouren, besteigen Gipfel, halten Aussichten und Leistungen fotografisch fest und erz\u00e4hlen in Berichten von ihren Erlebnissen. Dennoch sind ihre Geschichten in der \u00d6ffentlichkeit wenig bekannt und in der Sammlung des Alpinen Museums der Schweiz kaum dokumentiert. Diesem Umstand wirkt das neueste der [&#8230;]\n","protected":false},"featured_media":159989,"template":"","meta":[],"product_brand":[],"product_cat":[21853,21836,21542],"product_tag":[],"class_list":{"0":"post-159988","1":"product","2":"type-product","3":"status-publish","4":"has-post-thumbnail","6":"product_cat-ansichtskarten","7":"product_cat-geschenkideen","8":"product_cat-sachbuecher-dokumentationen","9":"pa_autor-alpines-museum-scheidegger","10":"pa_erscheinungsjahr-25440","11":"pa_region-schweiz","12":"pa_sprache-de","14":"first","15":"outofstock","16":"taxable","17":"shipping-taxable","18":"purchasable","19":"product-type-simple"},"_links":{"self":[{"href":"https:\/\/pizbube.ch\/en\/wp-json\/wp\/v2\/product\/159988","targetHints":{"allow":["GET"]}}],"collection":[{"href":"https:\/\/pizbube.ch\/en\/wp-json\/wp\/v2\/product"}],"about":[{"href":"https:\/\/pizbube.ch\/en\/wp-json\/wp\/v2\/types\/product"}],"wp:featuredmedia":[{"embeddable":true,"href":"https:\/\/pizbube.ch\/en\/wp-json\/wp\/v2\/media\/159989"}],"wp:attachment":[{"href":"https:\/\/pizbube.ch\/en\/wp-json\/wp\/v2\/media?parent=159988"}],"wp:term":[{"taxonomy":"product_brand","embeddable":true,"href":"https:\/\/pizbube.ch\/en\/wp-json\/wp\/v2\/product_brand?post=159988"},{"taxonomy":"product_cat","embeddable":true,"href":"https:\/\/pizbube.ch\/en\/wp-json\/wp\/v2\/product_cat?post=159988"},{"taxonomy":"product_tag","embeddable":true,"href":"https:\/\/pizbube.ch\/en\/wp-json\/wp\/v2\/product_tag?post=159988"}],"curies":[{"name":"wp","href":"https:\/\/api.w.org\/{rel}","templated":true}]}}