{"id":160076,"date":"2021-12-16T10:03:48","date_gmt":"2021-12-16T09:03:48","guid":{"rendered":"https:\/\/pizbube.ch\/?post_type=product&#038;p=160076"},"modified":"2025-11-01T11:57:09","modified_gmt":"2025-11-01T10:57:09","slug":"klettern-im-oetztal-und-pitztal","status":"publish","type":"product","link":"https:\/\/pizbube.ch\/en\/shop\/klettern-im-oetztal-und-pitztal\/","title":{"rendered":"Klettern im \u00d6tztal und Pitztal"},"content":{"rendered":"<p>Sportklettern \u2013 Bouldern \u2013 Klettersteige \u2013 Eisklettern<\/p>\n<p>Die Regionen geh\u00f6ren auf jeden Fall mit zu den besten Klettergebieten im Alpenraum. Auch in den letzten Jahren wurden weiterhin zahlreiche Routen (und auch Gebiete) neu erschlossen und saniert. Ebenfalls ist die Qualit\u00e4t der Infrastruktur in den Gebieten (Parkpl\u00e4tze, Zustiegswege, WC-Anlage, \u2026) vorbildlich. Dabei umfasst das breite Angebot bestens abgesicherte Sportkletter- und Mehrseill\u00e4ngenrouten.<\/p>\n<p>Dazu kommen Klettersteige f\u00fcr Einsteiger sowie sportliche Klettersteige in allen Schwierigkeitsgraden. Schlie\u00dflich rundet das familienfreundliche Bouldergebiet im Pitztal das breite Angebot noch ab.<\/p>\n<p>Zum Beispiel Eisklettern an zugefrorenen Wasserf\u00e4llen, W\u00e4nden sowie Eiss\u00e4ulen. Kurzum, an insgesamt 106 Eiskletter-Spots ist Eisklettern in allen Schwierigkeitsstufen m\u00f6glich.<\/p>\n<p>Im \u00d6tztal sind in <strong>Piburg<\/strong> ein neuer Kletterfelsen sowie ein Einsteiger-Klettersteig entstanden. Zudem sind im Pitztal drei neue Sportklettergebiete (<strong>Unterwelt<\/strong>, <strong>Scheibrand<\/strong> und <strong>Down Under<\/strong>) dazu gekommen.<br \/>\nEbenfalls neu ist auch, dass alle Klettersteige und Sportklettergebiete mit Foto-Topos dargestellt sind.<\/p>\n<div class=\"elementor-element elementor-element-eed49ed elementor-widget elementor-widget-text-editor\" data-id=\"eed49ed\" data-element_type=\"widget\" data-widget_type=\"text-editor.default\">\n<div class=\"elementor-widget-container\">\n<p>Der Kletterf\u00fchrer <strong>Klettern im \u00d6tztal und Pitztal <\/strong>enth\u00e4lt die aktuellsten Foto-Topos der zahlreichen Klettergebiete im \u00d6tztal und Pitztal. Alle Gebiete sind mit Routenauflistung, Routenstatistik, Gebietsbeschreibung, Symbolleiste, Foto-Topo, Anfahrtsskizze sowie Gebietsfotos beschrieben.<\/p>\n<h4><strong>\u00d6tztal \/ Pitztal mit beeindruckenden Zahlen<\/strong><\/h4>\n<ul>\n<li>31 Felsklettergebiete (1002 Einseill\u00e4ngenrouten, 86 Mehrseill\u00e4ngenrouten)<\/li>\n<li>1 Bouldergebiet (Pitztal, 180 Boulder)<\/li>\n<li>16 Klettersteige<\/li>\n<li>103 Eisf\u00e4lle<\/li>\n<\/ul>\n<p><strong>im \u00d6tztal<\/strong><\/p>\n<ul>\n<li>22 Klettergebiete<\/li>\n<li>744 Sportkletterrouten<\/li>\n<li>66 Mehrseill\u00e4ngenrouten<\/li>\n<li>9 Klettersteige<\/li>\n<li>60 Eisf\u00e4lle<\/li>\n<\/ul>\n<p><strong>im Pitztal<\/strong><\/p>\n<ul>\n<li>1 Bouldergebiet (180 Boulder)<\/li>\n<li>9 Klettergebiete<\/li>\n<li>258 Sportkletterrouten<\/li>\n<li>20 Mehrseill\u00e4ngenrouten<\/li>\n<li>7 Klettersteige<\/li>\n<li>46 Eisf\u00e4lle<\/li>\n<\/ul>\n<p><strong>Inhalt Kletterf\u00fchrer<\/strong><\/p>\n<ul>\n<li>105 \u00dcbersichts-, Anfahrtsskizzen<\/li>\n<li>13 Klettersteig Foto-Topos<\/li>\n<li>61 Boulder Foto-Topos<\/li>\n<li>164 Kletter Foto-Topos<\/li>\n<li>220 Bilder (Kletter-, Landschafts-, Eisfall-, Wandbilder)<\/li>\n<\/ul>\n<p>Das praktische Ringbuch kann komplett auf- und umgeklappt werden. Durch die vielen Foto-Topos, die hervorragenden Kletter- und Landschaftsbilder wird ein perfekter Eindruck der jeweiligen Felsen, Klettersteige und Eisf\u00e4lle vermittelt. Ein moderner Kletterf\u00fchrer, der keine W\u00fcnsche offen l\u00e4sst sowie Lust aufs Klettern im \u00d6tztal und Pitztal macht.<\/p>\n<p>1. Auflage 2022; 270 Seiten<br \/>\nFormat:22 x 18 cm (Spiralbindung)<\/p>\n<\/div>\n<\/div>","protected":false},"excerpt":{"rendered":"<p>Sportklettern \u2013 Bouldern \u2013 Klettersteige \u2013 Eisklettern Die Regionen geh\u00f6ren auf jeden Fall mit zu den besten Klettergebieten im Alpenraum. Auch in den letzten Jahren wurden weiterhin zahlreiche Routen (und auch Gebiete) neu erschlossen und saniert. Ebenfalls ist die Qualit\u00e4t der Infrastruktur in den Gebieten (Parkpl\u00e4tze, Zustiegswege, WC-Anlage, \u2026) vorbildlich. Dabei umfasst das breite Angebot [&#8230;]\n","protected":false},"featured_media":160082,"template":"","meta":[],"product_brand":[],"product_cat":[21540,21539],"product_tag":[],"class_list":{"0":"post-160076","1":"product","2":"type-product","3":"status-publish","4":"has-post-thumbnail","6":"product_cat-fuehrerliteratur-alpin-winter","7":"product_cat-fuehrerliteratur-sportklettern-bouldern","8":"pa_autor-durner","9":"pa_erscheinungsjahr-27013","10":"pa_region-oesterreich","11":"pa_sprache-de","13":"first","14":"instock","15":"taxable","16":"shipping-taxable","17":"purchasable","18":"product-type-simple"},"_links":{"self":[{"href":"https:\/\/pizbube.ch\/en\/wp-json\/wp\/v2\/product\/160076","targetHints":{"allow":["GET"]}}],"collection":[{"href":"https:\/\/pizbube.ch\/en\/wp-json\/wp\/v2\/product"}],"about":[{"href":"https:\/\/pizbube.ch\/en\/wp-json\/wp\/v2\/types\/product"}],"wp:featuredmedia":[{"embeddable":true,"href":"https:\/\/pizbube.ch\/en\/wp-json\/wp\/v2\/media\/160082"}],"wp:attachment":[{"href":"https:\/\/pizbube.ch\/en\/wp-json\/wp\/v2\/media?parent=160076"}],"wp:term":[{"taxonomy":"product_brand","embeddable":true,"href":"https:\/\/pizbube.ch\/en\/wp-json\/wp\/v2\/product_brand?post=160076"},{"taxonomy":"product_cat","embeddable":true,"href":"https:\/\/pizbube.ch\/en\/wp-json\/wp\/v2\/product_cat?post=160076"},{"taxonomy":"product_tag","embeddable":true,"href":"https:\/\/pizbube.ch\/en\/wp-json\/wp\/v2\/product_tag?post=160076"}],"curies":[{"name":"wp","href":"https:\/\/api.w.org\/{rel}","templated":true}]}}