{"id":160102,"date":"2021-12-17T12:22:20","date_gmt":"2021-12-17T11:22:20","guid":{"rendered":"https:\/\/pizbube.ch\/?post_type=product&#038;p=160102"},"modified":"2023-02-09T09:31:15","modified_gmt":"2023-02-09T08:31:15","slug":"drevenik-skaly-na-slovensku-iii","status":"publish","type":"product","link":"https:\/\/pizbube.ch\/en\/shop\/drevenik-skaly-na-slovensku-iii\/","title":{"rendered":"Dreven\u00edk &#8211; Skaly na Slovensku III"},"content":{"rendered":"<p>There are 3 areas in Drevenik, Raj, Cervene, previsy Peklo. (Slowakei)<\/p>\n<p>Travertine area Raj is one of the three climbing areas in Dreven\u00edk. The best approach is from the village of Hodkovce. There are 186 routes in 22 sectors. Some routes are not included in this guide, because they are not bolted or the lines are still not clear. The walls are from 8 to 25 m high. The most striking tower is Marta with 36 routes. In Raj routes are mostly graded from 4 to 7 UIAA. The hardest routes in Raj are SPOLO\u010cN\u00c9 \u00c1NO 8+ in sector Mesa\u010dn\u00e9 ve\u017ee and DLH\u00c9 LAKTE 8+ in Hodkovsk\u00e9 ve\u017ee.<\/p>\n<p>Most of them are sport routes,but you can find in Raj some mixed and traditional routes too, where it it necessary to place your own protection. The most prolific creators of new routes where Milan Hutl\u00e1k, Jozef Tindira, Peter Ha\u013eko and Peter Slivka. Completely rebolting of Dreven\u00edk did climbers under guidance of area ranger Peter Slivka in 2012 \u2013 2019. Travertine area \u010cerven\u00e9 previsy is one of the three climbing areas in Dreven\u00edk. \u010cerven\u00e9 previsy is located above the village \u017dehra, but the best approach is from from the village of Hodkovce. There are 20 routes in \u010cerven\u00e9 previsy up to 20 m high. The first line via significat crack in the left part of the wall names STAR\u00c1 \u0160P\u00c1RA 7-, was probably climbed in 1973 by Milo\u0161 Kub\u00edk. For next many years this area was abandoned and finally in 1987 Karol Nickler started to make hard lines in overhanging slabs. He is the author of the hardest route in Dreven\u00edk PO\u013dUD\u0147AJ\u0160\u00cd BLESK graded 10-, that was RP climbed for the first time in 1993 by Du\u0161an Ber\u00e1nek.<\/p>\n<p>Prolific creator of the new lines was Peter Ha\u013eko. He did 7 new routes. The couple Ivan Kos and Peter Slivka in 2018 completely rebolted this area. Travertine area Peklo is one of the three climbing areas in Dreven\u00edk. The best approach is from Spi\u0161sk\u00fd Castle or from the village of Hodkovce. There are 91 routes in 7 sectors from 15 to 28 m high. All routes in Peklo are sport in grades from 8 to 9. The hardest lines are NAVIA\u017dTE SA, PROS\u00cdM 9, BONJOUR FRANCE 9, HAZARDN\u00c1 HRA 9-, SVITANIE 9-, BALET HVIEZD 9-, PRE\u0160OVSK\u00dd SMER 9-, INDI\u00c1N 8+\/9-, TEP\u0160A 8+ and SPOLO\u010cN\u00c1 L\u00c1SKA 8+. After climbing, open project DRBO\u0160, probably graded 10+, will be the hardest route in Dreven\u00edk. The most prolific and significant authors are Peter Ha\u013eko, Sve\u0165o Pol\u00e1\u010dek, Peter Slivka, Jo\u017eo Tindira, \u013dubo Kuderjav\u00fd, Jano Lietava, Miroslav \u0160tec or Alexander Pal\u00e1sthy.<\/p>\n<p>216 pages<\/p>","protected":false},"excerpt":{"rendered":"<p>There are 3 areas in Drevenik, Raj, Cervene, previsy Peklo. (Slowakei) Travertine area Raj is one of the three climbing areas in Dreven\u00edk. The best approach is from the village of Hodkovce. There are 186 routes in 22 sectors. Some routes are not included in this guide, because they are not bolted or the lines [&#8230;]\n","protected":false},"featured_media":160103,"template":"","meta":[],"product_brand":[],"product_cat":[21539],"product_tag":[26964,27230],"class_list":{"0":"post-160102","1":"product","2":"type-product","3":"status-publish","4":"has-post-thumbnail","6":"product_cat-fuehrerliteratur-sportklettern-bouldern","7":"product_tag-slovakei","8":"product_tag-slovakia","9":"pa_autor-linek","10":"pa_erscheinungsjahr-21586","11":"pa_region-osteuropa","12":"pa_sprache-en","14":"first","15":"instock","16":"taxable","17":"shipping-taxable","18":"purchasable","19":"product-type-simple"},"_links":{"self":[{"href":"https:\/\/pizbube.ch\/en\/wp-json\/wp\/v2\/product\/160102","targetHints":{"allow":["GET"]}}],"collection":[{"href":"https:\/\/pizbube.ch\/en\/wp-json\/wp\/v2\/product"}],"about":[{"href":"https:\/\/pizbube.ch\/en\/wp-json\/wp\/v2\/types\/product"}],"wp:featuredmedia":[{"embeddable":true,"href":"https:\/\/pizbube.ch\/en\/wp-json\/wp\/v2\/media\/160103"}],"wp:attachment":[{"href":"https:\/\/pizbube.ch\/en\/wp-json\/wp\/v2\/media?parent=160102"}],"wp:term":[{"taxonomy":"product_brand","embeddable":true,"href":"https:\/\/pizbube.ch\/en\/wp-json\/wp\/v2\/product_brand?post=160102"},{"taxonomy":"product_cat","embeddable":true,"href":"https:\/\/pizbube.ch\/en\/wp-json\/wp\/v2\/product_cat?post=160102"},{"taxonomy":"product_tag","embeddable":true,"href":"https:\/\/pizbube.ch\/en\/wp-json\/wp\/v2\/product_tag?post=160102"}],"curies":[{"name":"wp","href":"https:\/\/api.w.org\/{rel}","templated":true}]}}