{"id":160118,"date":"2021-12-18T10:19:58","date_gmt":"2021-12-18T09:19:58","guid":{"rendered":"https:\/\/pizbube.ch\/?post_type=product&#038;p=160118"},"modified":"2021-12-18T10:19:59","modified_gmt":"2021-12-18T09:19:59","slug":"expedition-aufbruch-ins-ungewisse","status":"publish","type":"product","link":"https:\/\/pizbube.ch\/en\/shop\/expedition-aufbruch-ins-ungewisse\/","title":{"rendered":"Expedition &#8211; Aufbruch ins Ungewisse"},"content":{"rendered":"<p>Es gibt noch Unbekanntes zu entdecken \u2013 Expeditionen unserer Zeit<\/p>\n<p>Atemberaubende Fotografien zeitgen\u00f6ssischer Expeditionen<\/p>\n<p>M\u00f6chte man die Natur jenseits der bewohnten Welt erkunden, lauern viele Herausforderungen und Gefahren: Man k\u00e4mpft gegen Ersch\u00f6pfung, Dehydration und erbarmungslosen Wind, f\u00fcrchtet Gletscherspalten, Stein- und Eisschlag oder den Sturz ins Leere. Fernab jeglicher Zivilisation muss man selbst alles mit sich tragen, was man zum \u00dcberleben braucht. Will man Erfolg haben und gesund zur\u00fcckkommen, ist man aufeinander angewiesen. Hier z\u00e4hlen Lebenserfahrung, Ausdauer und \u00dcbersicht vielleicht mehr als reine Kraft oder jugendlicher Wagemut. Der Fotograf Klaus Fengler begleitet seit zwei Jahrzehnten Expeditionen mit der Kamera. Bildgewaltig dokumentiert er in diesem Band das Wesen seiner Abenteuerreisen. Begleitet werden seine au\u00dfergew\u00f6hnlichen Bilder von hintergr\u00fcndigen Essays des bekannten Autors und Filmemachers Tom Dauer.<\/p>\n<p>Die wei\u00dfen Flecken auf unserer Landkarte sind geschrumpft, die h\u00f6chsten Berge bestiegen und vom Sofa aus k\u00f6nnen wir mit wenigen Klicks ganz bequem an alle Enden des Planeten reisen. In diesem eindrucksvollen Fotoband beleuchtet Klaus Fengler, warum es dennoch bis heute etwas Besonderes ist, aufzubrechen und sich selbst der Wildnis auszusetzen. In beeindruckenden und emotionalen Schwarz-Wei\u00df-Fotografien blickt er dabei auf die typischen Phasen jeder Expedition. Von der pr\u00e4zisen Vorbereitung zum Aufbruch, von den Entbehrungen, dem st\u00e4ndigen Warten, dem Scheitern und dem Erfolg bis hin zur R\u00fcckkehr.<\/p>\n<p>Die begleitenden Essays von Tom Dauer erg\u00e4nzen Klaus Fenglers Perspektive mit hintergr\u00fcndigen Gedanken und Ansichten zu den Themen Expedition, Abenteuer, Verzicht, Vertrauen, Leiden, Scheitern und Erfolg. Dabei gelingt es dem Autor und Filmemacher, das Thema \u201eExpedition\u201c in seiner ganzen Vielseitigkeit \u00fcber das konkrete Abenteuer hinaus begreifbar zu machen. Dieser gro\u00dfformatige, exklusiv ausgestattete Bildband zieht jeden Abenteurer in seinen Bann, der von Expeditionen in die abgelegensten Regionen dieser Erde tr\u00e4umt.<\/p>\n<div class=\"bibliography text-class col-xs-12\">25.0 x 32.0\u00a0cm, Halbleinen, 256\u00a0Seiten mit 250\u00a0schwarz-wei\u00df-Abbildungen<\/div>","protected":false},"excerpt":{"rendered":"<p>Es gibt noch Unbekanntes zu entdecken \u2013 Expeditionen unserer Zeit Atemberaubende Fotografien zeitgen\u00f6ssischer Expeditionen M\u00f6chte man die Natur jenseits der bewohnten Welt erkunden, lauern viele Herausforderungen und Gefahren: Man k\u00e4mpft gegen Ersch\u00f6pfung, Dehydration und erbarmungslosen Wind, f\u00fcrchtet Gletscherspalten, Stein- und Eisschlag oder den Sturz ins Leere. Fernab jeglicher Zivilisation muss man selbst alles mit sich [&#8230;]\n","protected":false},"featured_media":160119,"template":"","meta":[],"product_brand":[],"product_cat":[21580,21542],"product_tag":[],"class_list":{"0":"post-160118","1":"product","2":"type-product","3":"status-publish","4":"has-post-thumbnail","6":"product_cat-kunst-kultur","7":"product_cat-sachbuecher-dokumentationen","8":"pa_autor-fengler-dauer","9":"pa_erscheinungsjahr-25440","10":"pa_region-deutschland","11":"pa_region-uebrigers-europa","12":"pa_sprache-de","14":"first","15":"instock","16":"taxable","17":"shipping-taxable","18":"purchasable","19":"product-type-simple"},"_links":{"self":[{"href":"https:\/\/pizbube.ch\/en\/wp-json\/wp\/v2\/product\/160118","targetHints":{"allow":["GET"]}}],"collection":[{"href":"https:\/\/pizbube.ch\/en\/wp-json\/wp\/v2\/product"}],"about":[{"href":"https:\/\/pizbube.ch\/en\/wp-json\/wp\/v2\/types\/product"}],"wp:featuredmedia":[{"embeddable":true,"href":"https:\/\/pizbube.ch\/en\/wp-json\/wp\/v2\/media\/160119"}],"wp:attachment":[{"href":"https:\/\/pizbube.ch\/en\/wp-json\/wp\/v2\/media?parent=160118"}],"wp:term":[{"taxonomy":"product_brand","embeddable":true,"href":"https:\/\/pizbube.ch\/en\/wp-json\/wp\/v2\/product_brand?post=160118"},{"taxonomy":"product_cat","embeddable":true,"href":"https:\/\/pizbube.ch\/en\/wp-json\/wp\/v2\/product_cat?post=160118"},{"taxonomy":"product_tag","embeddable":true,"href":"https:\/\/pizbube.ch\/en\/wp-json\/wp\/v2\/product_tag?post=160118"}],"curies":[{"name":"wp","href":"https:\/\/api.w.org\/{rel}","templated":true}]}}