{"id":160124,"date":"2021-12-18T10:59:50","date_gmt":"2021-12-18T09:59:50","guid":{"rendered":"https:\/\/pizbube.ch\/?post_type=product&#038;p=160124"},"modified":"2026-04-02T10:44:40","modified_gmt":"2026-04-02T08:44:40","slug":"hike-fly-guide-zentralschweiz","status":"publish","type":"product","link":"https:\/\/pizbube.ch\/en\/shop\/hike-fly-guide-zentralschweiz\/","title":{"rendered":"Hike &amp; Fly Guide Zentralschweiz"},"content":{"rendered":"<p>Der Traum vom Fliegen ist nichts Neues. Doch was sich in den vergangenen Jahren massiv ver\u00e4ndert hat, ist das Material. Auch f\u00fcr die Autoren war das ein Beweggrund, um in die dritte Dimension zu starten. Ab diesem Moment wurden die l\u00e4stigen Abstiege<br \/>\npl\u00f6tzlich zum Sahneh\u00e4ubchen einer sch\u00f6nen Tour. Und auch an Feierabend l\u00e4sst es sich gut leben, wenn man mit seinem Schirm im Abendrot versinkt.<\/p>\n<p>Die Autoren wollten dieses unglaubliche Gef\u00fchl von Freiheit am Berg nicht f\u00fcr sich alleine beanspruchen. Deshalb haben sie sich zusammengesetzt, um eines der wohl besten und umfangreichste Gebiete f\u00fcr Hike and Fly in einem Buch zusammenzufassen.<\/p>\n<p>Das zunehmende Interesse an Hike &amp; Fly ist offensichtlich. Die immer leichter- und kleinerwerdende Ausr\u00fcstung lockt so manche Pilotin und so manchen Piloten in neue Abenteuer.<br \/>\nDoch die Literatur ist extrem begrenzt. Gerade zur beliebten Flugregion Zentralschweiz existiert fast nichts. Dieses Buch soll zum Tr\u00e4umen anregen und dem Leser und der Leserin eine Idee verschaffen, was alles m\u00f6glich ist. Mit rund 60 ausgew\u00e4hlten Traumtouren wollen wir die Gleitschirm-Community animieren, in die Berge zu gehen.<\/p>\n<p>Die Palette im Buch reicht von einfachen Hike &amp; Flys bis zu anspruchsvollen Climb &amp; Flys in steilen Nordw\u00e4nden. Dadurch findet sich f\u00fcr jeden und jede das perfekte Abenteuer.<\/p>\n<p>Die Autoren wollten keine klassische F\u00fchrerliteratur erstellen, sondern eine Ideensammlung die anspricht. Mit sch\u00f6nen Bildern und kurzen Texten sollen die Leser und Leserinnen abgeholt und zum tr\u00e4umen eingeladen werden. Jede Tour wird mit den wichtigsten Informationen auf Deutsch und Englisch beschrieben. Zus\u00e4tzlich wird auf allf\u00e4llige Gefahren und Alternativen hingewiesen.<br \/>\nEs wird hier noch einmal darauf hingewiesen, dass besonders im Flugsport, die Variable der Luft eine grosse Rolle spielt. So kann sich eine einfache Tour als extrem wild und gef\u00e4hrlich herausstellen, wenn die Vorbereitungen nicht richtig getroffen wurden.<\/p>\n<p>Umfang: 60 Touren &#8211; 324 Seiten<br \/>\nFormat: 20x20cm<\/p>","protected":false},"excerpt":{"rendered":"<p>Der Traum vom Fliegen ist nichts Neues. Doch was sich in den vergangenen Jahren massiv ver\u00e4ndert hat, ist das Material. Auch f\u00fcr die Autoren war das ein Beweggrund, um in die dritte Dimension zu starten. Ab diesem Moment wurden die l\u00e4stigen Abstiege pl\u00f6tzlich zum Sahneh\u00e4ubchen einer sch\u00f6nen Tour. Und auch an Feierabend l\u00e4sst es sich [&#8230;]\n","protected":false},"featured_media":160126,"template":"","meta":[],"product_brand":[],"product_cat":[22064],"product_tag":[27022],"class_list":{"0":"post-160124","1":"product","2":"type-product","3":"status-publish","4":"has-post-thumbnail","6":"product_cat-gleitschirmbuecher","7":"product_tag-hike-and-fly-guide-zentralschweiz","8":"pa_autor-kaeppeli-perret-fuersinger","9":"pa_erscheinungsjahr-25440","10":"pa_region-schweiz","11":"pa_sprache-de-en","13":"first","14":"instock","15":"taxable","16":"shipping-taxable","17":"purchasable","18":"product-type-simple"},"_links":{"self":[{"href":"https:\/\/pizbube.ch\/en\/wp-json\/wp\/v2\/product\/160124","targetHints":{"allow":["GET"]}}],"collection":[{"href":"https:\/\/pizbube.ch\/en\/wp-json\/wp\/v2\/product"}],"about":[{"href":"https:\/\/pizbube.ch\/en\/wp-json\/wp\/v2\/types\/product"}],"wp:featuredmedia":[{"embeddable":true,"href":"https:\/\/pizbube.ch\/en\/wp-json\/wp\/v2\/media\/160126"}],"wp:attachment":[{"href":"https:\/\/pizbube.ch\/en\/wp-json\/wp\/v2\/media?parent=160124"}],"wp:term":[{"taxonomy":"product_brand","embeddable":true,"href":"https:\/\/pizbube.ch\/en\/wp-json\/wp\/v2\/product_brand?post=160124"},{"taxonomy":"product_cat","embeddable":true,"href":"https:\/\/pizbube.ch\/en\/wp-json\/wp\/v2\/product_cat?post=160124"},{"taxonomy":"product_tag","embeddable":true,"href":"https:\/\/pizbube.ch\/en\/wp-json\/wp\/v2\/product_tag?post=160124"}],"curies":[{"name":"wp","href":"https:\/\/api.w.org\/{rel}","templated":true}]}}