{"id":160149,"date":"2021-12-21T14:49:54","date_gmt":"2021-12-21T13:49:54","guid":{"rendered":"https:\/\/pizbube.ch\/?post_type=product&#038;p=160149"},"modified":"2025-11-18T11:27:36","modified_gmt":"2025-11-18T10:27:36","slug":"sentiero-alpino-calanca-der-erste-weg-la-prima-via","status":"publish","type":"product","link":"https:\/\/pizbube.ch\/en\/shop\/sentiero-alpino-calanca-der-erste-weg-la-prima-via\/","title":{"rendered":"Sentiero Alpino Calanca \u2013 Der erste Weg, La prima via"},"content":{"rendered":"<div class=\"title-main\">\n<p>Dokumentation \u00fcber den Sentiero Alpino Calanca &#8211; einer Perle des alpinen Trekkings.<\/p>\n<\/div>\n<p>Der Sentiero Alpino begann als vision\u00e4res Projekt, das von vielen f\u00fcr kaum realisierbar erachtet wurde. Initiiert wurde es 1977 von Wilfried Graf (Binningen BL) und weiteren Gr\u00fcndungsmitgliedern. In zahllosen Einsatzwochen arbeiteten Jugendliche aus halb Europa zum Teil in schwierigstem Gel\u00e4nde, um \u00dcberreste uralter Alpwege und unscheinbare Wildwechsel zu einem fantastischen H\u00f6henweg zu verbinden.<\/p>\n<p>Seit 1983 ist die 50 Kilometer lange Route durchgehend begehbar. Weit \u00fcber 10&#8217;000 Bergbegeisterte haben sich bisher bereits an den k\u00fchnen \u00dcberg\u00e4ngen, atemberaubenden Aussichten und einzigartigen H\u00fctten erfreut. Bis heute k\u00fcmmert sich die ASAC um den Unterhalt von Weg und Unterk\u00fcnften.<\/p>\n<p>Der Sentiero Alpino folgt dem in Richtung Nord-S\u00fcd verlaufenden Hauptkamm der Bergkette, die das Calancatal und das Misox trennt. Die h\u00f6chsten Gipfel erreichen knapp 3000 m.\u00fc.M. Die Gebirgskette wird zur Hauptsache aus geschichteten Para-Gneisen gebildet, d.h. aus Ablagerungsmaterial, das durch Gebirgsdruck umgewandelt und kristallisiert wurde. Die Schichten sind an manchen Stellen durchzogen von weissen Quarzb\u00e4ndern. Im Steinbruch des Dorfes Arvigo wird im Calancatal ein solcher Gneis abgebaut.<\/p>\n<p>Der Sentiero verl\u00e4uft haupts\u00e4chlich auf der Calanca-Seite der Gebirgskette, nur der Aufstieg von San Bernardino und der Abstieg vom Pian di Renten nach Santa Maria erfolgen auf der Misoxer Seite. Der gr\u00f6ssere Teil der ca. 50 km langen, meist einsamen Strecke liegt oberhalb der Baumgrenze, also \u00fcber 2000 m. Zum besonderen Reiz des Bergwegs z\u00e4hlen die lichten L\u00e4rchenw\u00e4lder. Unvergesslich sind die H\u00e4nge voller Alpenrosen, die ihre Bl\u00fctenpracht im Juni und Juli entfalten. Im September erfreuen die sich gelb verf\u00e4rbenden L\u00e4rchen, und im Oktober leuchten ihre feinen Nadeln goldgelb im Sonnenlicht.<\/p>\n<p>&nbsp;<\/p>\n<p>Il \u00abSentiero Alpino Calanca\u00bb \u00e8 un itinerario di alta montagna che si dirama principalmente sopra i duemila metri dunque oltre il limite del bosco; \u00e8 un susseguirsi di scoperte lungo i ripidi fianchi della catena montuosa che divide la Mesolcina dalla Val Calanca: meravigliosi laghetti di montagna, alpeggi, valichi, creste con aeree guglie e pinnacoli, panorami mozzafiato, vedute sul fondovalle posto quasi duemila metri pi\u00f9 in basso.<\/p>\n<p>Grazie alla bandita federale di Trescolmen \u00e8 inoltre facile ammirare una ricca fauna alpina, tra cui spicca lo stambecco. Il sentiero percorre la catena montuosa alta quasi 3&#8217;000 m prevalentemente in territorio della Val Calanca, solo la prima tappa con partenza dal Passo del San Bernardino e l&#8217;ultima tappa con la discesa a Santa Maria in Calanca sono sul versante della Mesolcina.<\/p>\n<p>Normalmente i 42 chilometri del tracciato si percorrono in tre tappe pernottando al rifugio Pian Grand e alla Capanna Buffalora; grazie ai rifugi Ganan e Alp di Fora si pu\u00f2 anche suddividere il trekking in cinque tappe, proprio come presentato in questo libro: all&#8217;escursionista la pianificazione che meglio gli si addice per scoprire questo fantastico mondo alpino.<\/p>\n<p>Pagine : 224<br \/>\nFotografie : 200<\/p>\n<p>Formato: 32 x 23 cm<br \/>\nLingua: Italiano \/ tedesco<\/p>","protected":false},"excerpt":{"rendered":"<p>Dokumentation \u00fcber den Sentiero Alpino Calanca &#8211; einer Perle des alpinen Trekkings. Der Sentiero Alpino begann als vision\u00e4res Projekt, das von vielen f\u00fcr kaum realisierbar erachtet wurde. Initiiert wurde es 1977 von Wilfried Graf (Binningen BL) und weiteren Gr\u00fcndungsmitgliedern. In zahllosen Einsatzwochen arbeiteten Jugendliche aus halb Europa zum Teil in schwierigstem Gel\u00e4nde, um \u00dcberreste uralter [&#8230;]\n","protected":false},"featured_media":160150,"template":"","meta":[],"product_brand":[],"product_cat":[21542],"product_tag":[],"class_list":{"0":"post-160149","1":"product","2":"type-product","3":"status-publish","4":"has-post-thumbnail","6":"product_cat-sachbuecher-dokumentationen","7":"pa_autor-buzzini-venziani","8":"pa_erscheinungsjahr-25440","9":"pa_region-schweiz","10":"pa_sprache-de-it","12":"first","13":"instock","14":"taxable","15":"shipping-taxable","16":"purchasable","17":"product-type-simple"},"_links":{"self":[{"href":"https:\/\/pizbube.ch\/en\/wp-json\/wp\/v2\/product\/160149","targetHints":{"allow":["GET"]}}],"collection":[{"href":"https:\/\/pizbube.ch\/en\/wp-json\/wp\/v2\/product"}],"about":[{"href":"https:\/\/pizbube.ch\/en\/wp-json\/wp\/v2\/types\/product"}],"wp:featuredmedia":[{"embeddable":true,"href":"https:\/\/pizbube.ch\/en\/wp-json\/wp\/v2\/media\/160150"}],"wp:attachment":[{"href":"https:\/\/pizbube.ch\/en\/wp-json\/wp\/v2\/media?parent=160149"}],"wp:term":[{"taxonomy":"product_brand","embeddable":true,"href":"https:\/\/pizbube.ch\/en\/wp-json\/wp\/v2\/product_brand?post=160149"},{"taxonomy":"product_cat","embeddable":true,"href":"https:\/\/pizbube.ch\/en\/wp-json\/wp\/v2\/product_cat?post=160149"},{"taxonomy":"product_tag","embeddable":true,"href":"https:\/\/pizbube.ch\/en\/wp-json\/wp\/v2\/product_tag?post=160149"}],"curies":[{"name":"wp","href":"https:\/\/api.w.org\/{rel}","templated":true}]}}