{"id":160177,"date":"2021-12-23T14:54:30","date_gmt":"2021-12-23T13:54:30","guid":{"rendered":"https:\/\/pizbube.ch\/?post_type=product&#038;p=160177"},"modified":"2025-07-23T14:10:36","modified_gmt":"2025-07-23T12:10:36","slug":"pyrenaeen-gr-11","status":"publish","type":"product","link":"https:\/\/pizbube.ch\/en\/shop\/pyrenaeen-gr-11\/","title":{"rendered":"Pyren\u00e4en \u2013 GR 11"},"content":{"rendered":"<p class=\"mt-3\">Transpirinaica \u2013 vom Atlantik zum Mittelmeer<\/p>\n<p><span class=\"value\">Majest\u00e4tisch ragen schneebedeckte Gipfel auf, vertr\u00e4umt liegen Bergseen in stillen Landschaften, wie von der Zeit vergessen scheinen die wenigen, kleinen Bergd\u00f6rfer zu sein \u2013 und \u00fcber ihnen allen prangt dieser unfassbare Sternenhimmel: Die Pyren\u00e4en liegen mitten in Europa und k\u00f6nnten doch ferner nicht sein. Der Rother Wanderf\u00fchrer \u00bbPyren\u00e4en \u2013 GR 11\u00ab nimmt die Wanderer mit auf eine faszinierende Reise einmal quer durch die spanische Seite des Bergzugs.<\/span><\/p>\n<p>Auf seinen knapp 830 Kilometern zwischen Atlantik und Mittelmeer durchstreift der GR 11, auch Transpirenaica genannt, die atemberaubende Bergwelt der Pyren\u00e4en. Mal f\u00fchrt er auf einsamen Gebirgspfaden durch abgelegene Regionen, dann wieder erz\u00e4hlen Dolmen, romanische Kapellen und Kl\u00f6ster, mittelalterliche Burgen oder Bunkeranlagen aus dem Spanischen B\u00fcrgerkrieg von der bewegten Geschichte des Grenzgebirges zwischen Frankreich und Spanien. Wer m\u00f6chte, hat die M\u00f6glichkeit so manchen Gipfel zu besteigen, wie den ber\u00fchmten Monte Perdido, den K\u00f6nig der Kalkgipfel.<\/p>\n<p>Der Rother Wanderf\u00fchrer \u00bbPyren\u00e4en \u2013 GR 11\u00ab beschreibt in 44 Etappen den Weg von Ir\u00fan am Atlantik bis zum Cap de Creus am Mittelmeer, au\u00dferdem eine Zugangsvariante mit drei Etappen. Zu jeder Etappe gibt es eine detaillierte Wegbeschreibung, dazu ein Wanderk\u00e4rtchen mit Routeneintrag und ein aussagekr\u00e4ftiges H\u00f6henprofil. GPS-Daten stehen zum Download von der Website des Bergverlag Rother bereit. Angaben zu Unterkunfts- und Versorgungsm\u00f6glichkeiten und anderer wichtiger Infrastruktur entlang der Route helfen bei der pers\u00f6nlichen Streckenplanung. Spannend und interessant sind auch die Infos zu Kultur, Geschichte und den regionalen Eigenheiten auf dem GR 11.<\/p>\n<p>2., aktualisierte Auflage 2021<br \/>\n47 Etappen<br \/>\n208 Seiten<br \/>\n47 H\u00f6henprofile, 57 Wanderk\u00e4rtchen im Ma\u00dfstab 1:75.000, eine \u00dcbersichtskarte, GPS-Tracks zum Download<\/p>","protected":false},"excerpt":{"rendered":"<p class=\"text-gray-200\"><strong><span class=\"value\">Neuauflage\/Nachdruck laut Verlag Mai <\/span>2026<\/strong><\/p>","protected":false},"featured_media":160178,"template":"","meta":[],"product_brand":[],"product_cat":[21605],"product_tag":[],"class_list":{"0":"post-160177","1":"product","2":"type-product","3":"status-publish","4":"has-post-thumbnail","6":"product_cat-wanderfuehrer-trekking","7":"pa_autor-mueller","8":"pa_erscheinungsjahr-25440","9":"pa_region-frankreich","10":"pa_region-spanien","11":"pa_sprache-de","13":"first","14":"outofstock","15":"taxable","16":"shipping-taxable","17":"purchasable","18":"product-type-simple"},"_links":{"self":[{"href":"https:\/\/pizbube.ch\/en\/wp-json\/wp\/v2\/product\/160177","targetHints":{"allow":["GET"]}}],"collection":[{"href":"https:\/\/pizbube.ch\/en\/wp-json\/wp\/v2\/product"}],"about":[{"href":"https:\/\/pizbube.ch\/en\/wp-json\/wp\/v2\/types\/product"}],"wp:featuredmedia":[{"embeddable":true,"href":"https:\/\/pizbube.ch\/en\/wp-json\/wp\/v2\/media\/160178"}],"wp:attachment":[{"href":"https:\/\/pizbube.ch\/en\/wp-json\/wp\/v2\/media?parent=160177"}],"wp:term":[{"taxonomy":"product_brand","embeddable":true,"href":"https:\/\/pizbube.ch\/en\/wp-json\/wp\/v2\/product_brand?post=160177"},{"taxonomy":"product_cat","embeddable":true,"href":"https:\/\/pizbube.ch\/en\/wp-json\/wp\/v2\/product_cat?post=160177"},{"taxonomy":"product_tag","embeddable":true,"href":"https:\/\/pizbube.ch\/en\/wp-json\/wp\/v2\/product_tag?post=160177"}],"curies":[{"name":"wp","href":"https:\/\/api.w.org\/{rel}","templated":true}]}}