{"id":160216,"date":"2021-12-30T09:16:55","date_gmt":"2021-12-30T08:16:55","guid":{"rendered":"https:\/\/pizbube.ch\/?post_type=product&#038;p=160216"},"modified":"2021-12-30T09:25:10","modified_gmt":"2021-12-30T08:25:10","slug":"skitourenfuehrer-stubaier-alpen-inkl-gps-tracks","status":"publish","type":"product","link":"https:\/\/pizbube.ch\/en\/shop\/skitourenfuehrer-stubaier-alpen-inkl-gps-tracks\/","title":{"rendered":"Skitourenf\u00fchrer Stubaier Alpen inkl. GPS-Tracks"},"content":{"rendered":"<p>Inkl. K\u00fchtai, Sellrain und Westliche Brennerberge<\/p>\n<p>Wer im Stubaital auf Skiern unterwegs ist, hat die Wahl: Er kann sich mit Heerscharen von Westfriesen auf Pisten tummeln und um Liftb\u00fcgel balgen \u2013 oder eben in vergleichsweise himmlischer Ruhe auf Skitour gehen. Die Weitl\u00e4ufigkeit des Gebiets und die verkehrstechnisch ideale Lage am Brenner machen die Stubaier Alpen zu einem einzigartig flexiblen Tourenziel.<\/p>\n<p>Hier findet man f\u00fcr jeden Geschmack und bei allen Bedingungen die passende Skitour: Im Fr\u00fch- und Hochwinter bieten sich das Obernbergtal und die Touren in Inntaln\u00e4he bzw. in Teilen des Sellrains an. Ab Februar kann man sich weiter in Richtung des Hauptkamms zu den Gletscherregionen vorwagen, und im Fr\u00fchjahr schlie\u00dflich findet man bis in den Mai hinein in den obersten Regionen am Hauptkamm lohnende Ziele und einsame Gipfel. Und die Pistenfans aus dem kleinen Nachbarland sind dann auch schon wieder daheim.<\/p>\n<p>A Inntal Seite 34<br \/>\nB N\u00f6rdliches Sellrain Seite 48<br \/>\nC Speicher L\u00e4ngental Seite 62<br \/>\nD K\u00fchtai &amp; Haggen Seite 76<br \/>\nE Neue Pforzheimer H\u00fctte Seite 90<br \/>\nF Praxmar &amp; Lisens Seite 106<br \/>\nG Westfalenhaus Seite 122<br \/>\nH Potsdamer H\u00fctte &amp; Bergheim Fotsch Seite 130<br \/>\nI Kemater Alm Seite 144<\/p>\n<p>J Axamer Lizum, Mutters, Fulpmes Seite 158<br \/>\nK Schweinfurter H\u00fctte Seite 168<br \/>\nL Winnebachseeh\u00fctte Seite 184<br \/>\nM Amberger H\u00fctte Seite 196<br \/>\nN Franz-Senn-H\u00fctte Seite 212<br \/>\nO Stubaital Seite 240<br \/>\nP Gschnitztal Seite 264<br \/>\nQ Obernbergtal Seite 280<br \/>\nR Windachtal &amp; Timmelstal Seite 302<\/p>\n<p>3. Auflage 2022, 324 Seiten, 120 x 185 mm, Softcover, komplett 4 Farbig<\/p>","protected":false},"excerpt":{"rendered":"<ul>\n<li><a href=\"https:\/\/pizbube.ch\/wp-content\/uploads\/attachments\/a_031\/EACDC917F6EAA9C25F806E5CA5A5A3E8.pdf\" target=\"_blank\" rel=\"noopener\">PDF: Skitourenf\u00fchrer Stubaier Alpen Leseprobe<\/a><\/li>\n<\/ul>","protected":false},"featured_media":160217,"template":"","meta":[],"product_brand":[],"product_cat":[21540],"product_tag":[],"class_list":{"0":"post-160216","1":"product","2":"type-product","3":"status-publish","4":"has-post-thumbnail","6":"product_cat-fuehrerliteratur-alpin-winter","7":"pa_autor-piepenstock","8":"pa_erscheinungsjahr-25440","9":"pa_region-oesterreich","10":"pa_sprache-de","12":"first","13":"instock","14":"taxable","15":"shipping-taxable","16":"purchasable","17":"product-type-simple"},"_links":{"self":[{"href":"https:\/\/pizbube.ch\/en\/wp-json\/wp\/v2\/product\/160216","targetHints":{"allow":["GET"]}}],"collection":[{"href":"https:\/\/pizbube.ch\/en\/wp-json\/wp\/v2\/product"}],"about":[{"href":"https:\/\/pizbube.ch\/en\/wp-json\/wp\/v2\/types\/product"}],"wp:featuredmedia":[{"embeddable":true,"href":"https:\/\/pizbube.ch\/en\/wp-json\/wp\/v2\/media\/160217"}],"wp:attachment":[{"href":"https:\/\/pizbube.ch\/en\/wp-json\/wp\/v2\/media?parent=160216"}],"wp:term":[{"taxonomy":"product_brand","embeddable":true,"href":"https:\/\/pizbube.ch\/en\/wp-json\/wp\/v2\/product_brand?post=160216"},{"taxonomy":"product_cat","embeddable":true,"href":"https:\/\/pizbube.ch\/en\/wp-json\/wp\/v2\/product_cat?post=160216"},{"taxonomy":"product_tag","embeddable":true,"href":"https:\/\/pizbube.ch\/en\/wp-json\/wp\/v2\/product_tag?post=160216"}],"curies":[{"name":"wp","href":"https:\/\/api.w.org\/{rel}","templated":true}]}}