{"id":160218,"date":"2021-12-30T09:42:42","date_gmt":"2021-12-30T08:42:42","guid":{"rendered":"https:\/\/pizbube.ch\/?post_type=product&#038;p=160218"},"modified":"2021-12-30T09:46:45","modified_gmt":"2021-12-30T08:46:45","slug":"in-25-sekunden-zurueck-ins-leben","status":"publish","type":"product","link":"https:\/\/pizbube.ch\/en\/shop\/in-25-sekunden-zurueck-ins-leben\/","title":{"rendered":"In 25 Sekunden zur\u00fcck ins Leben"},"content":{"rendered":"<div class=\"a-expander-content a-expander-partial-collapse-content\">Wolfgang Schels hat nach seinem schweren Bergunfall 1974 im Mont Blanc Gebiet eine Ausbildung in einem Textilkonzern abgeschlossen.<br \/>\nMit viel Flei\u00df und Eifer stieg er bis zum Mitglied der Gesch\u00e4ftsleitung auf, jedoch lie\u00dfen ihn die Erlebnisse in der Wand nie los.<\/div>\n<div><\/div>\n<div class=\"a-expander-content a-expander-partial-collapse-content\">Mit dem mitrei\u00dfenden und spannenden Augenzeugenbericht \u201eIn 25 Sekunden zur\u00fcck ins Leben\u201c l\u00e4sst Wolfgang Schels seine Leser an seinem ersch\u00fctterndsten Teil seines jungen Lebens teilhaben. Dieses spannende Berg- und Lebensbuch beeindruckt mit seiner Ehrlichkeit und Intimit\u00e4t, das Erlebte zu erz\u00e4hlen.<\/div>\n<div><\/div>\n<div><span class=\"book-meta meta-seiten\">250 <\/span> Seiten mit vielen Fotos<\/div>","protected":false},"excerpt":{"rendered":"<p>Wolfgang Schels hat nach seinem schweren Bergunfall 1974 im Mont Blanc Gebiet eine Ausbildung in einem Textilkonzern abgeschlossen. Mit viel Flei\u00df und Eifer stieg er bis zum Mitglied der Gesch\u00e4ftsleitung auf, jedoch lie\u00dfen ihn die Erlebnisse in der Wand nie los. Mit dem mitrei\u00dfenden und spannenden Augenzeugenbericht \u201eIn 25 Sekunden zur\u00fcck ins Leben\u201c l\u00e4sst Wolfgang [&#8230;]\n","protected":false},"featured_media":160219,"template":"","meta":[],"product_brand":[],"product_cat":[21629,21542],"product_tag":[],"class_list":{"0":"post-160218","1":"product","2":"type-product","3":"status-publish","4":"has-post-thumbnail","6":"product_cat-belletristik","7":"product_cat-sachbuecher-dokumentationen","8":"pa_autor-schels","9":"pa_erscheinungsjahr-21586","10":"pa_region-deutschland","11":"pa_sprache-de","13":"first","14":"instock","15":"taxable","16":"shipping-taxable","17":"purchasable","18":"product-type-simple"},"_links":{"self":[{"href":"https:\/\/pizbube.ch\/en\/wp-json\/wp\/v2\/product\/160218","targetHints":{"allow":["GET"]}}],"collection":[{"href":"https:\/\/pizbube.ch\/en\/wp-json\/wp\/v2\/product"}],"about":[{"href":"https:\/\/pizbube.ch\/en\/wp-json\/wp\/v2\/types\/product"}],"wp:featuredmedia":[{"embeddable":true,"href":"https:\/\/pizbube.ch\/en\/wp-json\/wp\/v2\/media\/160219"}],"wp:attachment":[{"href":"https:\/\/pizbube.ch\/en\/wp-json\/wp\/v2\/media?parent=160218"}],"wp:term":[{"taxonomy":"product_brand","embeddable":true,"href":"https:\/\/pizbube.ch\/en\/wp-json\/wp\/v2\/product_brand?post=160218"},{"taxonomy":"product_cat","embeddable":true,"href":"https:\/\/pizbube.ch\/en\/wp-json\/wp\/v2\/product_cat?post=160218"},{"taxonomy":"product_tag","embeddable":true,"href":"https:\/\/pizbube.ch\/en\/wp-json\/wp\/v2\/product_tag?post=160218"}],"curies":[{"name":"wp","href":"https:\/\/api.w.org\/{rel}","templated":true}]}}