{"id":160221,"date":"2021-12-30T09:56:26","date_gmt":"2021-12-30T08:56:26","guid":{"rendered":"https:\/\/pizbube.ch\/?post_type=product&#038;p=160221"},"modified":"2022-08-27T10:09:03","modified_gmt":"2022-08-27T08:09:03","slug":"die-gefahren-der-alpen-praktische-winke-fuer-bergsteiger","status":"publish","type":"product","link":"https:\/\/pizbube.ch\/en\/shop\/die-gefahren-der-alpen-praktische-winke-fuer-bergsteiger\/","title":{"rendered":"Die Gefahren der Alpen &#8211; praktische Winke f\u00fcr Bergsteiger"},"content":{"rendered":"<p>Emil Zsigmondy (1861-1885) war Arzt und Bergsteiger. Er machte sich als hervorragender Alpinist, Erstbesteiger und Erschlie\u00dfer neuer Routen einen Namen. An Zsigmondy erinnern noch heute die Zsigmondyspitze in den Zillertaler Alpen, die Br\u00e8che Zsigmondy, eine tiefe Einschartung im Gipfelgrat der Meije, und die Zsigmondy-Comici-H\u00fctte (Rifugio Zsigmondy-Comici) in den Sextener Dolomiten.<\/p>\n<p>Im vorliegenden Band Gefahren der Alpen von 1908 gibt er mittels seiner Erfahrungen umfangreiche Ratschl\u00e4ge. Er beschreibt Gesteinsmaterialien und deren Risiken, Lawinen und Schneewehen, berichtet von Gletschern, der Seiltechnik, von den Wetterkapriolen, wie Gewitter und Wettersturz, Gefahren bei Dunkelheit, Skitouren, Biwaks, der Eignung zum Bergsteigen u.v.a. mehr.<\/p>\n<p>&#171;Die Hochgebirgsnatur der Alpen in der Mannigfaltigkeit ihrer besonderen Eigenarten birgt f\u00fcr den Menschen, der sie als Bergsteiger aufsucht, eine gro\u00dfe Anzahl von Gefahren.<br \/>\nEine gro\u00dfe Menge von M\u00f6glichkeiten und Wahrscheinlichkeiten ist gegeben, dass Ereignisse eintreten k\u00f6nnen, die des Menschen Leib und Leben gef\u00e4hrden. Die Steilheit der Gel\u00e4ndeformen, die Erhebung \u00fcber den Meeresspiegel und alle damit in Zusammenhang stehenden klimatischen Eigent\u00fcmlichkeiten nebst ihren Folgen sind die Hauptvoraussetzungen f\u00fcr die Entstehungsm\u00f6glichkeiten der bezeichnenden alpinen Gefahren.\\&#187;<br \/>\nDer Verlag der Wissenschaften verlegt historische Literatur bekannter und unbekannter wissenschaftlicher Autoren. Dem interessierten Leser werden so teilweise l\u00e4ngst nicht mehr verlegte Werke wieder zug\u00e4ngig gemacht.<\/p>\n<p>Dieses Buch \u00fcber die Gefahren der Alpen ist ein unver\u00e4nderter, hochwertiger Nachdruck der Originalausgabe der vierten Auflage aus dem Jahr 1908. Illustriert mit \u00fcber 55 historischen Abbildungen.<br \/>\nNachdruck der Originalausgabe aus dem Jahre 1908.<\/p>","protected":false},"excerpt":{"rendered":"<p>Emil Zsigmondy (1861-1885) war Arzt und Bergsteiger. Er machte sich als hervorragender Alpinist, Erstbesteiger und Erschlie\u00dfer neuer Routen einen Namen. An Zsigmondy erinnern noch heute die Zsigmondyspitze in den Zillertaler Alpen, die Br\u00e8che Zsigmondy, eine tiefe Einschartung im Gipfelgrat der Meije, und die Zsigmondy-Comici-H\u00fctte (Rifugio Zsigmondy-Comici) in den Sextener Dolomiten. Im vorliegenden Band Gefahren der [&#8230;]\n","protected":false},"featured_media":160222,"template":"","meta":[],"product_brand":[],"product_cat":[21629,21542],"product_tag":[],"class_list":{"0":"post-160221","1":"product","2":"type-product","3":"status-publish","4":"has-post-thumbnail","6":"product_cat-belletristik","7":"product_cat-sachbuecher-dokumentationen","8":"pa_autor-zsigmondy","9":"pa_erscheinungsjahr-25440","10":"pa_region-deutschland","11":"pa_sprache-de","13":"first","14":"instock","15":"taxable","16":"shipping-taxable","17":"purchasable","18":"product-type-simple"},"_links":{"self":[{"href":"https:\/\/pizbube.ch\/en\/wp-json\/wp\/v2\/product\/160221","targetHints":{"allow":["GET"]}}],"collection":[{"href":"https:\/\/pizbube.ch\/en\/wp-json\/wp\/v2\/product"}],"about":[{"href":"https:\/\/pizbube.ch\/en\/wp-json\/wp\/v2\/types\/product"}],"wp:featuredmedia":[{"embeddable":true,"href":"https:\/\/pizbube.ch\/en\/wp-json\/wp\/v2\/media\/160222"}],"wp:attachment":[{"href":"https:\/\/pizbube.ch\/en\/wp-json\/wp\/v2\/media?parent=160221"}],"wp:term":[{"taxonomy":"product_brand","embeddable":true,"href":"https:\/\/pizbube.ch\/en\/wp-json\/wp\/v2\/product_brand?post=160221"},{"taxonomy":"product_cat","embeddable":true,"href":"https:\/\/pizbube.ch\/en\/wp-json\/wp\/v2\/product_cat?post=160221"},{"taxonomy":"product_tag","embeddable":true,"href":"https:\/\/pizbube.ch\/en\/wp-json\/wp\/v2\/product_tag?post=160221"}],"curies":[{"name":"wp","href":"https:\/\/api.w.org\/{rel}","templated":true}]}}