{"id":160255,"date":"2022-01-04T10:45:16","date_gmt":"2022-01-04T09:45:16","guid":{"rendered":"https:\/\/pizbube.ch\/?post_type=product&#038;p=160255"},"modified":"2025-01-21T08:46:08","modified_gmt":"2025-01-21T07:46:08","slug":"the-wallride","status":"publish","type":"product","link":"https:\/\/pizbube.ch\/en\/shop\/the-wallride\/","title":{"rendered":"The WALLRIDE"},"content":{"rendered":"<p>Mit Mountainbikes und Kletter-Equipment quer durch die Alpen.<br \/>\n50.000 H\u00f6henmeter. 2 W\u00e4nde. Jede Menge Abenteuer.<\/p>\n<div class=\"article--details-content article--description collapse--content is--collapsed js--collapse-target\">\n<div class=\"content--description\">\n<div class=\"product--description\">\n<p>Zwei L\u00e4nder, zwei W\u00e4nde, zwei Erstbegehungen<\/p>\n<p>Die neueste Expedition von Stefan Glowacz hat es in sich: Zusammen mit seinem Partner Philipp Hans bricht der Profikletterer und Extrembergsteiger im Sommer 2021 auf, um zu beweisen, dass man selbst in den restlos erschlossenen Alpen noch echte Abenteuer erleben kann.<\/p>\n<p>\u201eThe WALLRIDE\u201c nimmt Sie mit auf die faszinierende Reise. Vom ersten Ziel, der Croda Bianca, in den \u00f6stlichsten Ausl\u00e4ufern der Dolomiten f\u00fchrt die spektakul\u00e4re Erstbegehungs-Tour weiter in die Granitfelsen des Pic de Bure in den franz\u00f6sischen Alpen. Alle Etappen werden authentisch beschrieben und in atemberaubenden Fotografien dokumentiert.<\/p>\n<ul>\n<li>Neues Abenteuer des bekannten Kletterers: Stefan Glowacz auf Expedition in den Alpen<\/li>\n<li>Zwei Erstbegehungen in zwei L\u00e4ndern: Croda Bianca in Italien und Pic de Bure in Frankreich<\/li>\n<li>By fair means 4.0 \u2013 Klettern und Biken in den Alpen mit wenig Gep\u00e4ck<\/li>\n<li>Inspiration f\u00fcr Ihre Bergtouren mit GPS-Daten zum Nachfahren und Nachklettern<\/li>\n<\/ul>\n<p>Trailbiking extrem: Mit dem Mountainbike zu den spektakul\u00e4rsten W\u00e4nden der Alpen<\/p>\n<p>Stefan Glowacz ist bekannt f\u00fcr seine Expeditionen \u201eby fair means\u201c. Auch auf seiner Alpentour erklimmt er die steilen Felsw\u00e4nde nur mit der n\u00f6tigsten Kletterausr\u00fcstung und findet Wege, wo vor ihm noch keiner war. Das Besondere: Vom Start am Starnberger See bis in die H\u00f6henlagen der Berge bewegen sich Glowacz und Hans ausschlie\u00dflich mit dem Mountainbike fort. Auf 2.500 Kilometern folgen sie alten Versorgungswegen und schmalen Trails. V\u00f6llig autark und vor allem CO2-neutral. Ein inspirierendes Buch f\u00fcr alle Kletterer, Mountainbike-Fahrer und Outdoor-Enthusiasten! Mit einem Vorwort von Markus Lanz.<\/p>\n<div class=\"biblioBinding\"><span class=\"value\">Kartonierter Einband<\/span><\/div>\n<div class=\"biblioPages\"><span class=\"value\">144 Seiten, 110 Abbildungen<br \/>\n<\/span><\/div>\n<\/div>\n<\/div>\n<\/div>","protected":false},"excerpt":{"rendered":"<p>Mit Mountainbikes und Kletter-Equipment quer durch die Alpen. 50.000 H\u00f6henmeter. 2 W\u00e4nde. Jede Menge Abenteuer. Zwei L\u00e4nder, zwei W\u00e4nde, zwei Erstbegehungen Die neueste Expedition von Stefan Glowacz hat es in sich: Zusammen mit seinem Partner Philipp Hans bricht der Profikletterer und Extrembergsteiger im Sommer 2021 auf, um zu beweisen, dass man selbst in den restlos [&#8230;]\n","protected":false},"featured_media":160256,"template":"","meta":[],"product_brand":[],"product_cat":[21542],"product_tag":[],"class_list":{"0":"post-160255","1":"product","2":"type-product","3":"status-publish","4":"has-post-thumbnail","6":"product_cat-sachbuecher-dokumentationen","7":"pa_autor-glowacz-philipp","8":"pa_erscheinungsjahr-27013","9":"pa_region-uebrigers-europa","10":"pa_sprache-de","12":"first","13":"onbackorder","14":"taxable","15":"shipping-taxable","16":"purchasable","17":"product-type-simple"},"_links":{"self":[{"href":"https:\/\/pizbube.ch\/en\/wp-json\/wp\/v2\/product\/160255","targetHints":{"allow":["GET"]}}],"collection":[{"href":"https:\/\/pizbube.ch\/en\/wp-json\/wp\/v2\/product"}],"about":[{"href":"https:\/\/pizbube.ch\/en\/wp-json\/wp\/v2\/types\/product"}],"wp:featuredmedia":[{"embeddable":true,"href":"https:\/\/pizbube.ch\/en\/wp-json\/wp\/v2\/media\/160256"}],"wp:attachment":[{"href":"https:\/\/pizbube.ch\/en\/wp-json\/wp\/v2\/media?parent=160255"}],"wp:term":[{"taxonomy":"product_brand","embeddable":true,"href":"https:\/\/pizbube.ch\/en\/wp-json\/wp\/v2\/product_brand?post=160255"},{"taxonomy":"product_cat","embeddable":true,"href":"https:\/\/pizbube.ch\/en\/wp-json\/wp\/v2\/product_cat?post=160255"},{"taxonomy":"product_tag","embeddable":true,"href":"https:\/\/pizbube.ch\/en\/wp-json\/wp\/v2\/product_tag?post=160255"}],"curies":[{"name":"wp","href":"https:\/\/api.w.org\/{rel}","templated":true}]}}