{"id":160261,"date":"2022-01-04T11:42:08","date_gmt":"2022-01-04T10:42:08","guid":{"rendered":"https:\/\/pizbube.ch\/?post_type=product&#038;p=160261"},"modified":"2023-06-22T10:44:54","modified_gmt":"2023-06-22T08:44:54","slug":"kletterfuehrer-gesaeuse","status":"publish","type":"product","link":"https:\/\/pizbube.ch\/en\/shop\/kletterfuehrer-gesaeuse\/","title":{"rendered":"Kletterf\u00fchrer Ges\u00e4use"},"content":{"rendered":"<p>Das Ges\u00e4use <span class=\"value\">(&#171;Xeis&#187;) <\/span>bietet eine unglaubliche Routenvielfalt von \u00fcber 1.000 Mehrseill\u00e4ngenrouten in alpinem Gel\u00e4nde.<\/p>\n<p>Eine steinerne Synfonie \u2013 Kletterern klingen ihre Namen wie Musik in den Ohren: Festkogel, Planspitze, Dachl, Hochtor, Gr. \u00d6dstein \u2026<\/p>\n<p>Ges\u00e4usefels hat alpinistische Tradition. Seit Jahrzehnten werden die beeindruckenden, ein\u00adsamen Wandfluchten hoch \u00fcber der Enns von Kletterern besucht. Das raue, wasserzer\u00adfressene Kalkgestein und das landschaftlich einmalige Ambiente lassen dieses Gebirge zur bergsteigerischen Hochburg mit unvergess\u00adlichem Erlebniswert werden.<\/p>\n<p>Die Autoren haben die lohnendsten Routen im Xeis im Kletterf\u00fchrer Ges\u00e4use in Buchform gebracht:<br \/>\nIm Kletterf\u00fchrer Ges\u00e4use sind all diese \u00fcber 1.000 Routen vorgestellt:<\/p>\n<div id=\"tab-tab-vorgestellte-routen\" class=\"panel entry-content\">\n<p>Alle bislang bekannten Routen der Ennstaler Alpen (Ges\u00e4use).<\/p>\n<p>Informationen aus:<br \/>\nAlpenvereinsf\u00fchrer Ennstaler Alpen (1988 \u2013 W. End)<br \/>\nKletterf\u00fcher Ges\u00e4use (1984 \u2013 K. Schall \/ B. Wagner \/ H. Wolf)<br \/>\nDiverse Quellen (Erstbegeher)<br \/>\nEigene Begehungen<\/p>\n<\/div>\n<p>A4 Hardcover-Buch mit Fadenheftung und Faden-Lesezeichen.<br \/>\n1.040 Routen inkl. Varianten mit 280 Anstiegsskizzen<br \/>\n672 Seiten; 3.25 Kg.<\/p>","protected":false},"excerpt":{"rendered":"<p>Das Ges\u00e4use (&#171;Xeis&#187;) bietet eine unglaubliche Routenvielfalt von \u00fcber 1.000 Mehrseill\u00e4ngenrouten in alpinem Gel\u00e4nde. Eine steinerne Synfonie \u2013 Kletterern klingen ihre Namen wie Musik in den Ohren: Festkogel, Planspitze, Dachl, Hochtor, Gr. \u00d6dstein \u2026 Ges\u00e4usefels hat alpinistische Tradition. Seit Jahrzehnten werden die beeindruckenden, ein\u00adsamen Wandfluchten hoch \u00fcber der Enns von Kletterern besucht. Das raue, wasserzer\u00adfressene [&#8230;]\n","protected":false},"featured_media":160838,"template":"","meta":[],"product_brand":[],"product_cat":[21539],"product_tag":[27032],"class_list":{"0":"post-160261","1":"product","2":"type-product","3":"status-publish","4":"has-post-thumbnail","6":"product_cat-fuehrerliteratur-sportklettern-bouldern","7":"product_tag-xeis-auslese","8":"pa_autor-reinmueller-hollinger","9":"pa_erscheinungsjahr-25440","10":"pa_region-oesterreich","11":"pa_sprache-de","13":"first","14":"instock","15":"taxable","16":"shipping-taxable","17":"purchasable","18":"product-type-simple"},"_links":{"self":[{"href":"https:\/\/pizbube.ch\/en\/wp-json\/wp\/v2\/product\/160261","targetHints":{"allow":["GET"]}}],"collection":[{"href":"https:\/\/pizbube.ch\/en\/wp-json\/wp\/v2\/product"}],"about":[{"href":"https:\/\/pizbube.ch\/en\/wp-json\/wp\/v2\/types\/product"}],"wp:featuredmedia":[{"embeddable":true,"href":"https:\/\/pizbube.ch\/en\/wp-json\/wp\/v2\/media\/160838"}],"wp:attachment":[{"href":"https:\/\/pizbube.ch\/en\/wp-json\/wp\/v2\/media?parent=160261"}],"wp:term":[{"taxonomy":"product_brand","embeddable":true,"href":"https:\/\/pizbube.ch\/en\/wp-json\/wp\/v2\/product_brand?post=160261"},{"taxonomy":"product_cat","embeddable":true,"href":"https:\/\/pizbube.ch\/en\/wp-json\/wp\/v2\/product_cat?post=160261"},{"taxonomy":"product_tag","embeddable":true,"href":"https:\/\/pizbube.ch\/en\/wp-json\/wp\/v2\/product_tag?post=160261"}],"curies":[{"name":"wp","href":"https:\/\/api.w.org\/{rel}","templated":true}]}}