{"id":160288,"date":"2022-01-05T14:03:15","date_gmt":"2022-01-05T13:03:15","guid":{"rendered":"https:\/\/pizbube.ch\/?post_type=product&#038;p=160288"},"modified":"2022-01-27T10:03:48","modified_gmt":"2022-01-27T09:03:48","slug":"winter-8000","status":"publish","type":"product","link":"https:\/\/pizbube.ch\/en\/shop\/winter-8000\/","title":{"rendered":"Winter 8000"},"content":{"rendered":"<p><span class=\"value\">In eisiger K\u00e4lte auf den h\u00f6chsten Bergen der Welt<\/span><\/p>\n<p><span class=\"value\">Schneidende K\u00e4lte, die Material und Willen gleicherma\u00dfen bricht. St\u00fcrme, deren Gewalt Menschen vom Berg fegen kann. Kurze Tage und lange, dunkle N\u00e4chte. Abgeschiedenheit und Isolation. Winterbergsteigen an den Achttausendern ist eine Erfahrung im absoluten Grenzbereich. <\/span><\/p>\n<p><span class=\"value\">Neben eindr\u00fccklichen Schilderungen der Besteigungen, bei denen die elementaren Urgewalten des Winters regelrecht f\u00fchlbar werden, zeichnet Bernadette McDonald ber\u00fchrende, erkenntnisreiche Portr\u00e4ts der Protagonisten, ihrer Familien und ihres oft pr\u00e4genden Umfelds. Dabei scheut sie nicht vor kritischen Betrachtungen und Fragen zur\u00fcck. Warum entscheiden sich diese au\u00dfergew\u00f6hnlichen M\u00e4nner und Frauen dazu, die h\u00f6chsten Berge der Welt in der k\u00e4ltesten Jahreszeit zu besteigen? Wie halten sie die extreme Bedingungen aus? Wie gehen sie mit den hohen Risiken um? Und wie k\u00f6nnen sie den Kollateralschaden rechtfertigen, den ihre Leidenschaft verursacht &#8211; die Opfer und ihre Hinterbliebenen? <\/span><\/p>\n<p><span class=\"value\">Die Antworten, die \u00abWinter 8000\u00bb gibt, sind so vielseitig wie die Bergsteiger und die Gipfel selbst.<\/span><\/p>\n<div class=\"biblioPages\"><span class=\"value\">320 Seiten<\/span><\/div>\n<div class=\"biblioIllustations\"><span class=\"key\">Illustrationen<\/span><span class=\"value\">Zahlreiche Abbildungen<\/span><\/div>","protected":false},"excerpt":{"rendered":"<p>In eisiger K\u00e4lte auf den h\u00f6chsten Bergen der Welt Schneidende K\u00e4lte, die Material und Willen gleicherma\u00dfen bricht. St\u00fcrme, deren Gewalt Menschen vom Berg fegen kann. Kurze Tage und lange, dunkle N\u00e4chte. Abgeschiedenheit und Isolation. Winterbergsteigen an den Achttausendern ist eine Erfahrung im absoluten Grenzbereich. Neben eindr\u00fccklichen Schilderungen der Besteigungen, bei denen die elementaren Urgewalten des [&#8230;]\n","protected":false},"featured_media":160289,"template":"","meta":[],"product_brand":[],"product_cat":[21542],"product_tag":[],"class_list":{"0":"post-160288","1":"product","2":"type-product","3":"status-publish","4":"has-post-thumbnail","6":"product_cat-sachbuecher-dokumentationen","7":"pa_autor-mcdonald","8":"pa_erscheinungsjahr-27013","9":"pa_region-asien","10":"pa_sprache-de","12":"first","13":"instock","14":"taxable","15":"shipping-taxable","16":"purchasable","17":"product-type-simple"},"_links":{"self":[{"href":"https:\/\/pizbube.ch\/en\/wp-json\/wp\/v2\/product\/160288","targetHints":{"allow":["GET"]}}],"collection":[{"href":"https:\/\/pizbube.ch\/en\/wp-json\/wp\/v2\/product"}],"about":[{"href":"https:\/\/pizbube.ch\/en\/wp-json\/wp\/v2\/types\/product"}],"wp:featuredmedia":[{"embeddable":true,"href":"https:\/\/pizbube.ch\/en\/wp-json\/wp\/v2\/media\/160289"}],"wp:attachment":[{"href":"https:\/\/pizbube.ch\/en\/wp-json\/wp\/v2\/media?parent=160288"}],"wp:term":[{"taxonomy":"product_brand","embeddable":true,"href":"https:\/\/pizbube.ch\/en\/wp-json\/wp\/v2\/product_brand?post=160288"},{"taxonomy":"product_cat","embeddable":true,"href":"https:\/\/pizbube.ch\/en\/wp-json\/wp\/v2\/product_cat?post=160288"},{"taxonomy":"product_tag","embeddable":true,"href":"https:\/\/pizbube.ch\/en\/wp-json\/wp\/v2\/product_tag?post=160288"}],"curies":[{"name":"wp","href":"https:\/\/api.w.org\/{rel}","templated":true}]}}