{"id":160291,"date":"2022-01-05T16:19:43","date_gmt":"2022-01-05T15:19:43","guid":{"rendered":"https:\/\/pizbube.ch\/?post_type=product&#038;p=160291"},"modified":"2024-08-13T10:19:58","modified_gmt":"2024-08-13T08:19:58","slug":"teixl-does-isch-a-praechtige-wand-die-tourenbuecher-der-suedtiroler-bergsteigerbrueder-hruschka-1910-1957","status":"publish","type":"product","link":"https:\/\/pizbube.ch\/en\/shop\/teixl-does-isch-a-praechtige-wand-die-tourenbuecher-der-suedtiroler-bergsteigerbrueder-hruschka-1910-1957\/","title":{"rendered":"\u201eTeixl, d\u00f6s isch a pr\u00e4chtige Wand\u201c: Die Tourenb\u00fccher der S\u00fcdtiroler Bergsteigerbr\u00fcder Hruschka 1910\u20131957"},"content":{"rendered":"<div>\n<div class=\"a-expander-content a-expander-partial-collapse-content a-expander-content-expanded\">Bergsteigen vor rund 100 Jahren: mit dem Fahrrad zum Ausgangspunkt, in Baumwollhemd und Knickerbocker auf den Gipfel, mit Hanfseilen an steilen Felsw\u00e4nden empor, sich selbst \u00fcberlassen bei Unf\u00e4llen, einzelne H\u00f6hepunkte auf Fotografien handgeschriebene Tourenb\u00fccher \u00fcber Besteigungen und Bergerlebnisse.<\/div>\n<div><\/div>\n<div><\/div>\n<div class=\"a-expander-content a-expander-partial-collapse-content a-expander-content-expanded\">Die umfangreichen, pers\u00f6nlichen Tourenb\u00fccher der S\u00fcdtiroler Bergsteigerbr\u00fcder Hruschka waren es, die zur Entstehung dieses Bands gef\u00fchrt haben: Sie geben unmittelbare Einblicke in das Bergsteigen in S\u00fcdtirol von damals und lassen vergangene Bergabenteuer mit- und einmalige Klettertouren nacherleben, nicht zuletzt durch Reproduktionen einiger Lichtbilder aus den Bergtageb\u00fcchern.<\/div>\n<div><\/div>\n<div><\/div>\n<div class=\"a-expander-content a-expander-partial-collapse-content a-expander-content-expanded\">Zugleich f\u00fchrt der Band auf einen historischen Ausflug in eine Zeit, die von Krieg und politischen Wirren gepr\u00e4gt war: Die Tageb\u00fccher spiegeln auch pers\u00f6nliche Erfahrungen aus einer Epoche wider, in der es in S\u00fcdtirol keinen Schulunterricht in deutscher Sprache gab und der Alpenverein nicht bestand. Akribisch genau zusammengetragen und dokumentiert hat all das Martin Harpf, nicht nur, indem er die Tourenb\u00fccher erschlossen, sondern auch, indem er einem Teil seiner eigenen Familiengeschichte, der Geschichte der Familie Hruschka, nachgesp\u00fcrt hat.<\/div>\n<div><\/div>\n<div><\/div>\n<div>\n<p>Die Br\u00fcder Josef und Max Hruschka gew\u00e4hren mit ihren umfangreichen Bergtageb\u00fcchern einen spannenden Einblick in das Bergsteigen vor 100 Jahren. Eine Auswahl der interessantesten Tourenbeschreibungen liegt nun in Buchform vor und nimmt die Leser mit auf eine historische Abenteuerreise in die wunderbare Bergwelt der Dolomiten. Abgerundet werden die Erz\u00e4h\u00adlungen mit Reproduktionen von Lichtbildern aus den Touren\u00ad b\u00fcchern und einer Auswahl von Foto\u00ad grafien des Brixner Alpinfotografen Joseph March (1879\u20131948), ein Berg\u00adfreund von Josef Hruschka.<\/p>\n<\/div>\n<\/div>\n<div>160 Seiten;<span class=\"a-list-item\"> <span class=\"a-text-bold\">Abmessungen : \u200e <\/span> 21.5 x 1.9 x 28.7 cm <\/span><\/div>","protected":false},"excerpt":{"rendered":"<p>Bergsteigen vor rund 100 Jahren: mit dem Fahrrad zum Ausgangspunkt, in Baumwollhemd und Knickerbocker auf den Gipfel, mit Hanfseilen an steilen Felsw\u00e4nden empor, sich selbst \u00fcberlassen bei Unf\u00e4llen, einzelne H\u00f6hepunkte auf Fotografien handgeschriebene Tourenb\u00fccher \u00fcber Besteigungen und Bergerlebnisse. Die umfangreichen, pers\u00f6nlichen Tourenb\u00fccher der S\u00fcdtiroler Bergsteigerbr\u00fcder Hruschka waren es, die zur Entstehung dieses Bands gef\u00fchrt haben: [&#8230;]\n","protected":false},"featured_media":160292,"template":"","meta":[],"product_brand":[],"product_cat":[26762],"product_tag":[],"class_list":{"0":"post-160291","1":"product","2":"type-product","3":"status-publish","4":"has-post-thumbnail","6":"product_cat-unkategorisiert","7":"pa_autor-harpf-hrsg","8":"pa_erscheinungsjahr-25440","9":"pa_region-italien","10":"pa_sprache-de","12":"first","13":"outofstock","14":"taxable","15":"shipping-taxable","16":"purchasable","17":"product-type-simple"},"_links":{"self":[{"href":"https:\/\/pizbube.ch\/en\/wp-json\/wp\/v2\/product\/160291","targetHints":{"allow":["GET"]}}],"collection":[{"href":"https:\/\/pizbube.ch\/en\/wp-json\/wp\/v2\/product"}],"about":[{"href":"https:\/\/pizbube.ch\/en\/wp-json\/wp\/v2\/types\/product"}],"wp:featuredmedia":[{"embeddable":true,"href":"https:\/\/pizbube.ch\/en\/wp-json\/wp\/v2\/media\/160292"}],"wp:attachment":[{"href":"https:\/\/pizbube.ch\/en\/wp-json\/wp\/v2\/media?parent=160291"}],"wp:term":[{"taxonomy":"product_brand","embeddable":true,"href":"https:\/\/pizbube.ch\/en\/wp-json\/wp\/v2\/product_brand?post=160291"},{"taxonomy":"product_cat","embeddable":true,"href":"https:\/\/pizbube.ch\/en\/wp-json\/wp\/v2\/product_cat?post=160291"},{"taxonomy":"product_tag","embeddable":true,"href":"https:\/\/pizbube.ch\/en\/wp-json\/wp\/v2\/product_tag?post=160291"}],"curies":[{"name":"wp","href":"https:\/\/api.w.org\/{rel}","templated":true}]}}