{"id":160367,"date":"2022-01-13T14:17:12","date_gmt":"2022-01-13T13:17:12","guid":{"rendered":"https:\/\/pizbube.ch\/?post_type=product&#038;p=160367"},"modified":"2024-09-09T09:36:06","modified_gmt":"2024-09-09T07:36:06","slug":"senja-nord-150000","status":"publish","type":"product","link":"https:\/\/pizbube.ch\/en\/shop\/senja-nord-150000\/","title":{"rendered":"Senja nord 1:50&#8217;000"},"content":{"rendered":"<p>Serie Norwegen Topo 3000, Blatt 3029<br \/>\nMassstab 1:50.000<\/p>\n<p>Gryllefjord &#8211; Mefjordv\u00e6r &#8211; Ersfjord &#8211; \u00a0Senjahopen &#8211; Sommar\u00f8y &#8211; Senja &#8211; Kistefjellet &#8211; Silsand &#8211; Svanelvmoen &#8211; Botnhamn<\/p>\n<p>Die doppelseitig bedruckte\u00a0Karte ist wasser- und rei\u00dffest und hebt\u00a0Wanderwege, H\u00fctten und andere wichtige Informationen f\u00fcr Ihre Wanderungen und\u00a0andere Erlebnisse in der Natur\u00a0deutlich hervor.<\/p>\n<p>Das farbige Kartenbild zeigt H\u00f6henlinien, Stra\u00dfen, Wege, Tunnel, F\u00e4hren, Eisenbahnlinien, Bahnh\u00f6fe, Parkpl\u00e4tze, Wanderwege, Loipen, Orte, H\u00fctten, Fl\u00fcsse,\u00a0Seen, Stauseen, Br\u00fccken,\u00a0Hotels, Campingpl\u00e4tze, Krankenh\u00e4user, Kirchen, Industriegel\u00e4nde, Leuchtt\u00fcrme, Stromleitungen, D\u00e4mme, Windr\u00e4der, Ruinen,\u00a0Sehensw\u00fcrdigkeiten, Namen und vieles, vieles mehr.<br \/>\nDie Legende ist norwegisch und englisch; das UTM-Gitter ist aufgedruckt; EUREF89\u00a0(WGS84)<\/p>","protected":false},"excerpt":{"rendered":"<p>Serie Norwegen Topo 3000, Blatt 3029 Massstab 1:50.000 Gryllefjord &#8211; Mefjordv\u00e6r &#8211; Ersfjord &#8211; \u00a0Senjahopen &#8211; Sommar\u00f8y &#8211; Senja &#8211; Kistefjellet &#8211; Silsand &#8211; Svanelvmoen &#8211; Botnhamn Die doppelseitig bedruckte\u00a0Karte ist wasser- und rei\u00dffest und hebt\u00a0Wanderwege, H\u00fctten und andere wichtige Informationen f\u00fcr Ihre Wanderungen und\u00a0andere Erlebnisse in der Natur\u00a0deutlich hervor. Das farbige Kartenbild zeigt H\u00f6henlinien, [&#8230;]\n","protected":false},"featured_media":160368,"template":"","meta":[],"product_brand":[],"product_cat":[21543],"product_tag":[],"class_list":{"0":"post-160367","1":"product","2":"type-product","3":"status-publish","4":"has-post-thumbnail","6":"product_cat-landkarten","7":"pa_autor-nordeca-statens-kartverk","8":"pa_erscheinungsjahr-21558","9":"pa_region-skandinavien-norwegen-schweden-finnland","10":"pa_sprache-de-en-norw","12":"first","13":"onbackorder","14":"taxable","15":"shipping-taxable","16":"purchasable","17":"product-type-simple"},"_links":{"self":[{"href":"https:\/\/pizbube.ch\/en\/wp-json\/wp\/v2\/product\/160367","targetHints":{"allow":["GET"]}}],"collection":[{"href":"https:\/\/pizbube.ch\/en\/wp-json\/wp\/v2\/product"}],"about":[{"href":"https:\/\/pizbube.ch\/en\/wp-json\/wp\/v2\/types\/product"}],"wp:featuredmedia":[{"embeddable":true,"href":"https:\/\/pizbube.ch\/en\/wp-json\/wp\/v2\/media\/160368"}],"wp:attachment":[{"href":"https:\/\/pizbube.ch\/en\/wp-json\/wp\/v2\/media?parent=160367"}],"wp:term":[{"taxonomy":"product_brand","embeddable":true,"href":"https:\/\/pizbube.ch\/en\/wp-json\/wp\/v2\/product_brand?post=160367"},{"taxonomy":"product_cat","embeddable":true,"href":"https:\/\/pizbube.ch\/en\/wp-json\/wp\/v2\/product_cat?post=160367"},{"taxonomy":"product_tag","embeddable":true,"href":"https:\/\/pizbube.ch\/en\/wp-json\/wp\/v2\/product_tag?post=160367"}],"curies":[{"name":"wp","href":"https:\/\/api.w.org\/{rel}","templated":true}]}}