{"id":160370,"date":"2022-01-13T14:17:23","date_gmt":"2022-01-13T13:17:23","guid":{"rendered":"https:\/\/pizbube.ch\/?post_type=product&#038;p=160370"},"modified":"2025-01-20T14:15:22","modified_gmt":"2025-01-20T13:15:22","slug":"senja-sor-150000","status":"publish","type":"product","link":"https:\/\/pizbube.ch\/en\/shop\/senja-sor-150000\/","title":{"rendered":"Senja s\u00f8r 1:50&#8217;000"},"content":{"rendered":"<p>Serie Norwegen Topo 3000, Blatt 3028<br \/>\nMassstab 1:50.000<\/p>\n<p>Gryllefjord &#8211; Bl\u00e5fjellet &#8211; Dyr\u00f8yhamn &#8211; \u00c5nderdalen &#8211; Finnfjordbotn &#8211; S\u00f8rreisa &#8211; Finnsnes &#8211; Senja &#8211; Gibostad &#8211; Solbergfjorden &#8211; Leiknes &#8211; Kistefjellet &#8211; Stonglandseidet<\/p>\n<p>Die doppelseitig bedruckte\u00a0Karte ist wasser- und rei\u00dffest und hebt\u00a0Wanderwege, H\u00fctten und andere wichtige Informationen f\u00fcr Ihre Wanderungen und\u00a0andere Erlebnisse in der Natur\u00a0deutlich hervor.<\/p>\n<p>Das farbige Kartenbild zeigt H\u00f6henlinien, Stra\u00dfen, Wege, Tunnel, F\u00e4hren, Eisenbahnlinien, Bahnh\u00f6fe, Parkpl\u00e4tze, Wanderwege, Loipen, Orte, H\u00fctten, Fl\u00fcsse,\u00a0Seen, Stauseen, Br\u00fccken,\u00a0Hotels, Campingpl\u00e4tze, Krankenh\u00e4user, Kirchen, Industriegel\u00e4nde, Leuchtt\u00fcrme, Stromleitungen, D\u00e4mme, Windr\u00e4der, Ruinen,\u00a0Sehensw\u00fcrdigkeiten, Namen und vieles, vieles mehr.<\/p>\n<p>Die Legende ist norwegisch und englisch; das UTM-Gitter ist aufgedruckt; EUREF89\u00a0(WGS84)<\/p>","protected":false},"excerpt":{"rendered":"<p>Serie Norwegen Topo 3000, Blatt 3028 Massstab 1:50.000 Gryllefjord &#8211; Bl\u00e5fjellet &#8211; Dyr\u00f8yhamn &#8211; \u00c5nderdalen &#8211; Finnfjordbotn &#8211; S\u00f8rreisa &#8211; Finnsnes &#8211; Senja &#8211; Gibostad &#8211; Solbergfjorden &#8211; Leiknes &#8211; Kistefjellet &#8211; Stonglandseidet Die doppelseitig bedruckte\u00a0Karte ist wasser- und rei\u00dffest und hebt\u00a0Wanderwege, H\u00fctten und andere wichtige Informationen f\u00fcr Ihre Wanderungen und\u00a0andere Erlebnisse in der Natur\u00a0deutlich [&#8230;]\n","protected":false},"featured_media":160373,"template":"","meta":[],"product_brand":[],"product_cat":[21543],"product_tag":[27069,27035],"class_list":{"0":"post-160370","1":"product","2":"type-product","3":"status-publish","4":"has-post-thumbnail","6":"product_cat-landkarten","7":"product_tag-senja-sor","8":"product_tag-senja-sud","9":"pa_autor-nordeca-statens-kartverk","10":"pa_erscheinungsjahr-21558","11":"pa_region-skandinavien-norwegen-schweden-finnland","12":"pa_sprache-de-en-norw","14":"first","15":"onbackorder","16":"taxable","17":"shipping-taxable","18":"purchasable","19":"product-type-simple"},"_links":{"self":[{"href":"https:\/\/pizbube.ch\/en\/wp-json\/wp\/v2\/product\/160370","targetHints":{"allow":["GET"]}}],"collection":[{"href":"https:\/\/pizbube.ch\/en\/wp-json\/wp\/v2\/product"}],"about":[{"href":"https:\/\/pizbube.ch\/en\/wp-json\/wp\/v2\/types\/product"}],"wp:featuredmedia":[{"embeddable":true,"href":"https:\/\/pizbube.ch\/en\/wp-json\/wp\/v2\/media\/160373"}],"wp:attachment":[{"href":"https:\/\/pizbube.ch\/en\/wp-json\/wp\/v2\/media?parent=160370"}],"wp:term":[{"taxonomy":"product_brand","embeddable":true,"href":"https:\/\/pizbube.ch\/en\/wp-json\/wp\/v2\/product_brand?post=160370"},{"taxonomy":"product_cat","embeddable":true,"href":"https:\/\/pizbube.ch\/en\/wp-json\/wp\/v2\/product_cat?post=160370"},{"taxonomy":"product_tag","embeddable":true,"href":"https:\/\/pizbube.ch\/en\/wp-json\/wp\/v2\/product_tag?post=160370"}],"curies":[{"name":"wp","href":"https:\/\/api.w.org\/{rel}","templated":true}]}}