{"id":160422,"date":"2022-01-19T10:04:07","date_gmt":"2022-01-19T09:04:07","guid":{"rendered":"https:\/\/pizbube.ch\/?post_type=product&#038;p=160422"},"modified":"2025-12-23T16:04:28","modified_gmt":"2025-12-23T15:04:28","slug":"aladaglar-mountains-turkey-topographic-tourist-map-140000","status":"publish","type":"product","link":"https:\/\/pizbube.ch\/en\/shop\/aladaglar-mountains-turkey-topographic-tourist-map-140000\/","title":{"rendered":"Aladaglar Mountains Turkey &#8211; Topographic Tourist Map 1:40&#8217;000"},"content":{"rendered":"<p>Detailed, full-colour topographical map 1:40&#8217;000 of the Alada\u011flar Mountains, Taurus Mountains, Turkey.<\/p>\n<p>Waterproof and rip-resistant paper.<br \/>\nPublished with the Dursun \u015eim\u015fek. 25m contours, full colour.<\/p>\n<p>Useful information on walking, mountaineering and ski routes, accommodation and useful contacts. Photographs of area and annotated panoramas.<\/p>\n<p>Size: 870&#215;560, folded to 218x140mm, self-cover. 1:40,000.<\/p>\n<p>&nbsp;<\/p>","protected":false},"excerpt":{"rendered":"<p>Detailed, full-colour topographical map 1:40&#8217;000 of the Alada\u011flar Mountains, Taurus Mountains, Turkey. Waterproof and rip-resistant paper. Published with the Dursun \u015eim\u015fek. 25m contours, full colour. Useful information on walking, mountaineering and ski routes, accommodation and useful contacts. Photographs of area and annotated panoramas. Size: 870&#215;560, folded to 218x140mm, self-cover. 1:40,000. &nbsp;<\/p>","protected":false},"featured_media":160423,"template":"","meta":[],"product_brand":[],"product_cat":[21543],"product_tag":[],"class_list":{"0":"post-160422","1":"product","2":"type-product","3":"status-publish","4":"has-post-thumbnail","6":"product_cat-landkarten","7":"pa_autor-ewp","8":"pa_erscheinungsjahr-21546","9":"pa_region-osteuropa","10":"pa_sprache-en","12":"first","13":"outofstock","14":"taxable","15":"shipping-taxable","16":"purchasable","17":"product-type-simple"},"_links":{"self":[{"href":"https:\/\/pizbube.ch\/en\/wp-json\/wp\/v2\/product\/160422","targetHints":{"allow":["GET"]}}],"collection":[{"href":"https:\/\/pizbube.ch\/en\/wp-json\/wp\/v2\/product"}],"about":[{"href":"https:\/\/pizbube.ch\/en\/wp-json\/wp\/v2\/types\/product"}],"wp:featuredmedia":[{"embeddable":true,"href":"https:\/\/pizbube.ch\/en\/wp-json\/wp\/v2\/media\/160423"}],"wp:attachment":[{"href":"https:\/\/pizbube.ch\/en\/wp-json\/wp\/v2\/media?parent=160422"}],"wp:term":[{"taxonomy":"product_brand","embeddable":true,"href":"https:\/\/pizbube.ch\/en\/wp-json\/wp\/v2\/product_brand?post=160422"},{"taxonomy":"product_cat","embeddable":true,"href":"https:\/\/pizbube.ch\/en\/wp-json\/wp\/v2\/product_cat?post=160422"},{"taxonomy":"product_tag","embeddable":true,"href":"https:\/\/pizbube.ch\/en\/wp-json\/wp\/v2\/product_tag?post=160422"}],"curies":[{"name":"wp","href":"https:\/\/api.w.org\/{rel}","templated":true}]}}