{"id":160425,"date":"2022-01-19T10:35:39","date_gmt":"2022-01-19T09:35:39","guid":{"rendered":"https:\/\/pizbube.ch\/?post_type=product&#038;p=160425"},"modified":"2022-07-15T09:11:35","modified_gmt":"2022-07-15T07:11:35","slug":"bouldering-i-bohuslaen","status":"publish","type":"product","link":"https:\/\/pizbube.ch\/en\/shop\/bouldering-i-bohuslaen\/","title":{"rendered":"Bouldering i Bohusl\u00e4n"},"content":{"rendered":"<div class=\"sidebar-box\">\n<div>\n<p>Bouldering guidebook for the Bohusl\u00e4n area \/ Sweden.<br \/>\nMore than 500 bouklderproblems in the following spots are described:<br \/>\nFj\u00e4llbacka (14 Problems), Hamburg\u00f6 (80), V\u00e4ser\u00f6d (172), Ulebergshamn (22), H\u00e4ller (91), Ulorna (13), Ed (17), Fiskeb\u00e4cksvik (30), Stora Berg med Hogen (27) and Lyse kyrka (23).<\/p>\n<p>In Swedish language only, but with clear phototopos, pictos and maps<\/p>\n<p>Buldref\u00f8rer\u00a0med buldring fra Fj\u00e4llbacka til Lysekil. 500 problem p\u00e5 h\u00f8ykvalitets granitt for nybegynnere og proffe med omtale av hvert sted, og hva som passer for hvem.<\/p>\n<p>Det finnes mange buldere for b\u00e5de nybegynnere og erfarne i i Bohusl\u00e4n. Potentsiale for flere buldre er stor, b\u00e5de langs kysten og innover i landet. Omr\u00e5det er kjent for ha granitt i verdensklasse for klippeklatring, men ta med deg crashpad, og denne boken.<\/p>\n<p>220 pages,<br \/>\nFormat: A5<\/p>\n<\/div>\n<\/div>","protected":false},"excerpt":{"rendered":"<p>Bouldering guidebook for the Bohusl\u00e4n area \/ Sweden. More than 500 bouklderproblems in the following spots are described: Fj\u00e4llbacka (14 Problems), Hamburg\u00f6 (80), V\u00e4ser\u00f6d (172), Ulebergshamn (22), H\u00e4ller (91), Ulorna (13), Ed (17), Fiskeb\u00e4cksvik (30), Stora Berg med Hogen (27) and Lyse kyrka (23). In Swedish language only, but with clear phototopos, pictos and maps [&#8230;]\n","protected":false},"featured_media":160426,"template":"","meta":[],"product_brand":[],"product_cat":[21539],"product_tag":[],"class_list":{"0":"post-160425","1":"product","2":"type-product","3":"status-publish","4":"has-post-thumbnail","6":"product_cat-fuehrerliteratur-sportklettern-bouldern","7":"pa_autor-gryttr","8":"pa_erscheinungsjahr-21546","9":"pa_region-skandinavien-norwegen-schweden-finnland","10":"pa_sprache-swed","12":"first","13":"instock","14":"taxable","15":"shipping-taxable","16":"purchasable","17":"product-type-simple"},"_links":{"self":[{"href":"https:\/\/pizbube.ch\/en\/wp-json\/wp\/v2\/product\/160425","targetHints":{"allow":["GET"]}}],"collection":[{"href":"https:\/\/pizbube.ch\/en\/wp-json\/wp\/v2\/product"}],"about":[{"href":"https:\/\/pizbube.ch\/en\/wp-json\/wp\/v2\/types\/product"}],"wp:featuredmedia":[{"embeddable":true,"href":"https:\/\/pizbube.ch\/en\/wp-json\/wp\/v2\/media\/160426"}],"wp:attachment":[{"href":"https:\/\/pizbube.ch\/en\/wp-json\/wp\/v2\/media?parent=160425"}],"wp:term":[{"taxonomy":"product_brand","embeddable":true,"href":"https:\/\/pizbube.ch\/en\/wp-json\/wp\/v2\/product_brand?post=160425"},{"taxonomy":"product_cat","embeddable":true,"href":"https:\/\/pizbube.ch\/en\/wp-json\/wp\/v2\/product_cat?post=160425"},{"taxonomy":"product_tag","embeddable":true,"href":"https:\/\/pizbube.ch\/en\/wp-json\/wp\/v2\/product_tag?post=160425"}],"curies":[{"name":"wp","href":"https:\/\/api.w.org\/{rel}","templated":true}]}}