{"id":160449,"date":"2022-01-20T10:32:43","date_gmt":"2022-01-20T09:32:43","guid":{"rendered":"https:\/\/pizbube.ch\/?post_type=product&#038;p=160449"},"modified":"2022-01-20T10:37:01","modified_gmt":"2022-01-20T09:37:01","slug":"escalades-dans-le-massif-du-saussois-le-renard-le-parc","status":"publish","type":"product","link":"https:\/\/pizbube.ch\/en\/shop\/escalades-dans-le-massif-du-saussois-le-renard-le-parc\/","title":{"rendered":"Escalades dans le massif du Saussois &#8211; le Renard &#8211; le Parc"},"content":{"rendered":"<p>Nouveau topo \u00e9dit\u00e9 par le comit\u00e9 territorial FFME Yonne :<br \/>\nle massif du Seaussois, le Renard et le Parc (Bourgogne-Franche-Comt\u00e9).<\/p>\n<p>Vous y retrouverez les sites embl\u00e9matiques du Saussois mais aussi les rochers du Renard et du Parc.<\/p>\n<p>Le topo contient 160 pages.<\/p>","protected":false},"excerpt":{"rendered":"<p>Nouveau topo \u00e9dit\u00e9 par le comit\u00e9 territorial FFME Yonne : le massif du Seaussois, le Renard et le Parc (Bourgogne-Franche-Comt\u00e9). Vous y retrouverez les sites embl\u00e9matiques du Saussois mais aussi les rochers du Renard et du Parc. Le topo contient 160 pages.<\/p>","protected":false},"featured_media":160450,"template":"","meta":[],"product_brand":[],"product_cat":[21539],"product_tag":[],"class_list":{"0":"post-160449","1":"product","2":"type-product","3":"status-publish","4":"has-post-thumbnail","6":"product_cat-fuehrerliteratur-sportklettern-bouldern","7":"pa_autor-calmus","8":"pa_erscheinungsjahr-25440","9":"pa_region-frankreich","10":"pa_sprache-fr","12":"first","13":"instock","14":"taxable","15":"shipping-taxable","16":"purchasable","17":"product-type-simple"},"_links":{"self":[{"href":"https:\/\/pizbube.ch\/en\/wp-json\/wp\/v2\/product\/160449","targetHints":{"allow":["GET"]}}],"collection":[{"href":"https:\/\/pizbube.ch\/en\/wp-json\/wp\/v2\/product"}],"about":[{"href":"https:\/\/pizbube.ch\/en\/wp-json\/wp\/v2\/types\/product"}],"wp:featuredmedia":[{"embeddable":true,"href":"https:\/\/pizbube.ch\/en\/wp-json\/wp\/v2\/media\/160450"}],"wp:attachment":[{"href":"https:\/\/pizbube.ch\/en\/wp-json\/wp\/v2\/media?parent=160449"}],"wp:term":[{"taxonomy":"product_brand","embeddable":true,"href":"https:\/\/pizbube.ch\/en\/wp-json\/wp\/v2\/product_brand?post=160449"},{"taxonomy":"product_cat","embeddable":true,"href":"https:\/\/pizbube.ch\/en\/wp-json\/wp\/v2\/product_cat?post=160449"},{"taxonomy":"product_tag","embeddable":true,"href":"https:\/\/pizbube.ch\/en\/wp-json\/wp\/v2\/product_tag?post=160449"}],"curies":[{"name":"wp","href":"https:\/\/api.w.org\/{rel}","templated":true}]}}