{"id":160453,"date":"2022-01-20T10:42:35","date_gmt":"2022-01-20T09:42:35","guid":{"rendered":"https:\/\/pizbube.ch\/?post_type=product&#038;p=160453"},"modified":"2025-08-13T14:47:32","modified_gmt":"2025-08-13T12:47:32","slug":"escalade-a-carville","status":"publish","type":"product","link":"https:\/\/pizbube.ch\/en\/shop\/escalade-a-carville\/","title":{"rendered":"Escalade \u00e0 Carville"},"content":{"rendered":"<p>Sites d&#8217;escalade en Basse-Normandie<\/p>\n<p>Nous sommes ici chez la petite s\u0153ur de Cl\u00e9cy. La falaise de Carville, haute d\u2019une quarantaine de m\u00e8tres, offre une escalade ludique pour les grimpeurs d\u00e9butants ou confirm\u00e9s.<br \/>\nL\u2019\u00e9quipement du site est r\u00e9cent puisqu\u2019il a \u00e9t\u00e9 achev\u00e9 il y a un peu plus de 10 ans.<\/p>\n<p>D\u00e9couvrez l&#8217;escalade en Basse-Normandie sur la falaise de Carville, haute d\u2019une quarantaine de m\u00e8tres. L\u2019escalade y est ludique pour les grimpeurs d\u00e9butants ou confirm\u00e9s et en fait donc une destination de choix pour une escapade familiale verticale.<br \/>\nLa falaise se situe sur la commune de Carville situ\u00e9e entre Vire et Saint-L\u00f4. Depuis le sommet des voies, vous pourrez admirer le cheminement de la Vire au c\u0153ur du bocage normand compos\u00e9 de parcelles verdoyantes.<\/p>\n<p>Les secteurs :<\/p>\n<ul>\n<li>Les galettes<\/li>\n<li>Les tours<\/li>\n<li>Lorelei<\/li>\n<li>Les petites dalles<\/li>\n<li>Les oubliettes<\/li>\n<li>La poire<\/li>\n<li>Les dentelles<\/li>\n<li>Les grands toits<\/li>\n<li>Le gen\u00e9vrier<\/li>\n<li>Les grandes dalles<\/li>\n<li>Aile froide<\/li>\n<\/ul>","protected":false},"excerpt":{"rendered":"<p>Sites d&#8217;escalade en Basse-Normandie Nous sommes ici chez la petite s\u0153ur de Cl\u00e9cy. La falaise de Carville, haute d\u2019une quarantaine de m\u00e8tres, offre une escalade ludique pour les grimpeurs d\u00e9butants ou confirm\u00e9s. L\u2019\u00e9quipement du site est r\u00e9cent puisqu\u2019il a \u00e9t\u00e9 achev\u00e9 il y a un peu plus de 10 ans. D\u00e9couvrez l&#8217;escalade en Basse-Normandie sur [&#8230;]\n","protected":false},"featured_media":160454,"template":"","meta":[],"product_brand":[],"product_cat":[21539],"product_tag":[],"class_list":{"0":"post-160453","1":"product","2":"type-product","3":"status-publish","4":"has-post-thumbnail","6":"product_cat-fuehrerliteratur-sportklettern-bouldern","7":"pa_erscheinungsjahr-21597","8":"pa_region-frankreich","9":"pa_sprache-fr","11":"first","12":"outofstock","13":"taxable","14":"shipping-taxable","15":"purchasable","16":"product-type-simple"},"_links":{"self":[{"href":"https:\/\/pizbube.ch\/en\/wp-json\/wp\/v2\/product\/160453","targetHints":{"allow":["GET"]}}],"collection":[{"href":"https:\/\/pizbube.ch\/en\/wp-json\/wp\/v2\/product"}],"about":[{"href":"https:\/\/pizbube.ch\/en\/wp-json\/wp\/v2\/types\/product"}],"wp:featuredmedia":[{"embeddable":true,"href":"https:\/\/pizbube.ch\/en\/wp-json\/wp\/v2\/media\/160454"}],"wp:attachment":[{"href":"https:\/\/pizbube.ch\/en\/wp-json\/wp\/v2\/media?parent=160453"}],"wp:term":[{"taxonomy":"product_brand","embeddable":true,"href":"https:\/\/pizbube.ch\/en\/wp-json\/wp\/v2\/product_brand?post=160453"},{"taxonomy":"product_cat","embeddable":true,"href":"https:\/\/pizbube.ch\/en\/wp-json\/wp\/v2\/product_cat?post=160453"},{"taxonomy":"product_tag","embeddable":true,"href":"https:\/\/pizbube.ch\/en\/wp-json\/wp\/v2\/product_tag?post=160453"}],"curies":[{"name":"wp","href":"https:\/\/api.w.org\/{rel}","templated":true}]}}