{"id":160470,"date":"2022-01-22T15:21:50","date_gmt":"2022-01-22T14:21:50","guid":{"rendered":"https:\/\/pizbube.ch\/?post_type=product&#038;p=160470"},"modified":"2023-07-27T10:46:21","modified_gmt":"2023-07-27T08:46:21","slug":"passaggio-a-nordovest-vol-1","status":"publish","type":"product","link":"https:\/\/pizbube.ch\/en\/shop\/passaggio-a-nordovest-vol-1\/","title":{"rendered":"PASSAGGIO A NORDOVEST  vol.1"},"content":{"rendered":"<p>Falesie e vie in Piemonte occidentale vol.1<br \/>\nVALLE DI SUSA<\/p>\n<p>Un\u2019opera che getta uno sguardo globale sull\u2019arrampicata in quella che \u00e8 considerata la palestra per eccellenza dei climber torinesi: la Val di Susa e le valli occidentali della provincia di Torino.<br \/>\nDalla Val Pellice alla Rocca Sbarua, dalla Val di Susa alla Val Chisone in un viaggio che attraverso le pareti e le falesie presenti narra la storia di una parte fondamentale dell\u2019arrampicata piemontese.<\/p>\n<p>Dopo i successi del 2005 e del 2011, ecco la terza edizione, le cui tante novit\u00e0 hanno imposto la trattazione di un primo volume dedicato interamente alla Val di Susa e di un secondo con le valli pi\u00f9 a sud, che uscir\u00e0 nel 2022.<\/p>\n<p>Questa guida, dedicata alla valle pi\u00f9 estesa e popolata del Piemonte, comprende oltre 400 pagine e 120 falesie da Avigliana fino a Bardonecchia e Claviere, senza tralasciare le falesie appena oltre il confine francese.<\/p>\n<p>&nbsp;<\/p>\n<p>Ein Werk, das einen globalen Blick auf das Klettern in dem Gebiet wirft, das als der Hotspot schlechthin fu\u0308r Turiner Kletterer gilt: das Val di Susa und die westlichen Ta\u0308ler der Provinz Turin. Vom Val Pellice zur Rocca Sbarua, vom Val di Susa zum Val Chisone: eine Reise durch die dortigen Wa\u0308nde und Kletterga\u0308rten erza\u0308hlt die Geschichte eines Grundsteins des Kletterns in Piemont.<\/p>\n<p>Nach den Erfolgen von 2005 und 2011 liegt nun die dritte Ausgabe vor, deren zahlreiche Neuerungen einen ersten Band erfordern, der ganz dem Val di Susa gewidmet ist, und einen zweiten mit den weiter su\u0308dlich gelegenen Ta\u0308lern, der 2022 erscheinen wird.<\/p>\n<p>Dieser Fu\u0308hrer, der dem gro\u0308\u00dften und meistbevo\u0308lkerten Tal des Piemonts gewidmet ist, umfasst auf u\u0308ber 400 Seiten 120 Felsen von Avigliana bis Bardonecchia und Claviere, ohne die Felsen jenseits der franzo\u0308sischen Grenze zu vernachla\u0308ssigen.<\/p>","protected":false},"excerpt":{"rendered":"<p>Falesie e vie in Piemonte occidentale vol.1 VALLE DI SUSA Un\u2019opera che getta uno sguardo globale sull\u2019arrampicata in quella che \u00e8 considerata la palestra per eccellenza dei climber torinesi: la Val di Susa e le valli occidentali della provincia di Torino. Dalla Val Pellice alla Rocca Sbarua, dalla Val di Susa alla Val Chisone in [&#8230;]\n","protected":false},"featured_media":160471,"template":"","meta":[],"product_brand":[],"product_cat":[21539],"product_tag":[],"class_list":{"0":"post-160470","1":"product","2":"type-product","3":"status-publish","4":"has-post-thumbnail","6":"product_cat-fuehrerliteratur-sportklettern-bouldern","7":"pa_autor-cacchio","8":"pa_erscheinungsjahr-27013","9":"pa_region-italien","10":"pa_sprache-it","12":"first","13":"instock","14":"taxable","15":"shipping-taxable","16":"purchasable","17":"product-type-simple"},"_links":{"self":[{"href":"https:\/\/pizbube.ch\/en\/wp-json\/wp\/v2\/product\/160470","targetHints":{"allow":["GET"]}}],"collection":[{"href":"https:\/\/pizbube.ch\/en\/wp-json\/wp\/v2\/product"}],"about":[{"href":"https:\/\/pizbube.ch\/en\/wp-json\/wp\/v2\/types\/product"}],"wp:featuredmedia":[{"embeddable":true,"href":"https:\/\/pizbube.ch\/en\/wp-json\/wp\/v2\/media\/160471"}],"wp:attachment":[{"href":"https:\/\/pizbube.ch\/en\/wp-json\/wp\/v2\/media?parent=160470"}],"wp:term":[{"taxonomy":"product_brand","embeddable":true,"href":"https:\/\/pizbube.ch\/en\/wp-json\/wp\/v2\/product_brand?post=160470"},{"taxonomy":"product_cat","embeddable":true,"href":"https:\/\/pizbube.ch\/en\/wp-json\/wp\/v2\/product_cat?post=160470"},{"taxonomy":"product_tag","embeddable":true,"href":"https:\/\/pizbube.ch\/en\/wp-json\/wp\/v2\/product_tag?post=160470"}],"curies":[{"name":"wp","href":"https:\/\/api.w.org\/{rel}","templated":true}]}}