{"id":160482,"date":"2022-01-24T14:15:11","date_gmt":"2022-01-24T13:15:11","guid":{"rendered":"https:\/\/pizbube.ch\/?post_type=product&#038;p=160482"},"modified":"2022-01-24T15:17:30","modified_gmt":"2022-01-24T14:17:30","slug":"skialp-tra-majella-e-parco-nazionale-abruzzo-lazio-molise","status":"publish","type":"product","link":"https:\/\/pizbube.ch\/en\/shop\/skialp-tra-majella-e-parco-nazionale-abruzzo-lazio-molise\/","title":{"rendered":"SKIALP tra Majella e Parco Nazionale Abruzzo-Lazio-Molise"},"content":{"rendered":"<p>Appennino ripido ed esplorativo vol.2<\/p>\n<p>Sirente, Majella, Morrone, Marsicani, Petroso, Monti della Meta, Genzana, Greco e Matese<\/p>\n<p>Gli Appennini hanno un fascino diverso delle Alpi, e questo volume aiuta a capirne l\u2019essenza. Sfogliare queste pagine \u00e8 un invito a scoprire queste montagne piccole ma che nella loro dolcezza nascondono itinerari anche impegnativi, spazi dai grandi panorami che riescono continuamente a stupire per la loro incredibile variet\u00e0 antropica e naturalistica.<\/p>\n<p>Le piste possibili, su questi pendii, paiono infinite. Abbiamo scelto di proporvi una selezione di 134 itinerari di sci ripido e scialpinismo classico, dove i motivi dominanti fossero l\u2019esplorazione e la novit\u00e0,\u00a0sono infatti tutti poco conosciuti e frequentati e quasi tutti inediti. Oltre a questi troverete diverse proposte di concatenamento e numerose varianti che aiutano a conoscere e amare queste piccole e meravigliose montagne a cavallo tra i due mari.<\/p>\n<p>Non mancano gli itinerari impegnativi e alcuni sono di valore tecnico notevole, se non addirittura assoluto. La prima parte della guida \u00e8 dedicata alla nivometeorologia ed \u00e8 incentrata sul clima appenninico tutto da scoprire, che \u00e8 particolare come le sue montagne, in grado di riservare sorprese a chi non lo conosce o lo sottovaluta.<\/p>\n<p>Il libro vuole essere un incitamento a ripercorrere, ideare e provare nuove soluzioni: ci sar\u00e0 sempre spazio per la fantasia e la creativit\u00e0. I percorsi di questo secondo volume appartengono ai settori pi\u00f9 meridionali dell\u2019Appennino Centrale, collocabili pi\u00f9 o meno a sud del fiume Aterno-Pescara. Nello specifico sono descritti 21 itinerari sulla catena del Sirente, 43 sul grande massiccio della Majella, 16 su Morrone-Rotella<br \/>\ne Pizzalto, 38 sulle complesse montagne che circondano il lago di Scanno e Pescasseroli, vale a dire i Monti Marsicani (Parco Nazionale d\u2019Abruzzo-Lazio-Molise) e la lunga catena del Greco e della Terratta, 11 itinerari sulla selvaggia catena del gruppo Meta e Mainarde, infine 5\u00a0 sul pi\u00f9 meridionale massiccio dell\u2019Appennino Centrale cio\u00e8 il Matese.<\/p>\n<p>496 pagine<\/p>","protected":false},"excerpt":{"rendered":"<p>Appennino ripido ed esplorativo vol.2 Sirente, Majella, Morrone, Marsicani, Petroso, Monti della Meta, Genzana, Greco e Matese Gli Appennini hanno un fascino diverso delle Alpi, e questo volume aiuta a capirne l\u2019essenza. Sfogliare queste pagine \u00e8 un invito a scoprire queste montagne piccole ma che nella loro dolcezza nascondono itinerari anche impegnativi, spazi dai grandi [&#8230;]\n","protected":false},"featured_media":160483,"template":"","meta":[],"product_brand":[],"product_cat":[21540],"product_tag":[],"class_list":{"0":"post-160482","1":"product","2":"type-product","3":"status-publish","4":"has-post-thumbnail","6":"product_cat-fuehrerliteratur-alpin-winter","7":"pa_autor-iurisci-de-angelis-le-donne","8":"pa_erscheinungsjahr-25440","9":"pa_region-italien","10":"pa_sprache-it","12":"first","13":"instock","14":"taxable","15":"shipping-taxable","16":"purchasable","17":"product-type-simple"},"_links":{"self":[{"href":"https:\/\/pizbube.ch\/en\/wp-json\/wp\/v2\/product\/160482","targetHints":{"allow":["GET"]}}],"collection":[{"href":"https:\/\/pizbube.ch\/en\/wp-json\/wp\/v2\/product"}],"about":[{"href":"https:\/\/pizbube.ch\/en\/wp-json\/wp\/v2\/types\/product"}],"wp:featuredmedia":[{"embeddable":true,"href":"https:\/\/pizbube.ch\/en\/wp-json\/wp\/v2\/media\/160483"}],"wp:attachment":[{"href":"https:\/\/pizbube.ch\/en\/wp-json\/wp\/v2\/media?parent=160482"}],"wp:term":[{"taxonomy":"product_brand","embeddable":true,"href":"https:\/\/pizbube.ch\/en\/wp-json\/wp\/v2\/product_brand?post=160482"},{"taxonomy":"product_cat","embeddable":true,"href":"https:\/\/pizbube.ch\/en\/wp-json\/wp\/v2\/product_cat?post=160482"},{"taxonomy":"product_tag","embeddable":true,"href":"https:\/\/pizbube.ch\/en\/wp-json\/wp\/v2\/product_tag?post=160482"}],"curies":[{"name":"wp","href":"https:\/\/api.w.org\/{rel}","templated":true}]}}