{"id":160507,"date":"2022-01-25T09:44:32","date_gmt":"2022-01-25T08:44:32","guid":{"rendered":"https:\/\/pizbube.ch\/?post_type=product&#038;p=160507"},"modified":"2023-04-04T10:57:23","modified_gmt":"2023-04-04T08:57:23","slug":"der-einsatz-meines-lebens-bergretter-erzaehlen","status":"publish","type":"product","link":"https:\/\/pizbube.ch\/en\/shop\/der-einsatz-meines-lebens-bergretter-erzaehlen\/","title":{"rendered":"Der Einsatz meines Lebens &#8211; Bergretter erz\u00e4hlen"},"content":{"rendered":"<p>Nicht alle Eins\u00e4tze der Bergwacht sind spektakul\u00e4r. Die meisten sind leise, sie spielen unbeobachtet im Kleinen und so, dass kaum einer der Bergwachtler es wert findet, dar\u00fcber ein Wort zu verlieren. Sie geh\u00f6ren zum Alltag. Ein Alltag, in dem es allerdings nicht nur um umgeknickte Fu\u00dfgelenke von Wanderern geht, sondern oft genug um Lawinenabg\u00e4nge, Vermisstensuchen und n\u00e4chtliche Klettereins\u00e4tze \u2013 ehrenamtlich. Neben den beruflichen Herausforderungen und der Familie.<\/p>\n<p>Was veranlasst Bergwachtler, anderen zu helfen, auch wenn es bedeutet, bei Schneetreiben und Sturm im Downwash eines Helikopters zu stehen? Thomas K\u00e4sbohrer hat sie besucht und ihre Geschichten aufgeschrieben. Denn jeder Bergwachtler tr\u00e4gt eine Geschichte mit sich, die er nicht vergessen kann\u2026<\/p>\n<p>Jenseits aller Klischees erz\u00e4hlt DER EINSATZ MEINES LEBENS 25 Geschichten von Rettern der Bergwacht, die \u00fcber Eins\u00e4tze berichten, die bis heute ihr Leben pr\u00e4gen. Ein Buch, in dem Bayerns Berge lebendig werden \u2013 und in dem Retter \u00fcber Fehler sprechen, die t\u00f6dlich enden k\u00f6nnen.<\/p>\n<p><span class=\"value\">20 Berge. Und 20 Menschen. Menschen, die am Berg ihr Leben f\u00fcr Andere einsetzen, erz\u00e4hlen die Geschichte des einen Einsatzes, den sie nicht vergessen k\u00f6nnen. Spektakul\u00e4re Geschichten aufwendiger Rettungsaktionen in Lawinen, bei Vermisstensuchen, Abst\u00fcrzen oder der Rettung Blockierter an Watzmann, Zugspitze und Hochvogel sind dabei, aber auch leise Geschichten, die Jahrzehnte zur\u00fcckliegen und die Beteiligten und ihre Bereitschaft bis heute pr\u00e4gen.<\/span><\/p>\n<p><span class=\"value\"><br \/>\nThomas K\u00e4sbohrer haben die Erlebnisse von Bergwachtlern auch zwei Jahre nach seinem Bergretterbuch AM BERG nicht losgelassen. Und so macht er sich erneut auf und spricht mit ihnen \u00fcber ihre Arbeit und ihr Leben. Es sind Geschichten von der Freiheit und dem Abenteuer, in den Bergen zu sein. Aber auch vom Verwurzelt-Sein und von der ungeheuren Kraft des Zusammenhaltes, den Menschen entwickeln, wenn sie in Extremsituationen aufeinander angewiesen sind. Und von der Auseinandersetzung des Menschen mit einer \u00fcberlegenen und gleichg\u00fcltigen Natur, in der er immer wieder von Neuem lernen muss zu \u00fcberleben.<br \/>\nEs sind Eins\u00e4tze, die man nicht vergisst und die intensiv erz\u00e4hlt die ehrenamtliche Arbeit der Bergwacht, die gl\u00fccklichen, aber auch dramatischen Wendungen am Berg in Worte fasst. Worte, die zeigen, welche Belastungen &#8211; k\u00f6rperlich wie seelisch &#8211; Menschen in ihrer Freizeit auf sich nehmen und wie die Rettung anderer bei aller H\u00e4rte einem Leben Sinn gibt.<\/span><\/p>\n<p>Jenseits aller Klischees erz\u00e4hlt DER EINSATZ MEINES LEBENS Erfahrungen von Rettern und Retterinnen, die \u00fcber Augenblicke berichten, die \u00fcber Lebenoder Tod entscheiden. Ein Buch, in dem Bayerns Berge und Menschen lebendig werden &#8211; und in dem Thomas K\u00e4sbohrer in Experteninterviews der Spur der Fehler folgt, die uns am Berg in die Irre f\u00fchren.<\/p>\n<p>Paperback, 268 Seiten<br \/>\n25 Prozent des Erl\u00f6ses gehen wieder als Spende an die Bergwacht und unterst\u00fctzt daher direkt die Bergwacht.<\/p>","protected":false},"excerpt":{"rendered":"<p>Nicht alle Eins\u00e4tze der Bergwacht sind spektakul\u00e4r. Die meisten sind leise, sie spielen unbeobachtet im Kleinen und so, dass kaum einer der Bergwachtler es wert findet, dar\u00fcber ein Wort zu verlieren. Sie geh\u00f6ren zum Alltag. Ein Alltag, in dem es allerdings nicht nur um umgeknickte Fu\u00dfgelenke von Wanderern geht, sondern oft genug um Lawinenabg\u00e4nge, Vermisstensuchen [&#8230;]\n","protected":false},"featured_media":160508,"template":"","meta":[],"product_brand":[],"product_cat":[21629,21542],"product_tag":[],"class_list":{"0":"post-160507","1":"product","2":"type-product","3":"status-publish","4":"has-post-thumbnail","6":"product_cat-belletristik","7":"product_cat-sachbuecher-dokumentationen","8":"pa_autor-kaesbohrer","9":"pa_erscheinungsjahr-25440","10":"pa_region-deutschland","11":"pa_sprache-de","13":"first","14":"instock","15":"taxable","16":"shipping-taxable","17":"purchasable","18":"product-type-simple"},"_links":{"self":[{"href":"https:\/\/pizbube.ch\/en\/wp-json\/wp\/v2\/product\/160507","targetHints":{"allow":["GET"]}}],"collection":[{"href":"https:\/\/pizbube.ch\/en\/wp-json\/wp\/v2\/product"}],"about":[{"href":"https:\/\/pizbube.ch\/en\/wp-json\/wp\/v2\/types\/product"}],"wp:featuredmedia":[{"embeddable":true,"href":"https:\/\/pizbube.ch\/en\/wp-json\/wp\/v2\/media\/160508"}],"wp:attachment":[{"href":"https:\/\/pizbube.ch\/en\/wp-json\/wp\/v2\/media?parent=160507"}],"wp:term":[{"taxonomy":"product_brand","embeddable":true,"href":"https:\/\/pizbube.ch\/en\/wp-json\/wp\/v2\/product_brand?post=160507"},{"taxonomy":"product_cat","embeddable":true,"href":"https:\/\/pizbube.ch\/en\/wp-json\/wp\/v2\/product_cat?post=160507"},{"taxonomy":"product_tag","embeddable":true,"href":"https:\/\/pizbube.ch\/en\/wp-json\/wp\/v2\/product_tag?post=160507"}],"curies":[{"name":"wp","href":"https:\/\/api.w.org\/{rel}","templated":true}]}}