{"id":160529,"date":"2022-01-26T11:06:28","date_gmt":"2022-01-26T10:06:28","guid":{"rendered":"https:\/\/pizbube.ch\/?post_type=product&#038;p=160529"},"modified":"2024-05-02T15:17:49","modified_gmt":"2024-05-02T13:17:49","slug":"apres-lift-49-skitouren-auf-ex-bahn-berge-der-schweiz","status":"publish","type":"product","link":"https:\/\/pizbube.ch\/en\/shop\/apres-lift-49-skitouren-auf-ex-bahn-berge-der-schweiz\/","title":{"rendered":"apr\u00e8s lift &#8211; 49 Skitouren auf EX-Bahn-Berge der Schweiz"},"content":{"rendered":"<p><span class=\"value\">Neu-alte Skitourenberge bekommt das Land. Wenn der (Kunst-)Schnee ausbleibt oder das Geld f\u00fcr die Renovation, dann stehen Liftanlagen pl\u00f6tzlich still. Und H\u00fcgel und Berge in der Schweiz werden wieder Ziele f\u00fcr Skifahrer und Snowboarderinnen, die aus eigener Kraft in die H\u00f6he kommen. <\/span><\/p>\n<p><span class=\"value\">Auf 55 Gipfel in den Schweizer Bergen f\u00fchrten einst &#8211; manchmal bis ganz zuoberst &#8211; Ski- und Sessellifte, aber auch Gondel- und Seilbahnen. Die Vergangenheitsform ist richtig: Die Anlagen waren mehrheitlich nur in der zweiten H\u00e4lfte des letzten Jahrhunderts in Betrieb. Nun laufen sie nimmer, und die Schneesportler, die mit Fellen an den Brettern hochsteigen, haben die weissen H\u00e4nge wieder f\u00fcr sich allein. <\/span><\/p>\n<p><span class=\"value\">Die meisten Lifte wurden mangels Nachfrage und Schneefall sowie wegen anderen Gr\u00fcnden stillgelegt. Und dann r\u00fcckgebaut, teilweise wenigstens. Manchmal ist alles noch da, die B\u00fcgel und die Kabinen, die Masten und die Stationen, nur die Leute in Pistenskischuhen fehlen. Manchmal sieht man aber kaum noch was im Gel\u00e4nde. Vielleicht noch ein kleines Holzh\u00e4uschen, hier der Betonsockel eines Masten, dr\u00fcben eine Ausbesserung im Gel\u00e4nde, da ein Schild.Genau: Die Lifte sind weg (oder fahren wenigstens nicht mehr), die Erinnerungen blieben. Und neue M\u00f6glichkeiten im Tourenskilauf kommen hinzu bzw. werden wieder wahr. <\/span><\/p>\n<p><span class=\"value\">Oft waren diese besonderen Gipfel, bevor sie mit Liften erschlossen wurden, ja schon Ziele von Toureng\u00e4ngern. Denn eines ist sicher: Anh\u00f6hen, auf die Aufstiegshilfen gebaut wurden, eignen sich grunds\u00e4tzlich gut zum Abfahren.Bereits werden nicht mehr laufende, verlassene und verlorene Skigebiete wissenschaftlich untersucht. Die Forscher haben auch schon einen Begriff kreiert: Lost Ski Area Projects &#8211; LSAP.<br \/>\n<\/span><\/p>\n<p><span id=\"r443173-0-442142:447750:251390\" class=\"biblioProduct ptc10\"><span id=\"r443174-0-442142:447750:251390\" class=\"texts\"><span class=\"biblioBinding\"><span class=\"value\">Kartoniert, Paperback<br \/>\n<\/span><\/span><\/span><\/span><span class=\"value\">220 Seiten<\/span><\/p>","protected":false},"excerpt":{"rendered":"<p>Neu-alte Skitourenberge bekommt das Land. Wenn der (Kunst-)Schnee ausbleibt oder das Geld f\u00fcr die Renovation, dann stehen Liftanlagen pl\u00f6tzlich still. Und H\u00fcgel und Berge in der Schweiz werden wieder Ziele f\u00fcr Skifahrer und Snowboarderinnen, die aus eigener Kraft in die H\u00f6he kommen. Auf 55 Gipfel in den Schweizer Bergen f\u00fchrten einst &#8211; manchmal bis ganz [&#8230;]\n","protected":false},"featured_media":160530,"template":"","meta":[],"product_brand":[],"product_cat":[21540,21542],"product_tag":[27045],"class_list":{"0":"post-160529","1":"product","2":"type-product","3":"status-publish","4":"has-post-thumbnail","6":"product_cat-fuehrerliteratur-alpin-winter","7":"product_cat-sachbuecher-dokumentationen","8":"product_tag-apres-lift","9":"pa_autor-anker","10":"pa_erscheinungsjahr-27013","11":"pa_region-schweiz","12":"pa_sprache-de","14":"first","15":"instock","16":"taxable","17":"shipping-taxable","18":"purchasable","19":"product-type-simple"},"_links":{"self":[{"href":"https:\/\/pizbube.ch\/en\/wp-json\/wp\/v2\/product\/160529","targetHints":{"allow":["GET"]}}],"collection":[{"href":"https:\/\/pizbube.ch\/en\/wp-json\/wp\/v2\/product"}],"about":[{"href":"https:\/\/pizbube.ch\/en\/wp-json\/wp\/v2\/types\/product"}],"wp:featuredmedia":[{"embeddable":true,"href":"https:\/\/pizbube.ch\/en\/wp-json\/wp\/v2\/media\/160530"}],"wp:attachment":[{"href":"https:\/\/pizbube.ch\/en\/wp-json\/wp\/v2\/media?parent=160529"}],"wp:term":[{"taxonomy":"product_brand","embeddable":true,"href":"https:\/\/pizbube.ch\/en\/wp-json\/wp\/v2\/product_brand?post=160529"},{"taxonomy":"product_cat","embeddable":true,"href":"https:\/\/pizbube.ch\/en\/wp-json\/wp\/v2\/product_cat?post=160529"},{"taxonomy":"product_tag","embeddable":true,"href":"https:\/\/pizbube.ch\/en\/wp-json\/wp\/v2\/product_tag?post=160529"}],"curies":[{"name":"wp","href":"https:\/\/api.w.org\/{rel}","templated":true}]}}