{"id":160541,"date":"2022-01-27T10:01:20","date_gmt":"2022-01-27T09:01:20","guid":{"rendered":"https:\/\/pizbube.ch\/?post_type=product&#038;p=160541"},"modified":"2022-01-28T18:01:52","modified_gmt":"2022-01-28T17:01:52","slug":"berge-von-kunst","status":"publish","type":"product","link":"https:\/\/pizbube.ch\/en\/shop\/berge-von-kunst\/","title":{"rendered":"Berge von Kunst"},"content":{"rendered":"<div class=\"biblioSubTitle\">\n<p><span class=\"value\">20 \u00fcberraschende Orte internationaler Kunst<\/span><\/p>\n<\/div>\n<div>\n<p><span class=\"value\">In der alpinen Peripherie gedeihen ganz unverhoffte Orte der Kunst: Ausstellungen, Installationen, Galerien und Museen, nicht selten flankiert von gewagter Architektur. Wer sie findet, verborgen im abgelegenen Tal oder am Berg, ist verbl\u00fcfft. Wird doch das Kunsterlebnis, vor allem das der zeitgen\u00f6ssischen Kunst, reflexartig dem urbanen Raum zugeordnet.<\/span><\/p>\n<\/div>\n<div>\n<p><span class=\"value\">Moderne, experimentelle und gern provokative Kunst in den Bergen &#8211; da prallen oft Welten aufeinander: urban und l\u00e4ndlich, Avantgarde und Tradition, Natur und Kultur. Diese Diskrepanz ist gewollt und lockt immer mehr Kunstinteressierte in abgeschiedene Regionen, weil sie ein au\u00dfergew\u00f6hnliches Kunsterlebnis erwartet, im nat\u00fcrlichen \u00abGreen Space\u00bb statt im minimalistischen \u00abWhite Cube\u00bb.<\/span><\/p>\n<\/div>\n<div>\n<p><span class=\"value\">Zeitgen\u00f6ssische Kunst erreicht seit den fr\u00fchen 2000er- Jahren ein st\u00e4ndig wachsendes Publikum. Gleichzeitig ist das Thema Wandern und Outdoor so popul\u00e4r wie nie. Dieses Buch verbindet beides, indem es ungew\u00f6hnliche Orte der Kunst jenseits der Metropolen auf die touristische Landkarte setzt.<\/span><\/p>\n<\/div>\n<div>\n<div class=\"biblioBinding\"><span class=\"value\">Kartoniert, Paperback<\/span><\/div>\n<div class=\"biblioPages\"><span class=\"value\">220 Seiten<\/span><\/div>\n<div class=\"biblioDimensions\"><span class=\"key\">Masse<\/span><span class=\"value\">Breite 210 mm, H\u00f6he 270 mm, Dicke 22 mm<\/span><\/div>\n<div class=\"biblioIllustations\"><span class=\"value\">Zahlreiche Abbildungen in Farbe<\/span><\/div>\n<\/div>","protected":false},"excerpt":{"rendered":"<p>20 \u00fcberraschende Orte internationaler Kunst In der alpinen Peripherie gedeihen ganz unverhoffte Orte der Kunst: Ausstellungen, Installationen, Galerien und Museen, nicht selten flankiert von gewagter Architektur. Wer sie findet, verborgen im abgelegenen Tal oder am Berg, ist verbl\u00fcfft. Wird doch das Kunsterlebnis, vor allem das der zeitgen\u00f6ssischen Kunst, reflexartig dem urbanen Raum zugeordnet. Moderne, experimentelle [&#8230;]\n","protected":false},"featured_media":160542,"template":"","meta":[],"product_brand":[],"product_cat":[21580,21542],"product_tag":[],"class_list":{"0":"post-160541","1":"product","2":"type-product","3":"status-publish","4":"has-post-thumbnail","6":"product_cat-kunst-kultur","7":"product_cat-sachbuecher-dokumentationen","8":"pa_autor-watzl","9":"pa_erscheinungsjahr-27013","10":"pa_region-schweiz","11":"pa_region-uebrigers-europa","12":"pa_sprache-de","14":"first","15":"instock","16":"taxable","17":"shipping-taxable","18":"purchasable","19":"product-type-simple"},"_links":{"self":[{"href":"https:\/\/pizbube.ch\/en\/wp-json\/wp\/v2\/product\/160541","targetHints":{"allow":["GET"]}}],"collection":[{"href":"https:\/\/pizbube.ch\/en\/wp-json\/wp\/v2\/product"}],"about":[{"href":"https:\/\/pizbube.ch\/en\/wp-json\/wp\/v2\/types\/product"}],"wp:featuredmedia":[{"embeddable":true,"href":"https:\/\/pizbube.ch\/en\/wp-json\/wp\/v2\/media\/160542"}],"wp:attachment":[{"href":"https:\/\/pizbube.ch\/en\/wp-json\/wp\/v2\/media?parent=160541"}],"wp:term":[{"taxonomy":"product_brand","embeddable":true,"href":"https:\/\/pizbube.ch\/en\/wp-json\/wp\/v2\/product_brand?post=160541"},{"taxonomy":"product_cat","embeddable":true,"href":"https:\/\/pizbube.ch\/en\/wp-json\/wp\/v2\/product_cat?post=160541"},{"taxonomy":"product_tag","embeddable":true,"href":"https:\/\/pizbube.ch\/en\/wp-json\/wp\/v2\/product_tag?post=160541"}],"curies":[{"name":"wp","href":"https:\/\/api.w.org\/{rel}","templated":true}]}}