{"id":160606,"date":"2022-02-02T10:19:29","date_gmt":"2022-02-02T09:19:29","guid":{"rendered":"https:\/\/pizbube.ch\/?post_type=product&#038;p=160606"},"modified":"2022-02-09T09:01:23","modified_gmt":"2022-02-09T08:01:23","slug":"mastermind-entrainement-mental-du-grimpeur","status":"publish","type":"product","link":"https:\/\/pizbube.ch\/en\/shop\/mastermind-entrainement-mental-du-grimpeur\/","title":{"rendered":"Mastermind &#8211; Entra\u00eenement mental du grimpeur"},"content":{"rendered":"<p>Mastermind est un guide d\u2019entra\u00eenement mental pour les grimpeurs. Il a \u00e9t\u00e9 \u00e9crit par Jerry Moffatt, l\u2019un des meilleurs grimpeurs au monde de ces trente derni\u00e8res ann\u00e9es. En escalade, le mental est d\u00e9terminant. Ainsi, Jerry Moffatt qui a inspir\u00e9 des g\u00e9n\u00e9rations de grimpeurs, vous invite \u00e0 explorer et \u00e0 maximiser votre potentiel mental. L\u2019utilisation de la puissance du mental vous permettra de tirer le meilleur parti de votre force, de vos techniques et de votre capacit\u00e9 \u00e0 performer sous pression, non seulement en escalade, mais dans tous les sports.<\/p>\n<p>Pendant la majeure partie des ann\u00e9es 1980 et 1990, Jerry Moffatt a repouss\u00e9 les limites de l\u2019escalade \u2013 et de son mental ! Qu\u2019il s\u2019agisse d\u2019une voie ou d\u2019un bloc du 8e degr\u00e9 ou d\u2019une ligne de trad tr\u00e8s peu prot\u00e9g\u00e9e, Jerry grimpait toujours avec cette gr\u00e2ce et ce style impeccable qui le distinguaient. Aujourd\u2019hui, en \u00e9crivant MASTERMIND, Jerry vous donne les cl\u00e9s pour d\u00e9bloquer votre potentiel&#8230; et vous permettre de progresser dans les niveaux de difficult\u00e9 !<\/p>\n<p>MASTERMIND contient \u00e9galement une multitude de t\u00e9moignages inspirants et de conseils pour optimiser les performances de la part de l\u2019\u00e9lite actuelle de l\u2019escalade. Des figures l\u00e9gendaires telles que Margo Hayes, Adam Ondra, Alex Megos et Chris Sharma d\u00e9voilent ce qui les aide \u00e0 atteindre leur meilleur niveau<\/p>\n<p>300 pages<\/p>","protected":false},"excerpt":{"rendered":"<p>Mastermind est un guide d\u2019entra\u00eenement mental pour les grimpeurs. Il a \u00e9t\u00e9 \u00e9crit par Jerry Moffatt, l\u2019un des meilleurs grimpeurs au monde de ces trente derni\u00e8res ann\u00e9es. En escalade, le mental est d\u00e9terminant. Ainsi, Jerry Moffatt qui a inspir\u00e9 des g\u00e9n\u00e9rations de grimpeurs, vous invite \u00e0 explorer et \u00e0 maximiser votre potentiel mental. L\u2019utilisation de [&#8230;]\n","protected":false},"featured_media":160607,"template":"","meta":[],"product_brand":[],"product_cat":[21538,21542],"product_tag":[27049],"class_list":{"0":"post-160606","1":"product","2":"type-product","3":"status-publish","4":"has-post-thumbnail","6":"product_cat-lehrbuecher","7":"product_cat-sachbuecher-dokumentationen","8":"product_tag-mentaltraining","9":"pa_autor-moffat","10":"pa_erscheinungsjahr-27013","11":"pa_region-klettertechnik","12":"pa_sprache-fr","14":"first","15":"instock","16":"taxable","17":"shipping-taxable","18":"purchasable","19":"product-type-simple"},"_links":{"self":[{"href":"https:\/\/pizbube.ch\/en\/wp-json\/wp\/v2\/product\/160606","targetHints":{"allow":["GET"]}}],"collection":[{"href":"https:\/\/pizbube.ch\/en\/wp-json\/wp\/v2\/product"}],"about":[{"href":"https:\/\/pizbube.ch\/en\/wp-json\/wp\/v2\/types\/product"}],"wp:featuredmedia":[{"embeddable":true,"href":"https:\/\/pizbube.ch\/en\/wp-json\/wp\/v2\/media\/160607"}],"wp:attachment":[{"href":"https:\/\/pizbube.ch\/en\/wp-json\/wp\/v2\/media?parent=160606"}],"wp:term":[{"taxonomy":"product_brand","embeddable":true,"href":"https:\/\/pizbube.ch\/en\/wp-json\/wp\/v2\/product_brand?post=160606"},{"taxonomy":"product_cat","embeddable":true,"href":"https:\/\/pizbube.ch\/en\/wp-json\/wp\/v2\/product_cat?post=160606"},{"taxonomy":"product_tag","embeddable":true,"href":"https:\/\/pizbube.ch\/en\/wp-json\/wp\/v2\/product_tag?post=160606"}],"curies":[{"name":"wp","href":"https:\/\/api.w.org\/{rel}","templated":true}]}}