{"id":160660,"date":"2022-02-09T09:53:11","date_gmt":"2022-02-09T08:53:11","guid":{"rendered":"https:\/\/pizbube.ch\/?post_type=product&#038;p=160660"},"modified":"2024-09-25T09:05:48","modified_gmt":"2024-09-25T07:05:48","slug":"ossola-crack-100-und-mehr-schoene-risse","status":"publish","type":"product","link":"https:\/\/pizbube.ch\/en\/shop\/ossola-crack-100-und-mehr-schoene-risse\/","title":{"rendered":"OSSOLA CRACK &#8211; 100 und mehr sch\u00f6ne Risse"},"content":{"rendered":"<p>Balma, Cadarese, Esigo und unteres Tal.<\/p>\n<p>Risskletterf\u00fchrer f\u00fcr die Gegend rund um Domodossola.<\/p>\n<p>Die 100 ausgew\u00e4hlten Rissklettereien haben unterschiedliche Schwierigkeiten, Wegl\u00e4ngen und Sicherungsm\u00f6glichkeiten; die meisten Linien sind mit eingerichteten St\u00e4nden (Bohrhaken) versehen, dar\u00fcber hinaus sind die Risse \u00fcberwiegend selbst abzusichern.<\/p>\n<p>Um eine den eigenen F\u00e4higkeiten und Erfahrungen angemessene Linie finden zu k\u00f6nnen, wurden alle Risse pr\u00e4gnant beschrieben. Neben der Schwierigkeit im franz. Grad wird \u00fcber eine R Skala die M\u00f6glichkeit zur sicheren Plazierung von Friends und Stopppern dargestellt. Zus\u00e4tzlich werden alle Routen kurz charakterisiert, Schl\u00fcsselstellen beschrieben und genaue Angabe \u00fcber ben\u00f6tigtes Material gemacht.<\/p>\n<p>12,5 x 18 cm<br \/>\n192 Seiten<\/p>\n<p>&nbsp;<\/p>","protected":false},"excerpt":{"rendered":"<p>Balma, Cadarese, Esigo und unteres Tal. Risskletterf\u00fchrer f\u00fcr die Gegend rund um Domodossola. Die 100 ausgew\u00e4hlten Rissklettereien haben unterschiedliche Schwierigkeiten, Wegl\u00e4ngen und Sicherungsm\u00f6glichkeiten; die meisten Linien sind mit eingerichteten St\u00e4nden (Bohrhaken) versehen, dar\u00fcber hinaus sind die Risse \u00fcberwiegend selbst abzusichern. Um eine den eigenen F\u00e4higkeiten und Erfahrungen angemessene Linie finden zu k\u00f6nnen, wurden alle Risse [&#8230;]\n","protected":false},"featured_media":160661,"template":"","meta":[],"product_brand":[],"product_cat":[21539],"product_tag":[27051],"class_list":{"0":"post-160660","1":"product","2":"type-product","3":"status-publish","4":"has-post-thumbnail","6":"product_cat-fuehrerliteratur-sportklettern-bouldern","7":"product_tag-rissklettern","8":"pa_autor-serino","9":"pa_erscheinungsjahr-27013","10":"pa_region-italien","11":"pa_sprache-de","13":"first","14":"instock","15":"taxable","16":"shipping-taxable","17":"purchasable","18":"product-type-simple"},"_links":{"self":[{"href":"https:\/\/pizbube.ch\/en\/wp-json\/wp\/v2\/product\/160660","targetHints":{"allow":["GET"]}}],"collection":[{"href":"https:\/\/pizbube.ch\/en\/wp-json\/wp\/v2\/product"}],"about":[{"href":"https:\/\/pizbube.ch\/en\/wp-json\/wp\/v2\/types\/product"}],"wp:featuredmedia":[{"embeddable":true,"href":"https:\/\/pizbube.ch\/en\/wp-json\/wp\/v2\/media\/160661"}],"wp:attachment":[{"href":"https:\/\/pizbube.ch\/en\/wp-json\/wp\/v2\/media?parent=160660"}],"wp:term":[{"taxonomy":"product_brand","embeddable":true,"href":"https:\/\/pizbube.ch\/en\/wp-json\/wp\/v2\/product_brand?post=160660"},{"taxonomy":"product_cat","embeddable":true,"href":"https:\/\/pizbube.ch\/en\/wp-json\/wp\/v2\/product_cat?post=160660"},{"taxonomy":"product_tag","embeddable":true,"href":"https:\/\/pizbube.ch\/en\/wp-json\/wp\/v2\/product_tag?post=160660"}],"curies":[{"name":"wp","href":"https:\/\/api.w.org\/{rel}","templated":true}]}}