{"id":160773,"date":"2022-02-22T09:59:44","date_gmt":"2022-02-22T08:59:44","guid":{"rendered":"https:\/\/pizbube.ch\/?post_type=product&#038;p=160773"},"modified":"2025-03-05T09:11:51","modified_gmt":"2025-03-05T08:11:51","slug":"skitourenfuehrer-bregenzerwald-inkl-grosses-walsertal-und-lechquellengebirge-inkl-gps-tracks","status":"publish","type":"product","link":"https:\/\/pizbube.ch\/en\/shop\/skitourenfuehrer-bregenzerwald-inkl-grosses-walsertal-und-lechquellengebirge-inkl-gps-tracks\/","title":{"rendered":"Skitourenf\u00fchrer Bregenzerwald inkl. Grosses Walsertal, Lechquellengebirge und Arlberg (inkl. GPS-Tracks)"},"content":{"rendered":"<p>Der Bregenzerwald beherbergt das gr\u00f6\u00dfte zusammenh\u00e4ngende Heu-Milch-Wirtschaftsgebiet der EU. Folglich f\u00fchren zahlreiche Touren \u00fcber freies, ideal f\u00fcr Skitouren geeignetes Almgel\u00e4nde. Die Landschaftsformen sind insgesamt sehr vielgestaltig, sie bieten deshalb ein ausgesprochen breites Spektrum an Skitourenm\u00f6glichkeiten \u2013 von den sanften Gestaden des Bodensees bis zur schroffen Valluga. Im Bregenzerwald finden sowohl Anf\u00e4nger lohnende Unternehmungen, als auch fortgeschrittene Tourengeher, die eher auf der Suche nach anspruchsvollen Zielen sind.<\/p>\n<p>Von k\u00fcrzeren Touren im Vorderwald bis zu richtig handfesten Routen im Arlberggebiet \u2013 die Mischung machts, und dementsprechend beliebt ist die Region. Da kommt es gerade recht, dass trotz der teilweise geringen Gipfelh\u00f6hen oft bis weit ins Fr\u00fchjahr hinein beste Schneeverh\u00e4ltnisse herrschen.<\/p>\n<p>Rainer und Anton Kempf haben die vorliegende Auflage auf den neuesten Stand gebracht. Alle Texte wurden \u00fcberarbeitet, die umweltschonende Anreise mit \u00f6ffentlichen Verkehrsmitteln f\u00fcr alle Touren im Buch neu aufgenommen. Ebenfalls auf den ersten Blick sichtbar: der Gro\u00dfteil der Routen- und nahezu alle Actionfotos sind neu. Auf den \u00dcbersichtskarten werden die Routen der benachbarten Teilgebiete dargestellt. Dies erleichtert Kombinationen von Routen und auch Durchquerungen lassen sich so deutlich einfacher planen.<\/p>\n<p>5. Auflage 2022, ca. 216 Seiten, 120 x 185 mm, Softcover, komplett 4 Farbig<\/p>","protected":false},"excerpt":{"rendered":"<p><strong><a href=\"https:\/\/pizbube.ch\/wp-content\/uploads\/2022\/02\/Bregenzerwald_Leseprobe.pdf\" target=\"_blank\" rel=\"noopener\">PDF Bregenzerwald_Leseprobe<\/a><\/strong><\/p>","protected":false},"featured_media":160774,"template":"","meta":[],"product_brand":[],"product_cat":[21540],"product_tag":[27052],"class_list":{"0":"post-160773","1":"product","2":"type-product","3":"status-publish","4":"has-post-thumbnail","6":"product_cat-fuehrerliteratur-alpin-winter","7":"product_tag-bregenzer-wald","8":"pa_autor-kempf","9":"pa_erscheinungsjahr-27013","10":"pa_region-oesterreich","11":"pa_sprache-de","13":"first","14":"instock","15":"taxable","16":"shipping-taxable","17":"purchasable","18":"product-type-simple"},"_links":{"self":[{"href":"https:\/\/pizbube.ch\/en\/wp-json\/wp\/v2\/product\/160773","targetHints":{"allow":["GET"]}}],"collection":[{"href":"https:\/\/pizbube.ch\/en\/wp-json\/wp\/v2\/product"}],"about":[{"href":"https:\/\/pizbube.ch\/en\/wp-json\/wp\/v2\/types\/product"}],"wp:featuredmedia":[{"embeddable":true,"href":"https:\/\/pizbube.ch\/en\/wp-json\/wp\/v2\/media\/160774"}],"wp:attachment":[{"href":"https:\/\/pizbube.ch\/en\/wp-json\/wp\/v2\/media?parent=160773"}],"wp:term":[{"taxonomy":"product_brand","embeddable":true,"href":"https:\/\/pizbube.ch\/en\/wp-json\/wp\/v2\/product_brand?post=160773"},{"taxonomy":"product_cat","embeddable":true,"href":"https:\/\/pizbube.ch\/en\/wp-json\/wp\/v2\/product_cat?post=160773"},{"taxonomy":"product_tag","embeddable":true,"href":"https:\/\/pizbube.ch\/en\/wp-json\/wp\/v2\/product_tag?post=160773"}],"curies":[{"name":"wp","href":"https:\/\/api.w.org\/{rel}","templated":true}]}}