{"id":160801,"date":"2022-02-22T17:59:35","date_gmt":"2022-02-22T16:59:35","guid":{"rendered":"https:\/\/pizbube.ch\/?post_type=product&#038;p=160801"},"modified":"2022-10-27T16:36:39","modified_gmt":"2022-10-27T14:36:39","slug":"ossola-scialpinismo-senza-confini-volume-1-valle-strona-valle-anzasca-monte-rosa-valle-antrona","status":"publish","type":"product","link":"https:\/\/pizbube.ch\/en\/shop\/ossola-scialpinismo-senza-confini-volume-1-valle-strona-valle-anzasca-monte-rosa-valle-antrona\/","title":{"rendered":"Ossola &#8211; Scialpinismo senza confini, Volume 1 &#8211; Valle Strona, Valle Anzasca (Monte Rosa), Valle Antrona"},"content":{"rendered":"<p><span class=\"sotto_titolo_item\">Valle Strona, Valle Anzasca (Monte Rosa), Valle Antrona <\/span><\/p>\n<p>Questa guida raccoglie la quasi totalit\u00e0 degli itinerari scialpinistici che, con ragionevolezza e logica, sono stati sciati nella provincia del Verbano Cusio Ossola, nelle valli Strona, Anzasca e Antrona.<\/p>\n<p>Nel volume sono relazionati 130 itinerari di tutti i generi e difficolt\u00e0, dal semplice percorso prettamente invernale, tra boschi e radure, al ripido canale che sale vette di 4000 metri. Da quelli in cui si pu\u00f2 trovare quasi certamente una traccia presente e probabilmente un ovvio affollamento, a quelli in cui non vi sar\u00e0 nessuno e sar\u00e0 necessario fare la traccia e trovare il giusto percorso, perch\u00e9 la bellezza di questo territorio sta anche nell\u2019avere ancora tanti luoghi scialpinisticamente poco conosciuti.<\/p>\n<p>320 pagine;<br \/>\nFormato: 15&#215;21 cm<\/p>","protected":false},"excerpt":{"rendered":"<p>Valle Strona, Valle Anzasca (Monte Rosa), Valle Antrona Questa guida raccoglie la quasi totalit\u00e0 degli itinerari scialpinistici che, con ragionevolezza e logica, sono stati sciati nella provincia del Verbano Cusio Ossola, nelle valli Strona, Anzasca e Antrona. Nel volume sono relazionati 130 itinerari di tutti i generi e difficolt\u00e0, dal semplice percorso prettamente invernale, tra [&#8230;]\n","protected":false},"featured_media":164212,"template":"","meta":[],"product_brand":[],"product_cat":[21540],"product_tag":[27056],"class_list":{"0":"post-160801","1":"product","2":"type-product","3":"status-publish","4":"has-post-thumbnail","6":"product_cat-fuehrerliteratur-alpin-winter","7":"product_tag-domodossola","8":"pa_autor-zucchi-vairetti-tartari","9":"pa_erscheinungsjahr-25440","10":"pa_region-italien","11":"pa_sprache-it","13":"first","14":"instock","15":"taxable","16":"shipping-taxable","17":"purchasable","18":"product-type-simple"},"_links":{"self":[{"href":"https:\/\/pizbube.ch\/en\/wp-json\/wp\/v2\/product\/160801","targetHints":{"allow":["GET"]}}],"collection":[{"href":"https:\/\/pizbube.ch\/en\/wp-json\/wp\/v2\/product"}],"about":[{"href":"https:\/\/pizbube.ch\/en\/wp-json\/wp\/v2\/types\/product"}],"wp:featuredmedia":[{"embeddable":true,"href":"https:\/\/pizbube.ch\/en\/wp-json\/wp\/v2\/media\/164212"}],"wp:attachment":[{"href":"https:\/\/pizbube.ch\/en\/wp-json\/wp\/v2\/media?parent=160801"}],"wp:term":[{"taxonomy":"product_brand","embeddable":true,"href":"https:\/\/pizbube.ch\/en\/wp-json\/wp\/v2\/product_brand?post=160801"},{"taxonomy":"product_cat","embeddable":true,"href":"https:\/\/pizbube.ch\/en\/wp-json\/wp\/v2\/product_cat?post=160801"},{"taxonomy":"product_tag","embeddable":true,"href":"https:\/\/pizbube.ch\/en\/wp-json\/wp\/v2\/product_tag?post=160801"}],"curies":[{"name":"wp","href":"https:\/\/api.w.org\/{rel}","templated":true}]}}