{"id":160851,"date":"2022-02-26T09:53:03","date_gmt":"2022-02-26T08:53:03","guid":{"rendered":"https:\/\/pizbube.ch\/?post_type=product&#038;p=160851"},"modified":"2022-02-26T10:12:21","modified_gmt":"2022-02-26T09:12:21","slug":"seilschaft-gipfelstuermer-bestickte-faltkarte-a6","status":"publish","type":"product","link":"https:\/\/pizbube.ch\/en\/shop\/seilschaft-gipfelstuermer-bestickte-faltkarte-a6\/","title":{"rendered":"Seilschaft &#8211; &#171;Gipfelst\u00fcrmer&#187; \/ Bestickte Faltkarte A6"},"content":{"rendered":"<p>Manchmal braucht man etwas Halt und Sicherheit. Dann zum Beispiel, wenn man ein neues Projekt in Angriff nimmt oder vor einer grossen Herausforderung steht. Eine Seilschaft im Bergsport symbolisiert wohl die h\u00f6chste Art von Unterst\u00fctzung und Vertrauen:<\/p>\n<p>Wenn einer st\u00fcrzt, dann fangen ihn die anderen auf. Mit unserer Kartenserie \u201eSeilschaft\u201c wollen wir diesen Mechanismus aus dem Berg in den Alltag holen.<br \/>\nEine symbolische Karte, um andere bei ihren n\u00e4chsten grossen Schritten zu begleiten.<\/p>\n<p>Produziert im Schlossgarten Riggisberg:<br \/>\nbietet Menschen mit psychischen und\/oder geistigen Beeintr\u00e4chtigungen ein breites und modernes Wohn-, Arbeits- und Freizeitangebot. Diverse \u00f6ffentliche Angebote erm\u00f6glichen spannende Begegnungen, gem\u00e4ss dem Leitgedanken des Schlossgarten Riggisberg:&#187;Begegnen. Bewegen. Leben&#187;.<\/p>\n<p><span class=\"line-value\">Bestickte Faltkarte A6 mit Couvert<\/span><\/p>","protected":false},"excerpt":{"rendered":"<p>Manchmal braucht man etwas Halt und Sicherheit. Dann zum Beispiel, wenn man ein neues Projekt in Angriff nimmt oder vor einer grossen Herausforderung steht. Eine Seilschaft im Bergsport symbolisiert wohl die h\u00f6chste Art von Unterst\u00fctzung und Vertrauen: Wenn einer st\u00fcrzt, dann fangen ihn die anderen auf. Mit unserer Kartenserie \u201eSeilschaft\u201c wollen wir diesen Mechanismus aus [&#8230;]\n","protected":false},"featured_media":160852,"template":"","meta":[],"product_brand":[],"product_cat":[21853],"product_tag":[],"class_list":{"0":"post-160851","1":"product","2":"type-product","3":"status-publish","4":"has-post-thumbnail","6":"product_cat-ansichtskarten","7":"pa_autor-aeschimann","8":"pa_erscheinungsjahr-25440","9":"pa_region-schweiz","10":"pa_sprache-de","12":"first","13":"instock","14":"taxable","15":"shipping-taxable","16":"purchasable","17":"product-type-simple"},"_links":{"self":[{"href":"https:\/\/pizbube.ch\/en\/wp-json\/wp\/v2\/product\/160851","targetHints":{"allow":["GET"]}}],"collection":[{"href":"https:\/\/pizbube.ch\/en\/wp-json\/wp\/v2\/product"}],"about":[{"href":"https:\/\/pizbube.ch\/en\/wp-json\/wp\/v2\/types\/product"}],"wp:featuredmedia":[{"embeddable":true,"href":"https:\/\/pizbube.ch\/en\/wp-json\/wp\/v2\/media\/160852"}],"wp:attachment":[{"href":"https:\/\/pizbube.ch\/en\/wp-json\/wp\/v2\/media?parent=160851"}],"wp:term":[{"taxonomy":"product_brand","embeddable":true,"href":"https:\/\/pizbube.ch\/en\/wp-json\/wp\/v2\/product_brand?post=160851"},{"taxonomy":"product_cat","embeddable":true,"href":"https:\/\/pizbube.ch\/en\/wp-json\/wp\/v2\/product_cat?post=160851"},{"taxonomy":"product_tag","embeddable":true,"href":"https:\/\/pizbube.ch\/en\/wp-json\/wp\/v2\/product_tag?post=160851"}],"curies":[{"name":"wp","href":"https:\/\/api.w.org\/{rel}","templated":true}]}}