{"id":160889,"date":"2022-03-04T10:18:43","date_gmt":"2022-03-04T09:18:43","guid":{"rendered":"https:\/\/pizbube.ch\/?post_type=product&#038;p=160889"},"modified":"2022-03-07T15:29:29","modified_gmt":"2022-03-07T14:29:29","slug":"am-rande-des-moeglichen-hermann-buhl","status":"publish","type":"product","link":"https:\/\/pizbube.ch\/en\/shop\/am-rande-des-moeglichen-hermann-buhl\/","title":{"rendered":"Am Rande des M\u00f6glichen &#8211; Hermann Buhl"},"content":{"rendered":"<p><span class=\"value\">Hermann Buhl:&#8217;Bergsteigen ist mehr als ein Sport. Es ist eine Leidenschaft.&#8216; Der Innsbrucker Hermann Buhl (1924-1957) war der bahnbrechende Bergsteiger der F\u00fcnfzigerjahre. <\/span><\/p>\n<p><span class=\"value\">Mit vierzehn Jahren begann er im heimatlichen Karwendel zu klettern; mit neunzehn gelang ihm seine erste Neutour, die Durchsteigung der Westwand der Maukspitze im Wilden Kaiser, die wahrscheinlich bereits den VII. Schwierigkeitsgrad streifte. Nach Kriegsgefangenschaft und Entbehrung kn\u00fcpfte er nicht nur wieder an seine fr\u00fcheren Leistungen an, sondern steigerte sein K\u00f6nnen an den alpenweit schwierigsten Routen zur Perfektion. <\/span><\/p>\n<p><span class=\"value\">Die erste Winterbegehung der Marmolada-S\u00fcdwestwand, der Walkerpfeiler, die Eiger-Nordwand oder die erste Solodurchsteigung der Piz-Badile-Nordostwand untermauerten seinen Ruf als bester deutschsprachiger Bergsteiger. Mit der ersten Ersteigung des 8125 Meter hohen Nanga Parbat im Alleingang wurde Hermann Buhl 1953 zum weltber\u00fchmten Alpinisten. Nach seiner zweiten Achttausender-Erstbesteigung des Broad Peak kam Buhl 1957 an der Chogolisa durch einen Wechtenbruch ums Leben &#8211; und wurde zur Legende. <\/span><\/p>\n<p><span class=\"value\">Er war getrieben von der Suche nach Neuem, Ungewissem; sein Ehrgeiz war kompromisslos. Mit seiner Forderung nach leichtem, elegantem Klettern &#8218;ohne die l\u00e4stige Schlosserei&#8216;, mit dem Aneinanderreihen von Touren im Oberreintal und der Umsetzung des Alpinstils auf den Expeditionen war er seiner Zeit weit voraus. <\/span><\/p>\n<p><span class=\"value\">Ausz\u00fcge aus seinen Touren- und Tageb\u00fcchern, verstreut erschienene Berichte und Aufs\u00e4tze, die biografische Einordnung durch die Herausgeber aber auch Stellungnahmen seiner Familie und fr\u00fcherer Tourenpartner lassen ein lebendiges Bild des Ausnahmebergsteigers entstehen.<\/span><\/p>\n<p>2. Auflage 2022<\/p>","protected":false},"excerpt":{"rendered":"<p>Hermann Buhl:&#8217;Bergsteigen ist mehr als ein Sport. Es ist eine Leidenschaft.&#8216; Der Innsbrucker Hermann Buhl (1924-1957) war der bahnbrechende Bergsteiger der F\u00fcnfzigerjahre. Mit vierzehn Jahren begann er im heimatlichen Karwendel zu klettern; mit neunzehn gelang ihm seine erste Neutour, die Durchsteigung der Westwand der Maukspitze im Wilden Kaiser, die wahrscheinlich bereits den VII. Schwierigkeitsgrad streifte. [&#8230;]\n","protected":false},"featured_media":160926,"template":"","meta":[],"product_brand":[],"product_cat":[21542],"product_tag":[],"class_list":{"0":"post-160889","1":"product","2":"type-product","3":"status-publish","4":"has-post-thumbnail","6":"product_cat-sachbuecher-dokumentationen","7":"pa_autor-hoefler-messner","8":"pa_erscheinungsjahr-27013","9":"pa_region-oesterreich","10":"pa_sprache-d","12":"first","13":"instock","14":"taxable","15":"shipping-taxable","16":"purchasable","17":"product-type-simple"},"_links":{"self":[{"href":"https:\/\/pizbube.ch\/en\/wp-json\/wp\/v2\/product\/160889","targetHints":{"allow":["GET"]}}],"collection":[{"href":"https:\/\/pizbube.ch\/en\/wp-json\/wp\/v2\/product"}],"about":[{"href":"https:\/\/pizbube.ch\/en\/wp-json\/wp\/v2\/types\/product"}],"wp:featuredmedia":[{"embeddable":true,"href":"https:\/\/pizbube.ch\/en\/wp-json\/wp\/v2\/media\/160926"}],"wp:attachment":[{"href":"https:\/\/pizbube.ch\/en\/wp-json\/wp\/v2\/media?parent=160889"}],"wp:term":[{"taxonomy":"product_brand","embeddable":true,"href":"https:\/\/pizbube.ch\/en\/wp-json\/wp\/v2\/product_brand?post=160889"},{"taxonomy":"product_cat","embeddable":true,"href":"https:\/\/pizbube.ch\/en\/wp-json\/wp\/v2\/product_cat?post=160889"},{"taxonomy":"product_tag","embeddable":true,"href":"https:\/\/pizbube.ch\/en\/wp-json\/wp\/v2\/product_tag?post=160889"}],"curies":[{"name":"wp","href":"https:\/\/api.w.org\/{rel}","templated":true}]}}