{"id":160892,"date":"2022-03-02T15:26:56","date_gmt":"2022-03-02T14:26:56","guid":{"rendered":"https:\/\/pizbube.ch\/?post_type=product&#038;p=160892"},"modified":"2025-02-15T12:46:17","modified_gmt":"2025-02-15T11:46:17","slug":"zauberberge-als-es-die-dichter-und-denker-auf-die-schweizer-gipfel-zog","status":"publish","type":"product","link":"https:\/\/pizbube.ch\/en\/shop\/zauberberge-als-es-die-dichter-und-denker-auf-die-schweizer-gipfel-zog\/","title":{"rendered":"Zauberberge \u2013 Als es die Dichter und Denker auf die Schweizer Gipfel zog"},"content":{"rendered":"<p><span class=\"value\">Auf den Spuren von Thomas Mann, Friedrich Nietzsche und Theodor W. Adorno<br \/>\nKrankheit, Wahnsinn, Sch\u00f6nheit und Tod liegen hier nah beieinander: Die spektakul\u00e4re Berg-Kulisse der Schweizer Alpen zog die deutschen Dichter und Philosophen in ihren Bann. Was erlebten sie in Davos, Sils Maria, St. Moritz und Zermatt? Und wie pr\u00e4gten diese Eindr\u00fccke ihr Schaffen?<\/span><\/p>\n<p>Der Reisejournalist Andreas Lesti wandelt auf den Spuren seiner prominenten Vorreisenden: Er f\u00e4hrt mit dem Zug in die Schweizer Berge, genauso, wie es Hans Castorp in Thomas Manns Roman \u00bbDer Zauberberg\u00ab gemacht hatte. Er reist nach Sils Maria, den kleinen Ort am Silsersee s\u00fcdlich von St. Moritz, wo schon der Philosoph Friedrich Nietzsche Ruhe suchte. Er besucht das Hotel Waldhaus, in dem Theodor W. Adorno so oft war und Briefe an Thomas Mann verfasste. Dieser literarische Reisebericht zeigt kenntnisreich, auf welch vielf\u00e4ltige Weise die Orte und Personen miteinander verbunden sind &#8211; obwohl sie unterschiedlicher kaum sein k\u00f6nnten.<\/p>\n<p><span class=\"value\"><br \/>\n&#8211; Ein Buch \u00fcber die Berge, das gleichzeitig ein St\u00fcck Philosophie- und Literaturgeschichte erz\u00e4hlt.<br \/>\n&#8211; Was verraten die Episoden aus dem Leben ber\u00fchmter Dichter und Denker \u00fcber die Kulturgeschichte der Alpen?<br \/>\n&#8211; Eine literarische Schweiz-Reise, die Gegenwart und Vergangenheit verwebt.<\/span><\/p>\n<p><span class=\"value\"><br \/>\nFaszination Schweizer Alpen &#8211; eine etwas andere Reisereportage<br \/>\nDer Journalist Andreas Lesti ist Germanist und Alpinist aus Bayern. Er bereist regelm\u00e4\u00dfig die Gebirge der Welt, immer einen Stapel Bergb\u00fccher im Gep\u00e4ck. F\u00fcr diese Reise in die Schweiz hat er neben Thomas Manns \u00bbZauberberg\u00ab auch \u00bbDoktor Faustus\u00ab, K\u00e4stners \u00bbZauberlehrling\u00ab, Adornos \u00bbMinima Moralia\u00ab und Nietzsches \u00bbAlso sprach Zarathustra\u00ab eingepackt.<br \/>\nSo ausger\u00fcstet, unternimmt Andreas Lesti eine magische Gratwanderung vor Ort und erkl\u00e4rt nebenbei, was Thomas Mann mit Sherlock Holmes zu tun hat und warum Theodor Adorno am Matterhorn gestorben ist.<\/span><\/p>\n<p>&nbsp;<\/p>","protected":false},"excerpt":{"rendered":"<p>Auf den Spuren von Thomas Mann, Friedrich Nietzsche und Theodor W. Adorno Krankheit, Wahnsinn, Sch\u00f6nheit und Tod liegen hier nah beieinander: Die spektakul\u00e4re Berg-Kulisse der Schweizer Alpen zog die deutschen Dichter und Philosophen in ihren Bann. Was erlebten sie in Davos, Sils Maria, St. Moritz und Zermatt? Und wie pr\u00e4gten diese Eindr\u00fccke ihr Schaffen? Der [&#8230;]\n","protected":false},"featured_media":160895,"template":"","meta":[],"product_brand":[],"product_cat":[21629],"product_tag":[],"class_list":{"0":"post-160892","1":"product","2":"type-product","3":"status-publish","4":"has-post-thumbnail","6":"product_cat-belletristik","7":"pa_autor-lesti","8":"pa_erscheinungsjahr-27013","9":"pa_region-schweiz","10":"pa_sprache-d","12":"first","13":"instock","14":"taxable","15":"shipping-taxable","16":"purchasable","17":"product-type-simple"},"_links":{"self":[{"href":"https:\/\/pizbube.ch\/en\/wp-json\/wp\/v2\/product\/160892","targetHints":{"allow":["GET"]}}],"collection":[{"href":"https:\/\/pizbube.ch\/en\/wp-json\/wp\/v2\/product"}],"about":[{"href":"https:\/\/pizbube.ch\/en\/wp-json\/wp\/v2\/types\/product"}],"wp:featuredmedia":[{"embeddable":true,"href":"https:\/\/pizbube.ch\/en\/wp-json\/wp\/v2\/media\/160895"}],"wp:attachment":[{"href":"https:\/\/pizbube.ch\/en\/wp-json\/wp\/v2\/media?parent=160892"}],"wp:term":[{"taxonomy":"product_brand","embeddable":true,"href":"https:\/\/pizbube.ch\/en\/wp-json\/wp\/v2\/product_brand?post=160892"},{"taxonomy":"product_cat","embeddable":true,"href":"https:\/\/pizbube.ch\/en\/wp-json\/wp\/v2\/product_cat?post=160892"},{"taxonomy":"product_tag","embeddable":true,"href":"https:\/\/pizbube.ch\/en\/wp-json\/wp\/v2\/product_tag?post=160892"}],"curies":[{"name":"wp","href":"https:\/\/api.w.org\/{rel}","templated":true}]}}