{"id":160975,"date":"2022-03-09T09:11:29","date_gmt":"2022-03-09T08:11:29","guid":{"rendered":"https:\/\/pizbube.ch\/?post_type=product&#038;p=160975"},"modified":"2022-03-09T09:11:30","modified_gmt":"2022-03-09T08:11:30","slug":"autour-du-sommet-des-dieux","status":"publish","type":"product","link":"https:\/\/pizbube.ch\/en\/shop\/autour-du-sommet-des-dieux\/","title":{"rendered":"Autour du sommet des dieux"},"content":{"rendered":"<p><em>Le Sommet des dieux<\/em>, manga culte de Jiro Taniguchi, est adapt\u00e9 en dessin anim\u00e9 : l\u2019occasion de raconter la gen\u00e8se du film et d\u2019explorer les racines historiques du r\u00e9cit n\u00e9 de la disparition de George Mallory \u00e0 l\u2019Everest. Un livre illustr\u00e9 pour plonger dans les coulisses du film.<\/p>\n<p>Les 5 tomes du Sommet des dieux de Taniguchi sont, de l\u2019avis des sp\u00e9cialistes, la plus belle introduction \u00e0 l\u2019univers du manga, et une magnifique invitation \u00e0 d\u00e9couvrir l\u2019histoire de l\u2019alpinisme depuis un si\u00e8cle. L\u2019histoire m\u00eale la qu\u00eate contemporaine d\u2019un alpiniste japonais et l\u2019\u00e9nigme de la disparition de George Mallory pr\u00e8s du sommet de l\u2019Everest, en 1924. La d\u00e9couverte du corps de Mallory, 75 ans plus tard, n\u2019a pas lev\u00e9 le myst\u00e8re : a-t-il \u00e9t\u00e9 le premier sur le Toit du monde ? La cl\u00e9 se trouve peut-\u00eatre dans son appareil photo, jamais retrouv\u00e9, \u00e0 moins que&#8230;<\/p>\n<p>L\u2019adaption de cette \u0153uvre graphique splendide en film d\u2019animation ambitieux est l\u2019occasion pour divers auteurs, dont Thomas Vennin, passionn\u00e9 par l\u2019histoire de l\u2019alpinisme (et qui pr\u00e9facera la r\u00e9\u00e9dition prochaine du 1er tome du manga), de repartir en exploration. Les producteurs et le r\u00e9alisateur du film, Patrick Imbert, se sont empar\u00e9s avec enthousiasme de ce projet ambitieux et ont accept\u00e9 de partager l\u2019histoire de l\u2019aventure du film. Ce livre, richement illustr\u00e9 par les documents de travail des cr\u00e9ateurs du film d\u2019animation, racontera \u00e0 la fois la gen\u00e8se du film et la mani\u00e8re dont l\u2019histoire (fictive) puise ses racines dans l\u2019histoire (vraie) de l\u2019alpinisme au XXe si\u00e8cle.<\/p>\n<p>192 pages<\/p>","protected":false},"excerpt":{"rendered":"<p>Le Sommet des dieux, manga culte de Jiro Taniguchi, est adapt\u00e9 en dessin anim\u00e9 : l\u2019occasion de raconter la gen\u00e8se du film et d\u2019explorer les racines historiques du r\u00e9cit n\u00e9 de la disparition de George Mallory \u00e0 l\u2019Everest. Un livre illustr\u00e9 pour plonger dans les coulisses du film. Les 5 tomes du Sommet des dieux [&#8230;]\n","protected":false},"featured_media":160980,"template":"","meta":[],"product_brand":[],"product_cat":[21881,21580],"product_tag":[],"class_list":{"0":"post-160975","1":"product","2":"type-product","3":"status-publish","4":"has-post-thumbnail","6":"product_cat-comics","7":"product_cat-kunst-kultur","8":"pa_autor-vennin","9":"pa_erscheinungsjahr-25440","10":"pa_region-asien","11":"pa_region-frankreich","12":"pa_sprache-fr","14":"first","15":"instock","16":"taxable","17":"shipping-taxable","18":"product-type-simple"},"_links":{"self":[{"href":"https:\/\/pizbube.ch\/en\/wp-json\/wp\/v2\/product\/160975","targetHints":{"allow":["GET"]}}],"collection":[{"href":"https:\/\/pizbube.ch\/en\/wp-json\/wp\/v2\/product"}],"about":[{"href":"https:\/\/pizbube.ch\/en\/wp-json\/wp\/v2\/types\/product"}],"wp:featuredmedia":[{"embeddable":true,"href":"https:\/\/pizbube.ch\/en\/wp-json\/wp\/v2\/media\/160980"}],"wp:attachment":[{"href":"https:\/\/pizbube.ch\/en\/wp-json\/wp\/v2\/media?parent=160975"}],"wp:term":[{"taxonomy":"product_brand","embeddable":true,"href":"https:\/\/pizbube.ch\/en\/wp-json\/wp\/v2\/product_brand?post=160975"},{"taxonomy":"product_cat","embeddable":true,"href":"https:\/\/pizbube.ch\/en\/wp-json\/wp\/v2\/product_cat?post=160975"},{"taxonomy":"product_tag","embeddable":true,"href":"https:\/\/pizbube.ch\/en\/wp-json\/wp\/v2\/product_tag?post=160975"}],"curies":[{"name":"wp","href":"https:\/\/api.w.org\/{rel}","templated":true}]}}