{"id":161089,"date":"2022-03-17T15:21:01","date_gmt":"2022-03-17T14:21:01","guid":{"rendered":"https:\/\/pizbube.ch\/?post_type=product&#038;p=161089"},"modified":"2025-02-15T12:45:09","modified_gmt":"2025-02-15T11:45:09","slug":"wanderlust-2","status":"publish","type":"product","link":"https:\/\/pizbube.ch\/en\/shop\/wanderlust-2\/","title":{"rendered":"WANDERLUST"},"content":{"rendered":"<p>Geschichten und Gedichte f\u00fcr den Rucksack<\/p>\n<p>Ohne Buch ist jeder Rucksack viel zu leicht.<\/p>\n<p>\u00bbJa, lesen konnte man selbst, wenn man wanderte\u00ab, behauptete einmal Joseph Roth. Dieses Buch l\u00e4dt dazu ein, \u00fcber das Wandern zu lesen \u2013 in all seinen Facetten: als Naturerlebnis, als Pilgergang oder als Flanieren in der Stadt. Literarische Wandergesellen sind Robert Walser, Max Frisch, Georges Simenon, Bruce Chatwin und viele andere.<\/p>\n<p>Ein Buch f\u00fcr jeden Rucksack oder als Lekt\u00fcre vor der Wanderung \u2013 oder f\u00fcr danach, wenn die geschundenen F\u00fc\u00dfe hochgelegt werden.<\/p>\n<p>Herausgegeben von Aleksia Sidney<br \/>\n224 Seiten | Taschenbuch<\/p>","protected":false},"excerpt":{"rendered":"<p>Geschichten und Gedichte f\u00fcr den Rucksack Ohne Buch ist jeder Rucksack viel zu leicht. \u00bbJa, lesen konnte man selbst, wenn man wanderte\u00ab, behauptete einmal Joseph Roth. Dieses Buch l\u00e4dt dazu ein, \u00fcber das Wandern zu lesen \u2013 in all seinen Facetten: als Naturerlebnis, als Pilgergang oder als Flanieren in der Stadt. Literarische Wandergesellen sind Robert [&#8230;]\n","protected":false},"featured_media":161090,"template":"","meta":[],"product_brand":[],"product_cat":[21629],"product_tag":[],"class_list":{"0":"post-161089","1":"product","2":"type-product","3":"status-publish","4":"has-post-thumbnail","6":"product_cat-belletristik","7":"pa_autor-sidney-hrsg","8":"pa_erscheinungsjahr-27013","9":"pa_region-schweiz","10":"pa_sprache-de","12":"first","13":"instock","14":"taxable","15":"shipping-taxable","16":"purchasable","17":"product-type-simple"},"_links":{"self":[{"href":"https:\/\/pizbube.ch\/en\/wp-json\/wp\/v2\/product\/161089","targetHints":{"allow":["GET"]}}],"collection":[{"href":"https:\/\/pizbube.ch\/en\/wp-json\/wp\/v2\/product"}],"about":[{"href":"https:\/\/pizbube.ch\/en\/wp-json\/wp\/v2\/types\/product"}],"wp:featuredmedia":[{"embeddable":true,"href":"https:\/\/pizbube.ch\/en\/wp-json\/wp\/v2\/media\/161090"}],"wp:attachment":[{"href":"https:\/\/pizbube.ch\/en\/wp-json\/wp\/v2\/media?parent=161089"}],"wp:term":[{"taxonomy":"product_brand","embeddable":true,"href":"https:\/\/pizbube.ch\/en\/wp-json\/wp\/v2\/product_brand?post=161089"},{"taxonomy":"product_cat","embeddable":true,"href":"https:\/\/pizbube.ch\/en\/wp-json\/wp\/v2\/product_cat?post=161089"},{"taxonomy":"product_tag","embeddable":true,"href":"https:\/\/pizbube.ch\/en\/wp-json\/wp\/v2\/product_tag?post=161089"}],"curies":[{"name":"wp","href":"https:\/\/api.w.org\/{rel}","templated":true}]}}