{"id":161091,"date":"2022-03-17T15:30:35","date_gmt":"2022-03-17T14:30:35","guid":{"rendered":"https:\/\/pizbube.ch\/?post_type=product&#038;p=161091"},"modified":"2022-03-17T15:30:35","modified_gmt":"2022-03-17T14:30:35","slug":"vom-wandern","status":"publish","type":"product","link":"https:\/\/pizbube.ch\/en\/shop\/vom-wandern\/","title":{"rendered":"Vom Wandern"},"content":{"rendered":"<p>Der Klassiker der Wanderliteratur<\/p>\n<p>F\u00fcr Thoreau ist Wandern immer auch ein Weg zu sich selbst: \u00bbWenn du dir tats\u00e4chlich Bewegung beschaffen willst, dann suche nach den Quellen des Lebens.\u00ab \u00dcber seinen Essay <em>Vom Wandern<\/em> sagte Thoreau, er sei das Fundament f\u00fcr alles, was er danach schrieb. Ein unsterbliches Pl\u00e4doyer daf\u00fcr, ausgetretene Pfade zu verlassen und den ersten Schritt zu machen in ein selbstbestimmtes Leben im Einklang mit der Natur.<\/p>\n<p>Aus dem amerikanischen Englisch von Heiner Feldhoff<br \/>\n96 Seiten | Taschenbuch<\/p>","protected":false},"excerpt":{"rendered":"<p>Der Klassiker der Wanderliteratur F\u00fcr Thoreau ist Wandern immer auch ein Weg zu sich selbst: \u00bbWenn du dir tats\u00e4chlich Bewegung beschaffen willst, dann suche nach den Quellen des Lebens.\u00ab \u00dcber seinen Essay Vom Wandern sagte Thoreau, er sei das Fundament f\u00fcr alles, was er danach schrieb. Ein unsterbliches Pl\u00e4doyer daf\u00fcr, ausgetretene Pfade zu verlassen und [&#8230;]\n","protected":false},"featured_media":161092,"template":"","meta":[],"product_brand":[],"product_cat":[21629],"product_tag":[],"class_list":{"0":"post-161091","1":"product","2":"type-product","3":"status-publish","4":"has-post-thumbnail","6":"product_cat-belletristik","7":"pa_autor-thoreau","8":"pa_erscheinungsjahr-27013","9":"pa_region-schweiz","10":"pa_sprache-de","12":"first","13":"instock","14":"taxable","15":"shipping-taxable","16":"purchasable","17":"product-type-simple"},"_links":{"self":[{"href":"https:\/\/pizbube.ch\/en\/wp-json\/wp\/v2\/product\/161091","targetHints":{"allow":["GET"]}}],"collection":[{"href":"https:\/\/pizbube.ch\/en\/wp-json\/wp\/v2\/product"}],"about":[{"href":"https:\/\/pizbube.ch\/en\/wp-json\/wp\/v2\/types\/product"}],"wp:featuredmedia":[{"embeddable":true,"href":"https:\/\/pizbube.ch\/en\/wp-json\/wp\/v2\/media\/161092"}],"wp:attachment":[{"href":"https:\/\/pizbube.ch\/en\/wp-json\/wp\/v2\/media?parent=161091"}],"wp:term":[{"taxonomy":"product_brand","embeddable":true,"href":"https:\/\/pizbube.ch\/en\/wp-json\/wp\/v2\/product_brand?post=161091"},{"taxonomy":"product_cat","embeddable":true,"href":"https:\/\/pizbube.ch\/en\/wp-json\/wp\/v2\/product_cat?post=161091"},{"taxonomy":"product_tag","embeddable":true,"href":"https:\/\/pizbube.ch\/en\/wp-json\/wp\/v2\/product_tag?post=161091"}],"curies":[{"name":"wp","href":"https:\/\/api.w.org\/{rel}","templated":true}]}}