{"id":161099,"date":"2022-03-18T09:40:36","date_gmt":"2022-03-18T08:40:36","guid":{"rendered":"https:\/\/pizbube.ch\/?post_type=product&#038;p=161099"},"modified":"2022-03-18T09:49:32","modified_gmt":"2022-03-18T08:49:32","slug":"alpine-seiltechnik-2","status":"publish","type":"product","link":"https:\/\/pizbube.ch\/en\/shop\/alpine-seiltechnik-2\/","title":{"rendered":"Alpine Seiltechnik"},"content":{"rendered":"<div class=\"col-12 col-md-6\"><\/div>\n<div class=\"col-12 col-md-6\">\n<div class=\"d-inline-block\">\n<p><span class=\"value\">Der richtige Umgang mit dem Seil und der \u00fcbrigen Ausr\u00fcstung ist Grundvoraussetzung f\u00fcr die Sicherheit eines jeden Kletterers und Bergsteigers. Die handliche Lehrschrift \u00bbAlpine Seiltechnik\u00ab beinhaltet alles, was Einsteiger \u00fcber technisches R\u00fcstzeug wissen m\u00fcssen, um erste Schritte antreten zu k\u00f6nnen \u2013 sei es in der Kletterhalle, im Klettergarten oder im Fels und Eis des Hochgebirges. Und auch Fortgeschrittene erhalten in diesem Band das notwendige Fachwissen, um l\u00e4ngere und ernstere Klettereien und Eistouren am Berg in Angriff nehmen zu k\u00f6nnen.<\/span><\/p>\n<p>Der Autor Pit Schubert war Leiter des Sicherheitskreises im Deutschen Alpenverein und langj\u00e4hriger Pr\u00e4sident der Sicherheitskommission der UIAA (Union Internationale des Associations d\u2019Alpinisme). Er gilt weltweit als anerkannter Experte in Fragen alpiner Ausr\u00fcstung und Sicherheit. Schubert erl\u00e4utert in diesem Buch alle Themenbereiche alpiner Sicherungstechnik, die der Kletterer und Bergsteiger an technischem Wissen braucht, um den Fels im IV. Schwierigkeitsgrad zu beherrschen sowie Firn- und Eisw\u00e4nde bis zu einer Steilheit von etwa 50 Grad zu meistern. Schwerpunkte bilden dabei neben der Handhabung des Seiles nat\u00fcrlich Abseiltechnik und Spaltenbergung sowie der richtige Einsatz von Steigeisen, Eispickel und Eisschrauben. Mit diesem Wissen k\u00f6nnen die ersten selbst\u00e4ndigen Klettereien und Bergtouren sicher und gekonnt angetreten werden.<\/p>\n<\/div>\n<\/div>\n<p><span class=\"value\">F\u00fcr die 13. Auflage wurde der Band \u00bbAlpine Seiltechnik\u00ab sorgf\u00e4ltig \u00fcberarbeitet.<\/span><\/p>\n<div class=\"col-12 col-md-6\">\n<div class=\"d-inline-block\">13., aktualisierte Auflage 2022<\/div>\n<\/div>\n<div class=\"col-12 col-md-6\">\n<div class=\"d-inline-block strong mr-1\">Seiten: 96<\/div>\n<\/div>\n<div class=\"col-12 col-md-6\">\n<div class=\"d-inline-block\">Anzahl der Bilder: 40 und viele farbige Zeichnungen<\/div>\n<\/div>","protected":false},"excerpt":{"rendered":"<ul>\n<li><a href=\"https:\/\/pizbube.ch\/wp-content\/uploads\/attachments\/a_003\/3034D87BA15ED10194C1A505753197AD.pdf\" target=\"_blank\" rel=\"noopener\">PDF: Alpine Seiltechnik Leseprobe<\/a><\/li>\n<\/ul>","protected":false},"featured_media":161100,"template":"","meta":[],"product_brand":[],"product_cat":[21538],"product_tag":[],"class_list":{"0":"post-161099","1":"product","2":"type-product","3":"status-publish","4":"has-post-thumbnail","6":"product_cat-lehrbuecher","7":"pa_autor-schubert","8":"pa_erscheinungsjahr-27013","9":"pa_region-alpin-sommer","10":"pa_sprache-de","12":"first","13":"instock","14":"taxable","15":"shipping-taxable","16":"purchasable","17":"product-type-simple"},"_links":{"self":[{"href":"https:\/\/pizbube.ch\/en\/wp-json\/wp\/v2\/product\/161099","targetHints":{"allow":["GET"]}}],"collection":[{"href":"https:\/\/pizbube.ch\/en\/wp-json\/wp\/v2\/product"}],"about":[{"href":"https:\/\/pizbube.ch\/en\/wp-json\/wp\/v2\/types\/product"}],"wp:featuredmedia":[{"embeddable":true,"href":"https:\/\/pizbube.ch\/en\/wp-json\/wp\/v2\/media\/161100"}],"wp:attachment":[{"href":"https:\/\/pizbube.ch\/en\/wp-json\/wp\/v2\/media?parent=161099"}],"wp:term":[{"taxonomy":"product_brand","embeddable":true,"href":"https:\/\/pizbube.ch\/en\/wp-json\/wp\/v2\/product_brand?post=161099"},{"taxonomy":"product_cat","embeddable":true,"href":"https:\/\/pizbube.ch\/en\/wp-json\/wp\/v2\/product_cat?post=161099"},{"taxonomy":"product_tag","embeddable":true,"href":"https:\/\/pizbube.ch\/en\/wp-json\/wp\/v2\/product_tag?post=161099"}],"curies":[{"name":"wp","href":"https:\/\/api.w.org\/{rel}","templated":true}]}}