{"id":161123,"date":"2022-03-18T14:37:23","date_gmt":"2022-03-18T13:37:23","guid":{"rendered":"https:\/\/pizbube.ch\/?post_type=product&#038;p=161123"},"modified":"2022-03-18T14:46:56","modified_gmt":"2022-03-18T13:46:56","slug":"steilzeit-erstbegehungsabenteuer-weltweit","status":"publish","type":"product","link":"https:\/\/pizbube.ch\/en\/shop\/steilzeit-erstbegehungsabenteuer-weltweit\/","title":{"rendered":"Steilzeit &#8211; Erstbegehungsabenteuer weltweit"},"content":{"rendered":"<p>Auf neuen Kletterwegen rund um die Welt zu ziehen, das bedeutet, die Vielfalt ihrer Landschaften ganz nah zu erleben, ihre Menschen zu erfahren, kennenzulernen, vielleicht zu verstehen. Zeit zu verbringen, miteinander im Team, eng hineingestrickt in die Natur und Bev\u00f6lkerung.<br \/>\nImmer mit der eigenen Alpinvision als Leit- und Ziellinie, die dem Ganzen Adrenalin und Pulsschlag verleiht, die uns hineinzieht, in die vielf\u00e4ltige Sch\u00f6nheit dieser Welt!<\/p>\n<p>Der Pulsschlag, vielmehr ein Herzschlag, an dem Kai Maluck seine Leser hautnah teilnehmen l\u00e4sst, macht Lust, er gibt einen Anschubser, sich auf den Weg zu machen, die L\u00e4nder selbst zu erleben, mit Neugierde und Vorfreude ihren Menschen zu begegnen und ganz nebenbei, in gut kletterbaren Routen, der fremdartigen Natur maximal nahe, das eigene Herz h\u00f6her schlagen zu lassen. 16 bereiste L\u00e4nder weltweit, wie sie zum Teil unterschiedlicher nicht sein k\u00f6nnen, das sind 16 Geschichten, in denen das Klettern, Bergsteigen und das Suchen und Finden neuer Routen zwar ein Aufh\u00e4nger, jedoch kein Brennglas ist.<\/p>\n<p>Ein intensives, lebensbejahendes Leseerlebnis: wow, das Leben!<\/p>\n<p>Format: 160 x 230 mm,<br \/>\n224 Seiten<\/p>","protected":false},"excerpt":{"rendered":"<p>Auf neuen Kletterwegen rund um die Welt zu ziehen, das bedeutet, die Vielfalt ihrer Landschaften ganz nah zu erleben, ihre Menschen zu erfahren, kennenzulernen, vielleicht zu verstehen. Zeit zu verbringen, miteinander im Team, eng hineingestrickt in die Natur und Bev\u00f6lkerung. Immer mit der eigenen Alpinvision als Leit- und Ziellinie, die dem Ganzen Adrenalin und Pulsschlag [&#8230;]\n","protected":false},"featured_media":161124,"template":"","meta":[],"product_brand":[],"product_cat":[21542],"product_tag":[],"class_list":{"0":"post-161123","1":"product","2":"type-product","3":"status-publish","4":"has-post-thumbnail","6":"product_cat-sachbuecher-dokumentationen","7":"pa_autor-maluck","8":"pa_erscheinungsjahr-27013","9":"pa_region-uebrigers-europa","10":"pa_sprache-de","12":"first","13":"instock","14":"taxable","15":"shipping-taxable","16":"purchasable","17":"product-type-simple"},"_links":{"self":[{"href":"https:\/\/pizbube.ch\/en\/wp-json\/wp\/v2\/product\/161123","targetHints":{"allow":["GET"]}}],"collection":[{"href":"https:\/\/pizbube.ch\/en\/wp-json\/wp\/v2\/product"}],"about":[{"href":"https:\/\/pizbube.ch\/en\/wp-json\/wp\/v2\/types\/product"}],"wp:featuredmedia":[{"embeddable":true,"href":"https:\/\/pizbube.ch\/en\/wp-json\/wp\/v2\/media\/161124"}],"wp:attachment":[{"href":"https:\/\/pizbube.ch\/en\/wp-json\/wp\/v2\/media?parent=161123"}],"wp:term":[{"taxonomy":"product_brand","embeddable":true,"href":"https:\/\/pizbube.ch\/en\/wp-json\/wp\/v2\/product_brand?post=161123"},{"taxonomy":"product_cat","embeddable":true,"href":"https:\/\/pizbube.ch\/en\/wp-json\/wp\/v2\/product_cat?post=161123"},{"taxonomy":"product_tag","embeddable":true,"href":"https:\/\/pizbube.ch\/en\/wp-json\/wp\/v2\/product_tag?post=161123"}],"curies":[{"name":"wp","href":"https:\/\/api.w.org\/{rel}","templated":true}]}}