{"id":161155,"date":"2022-03-22T11:32:23","date_gmt":"2022-03-22T10:32:23","guid":{"rendered":"https:\/\/pizbube.ch\/?post_type=product&#038;p=161155"},"modified":"2025-03-24T15:49:56","modified_gmt":"2025-03-24T14:49:56","slug":"le-verdon-2022","status":"publish","type":"product","link":"https:\/\/pizbube.ch\/en\/shop\/le-verdon-2022\/","title":{"rendered":"LE VERDON 2022"},"content":{"rendered":"<p>Cette nouvelle \u00e9ditiondu club d&#8217;escalade de La Palud sur Verdona pour but de d\u00e9crire la quasi-totalit\u00e9 des voies d&#8217;escalade situ\u00e9e \u00e0 proximit\u00e9 du village.<br \/>\nOn y trouvera aussi bien les derni\u00e8res nouveaut\u00e9s, mais aussi et surtout ce qui a fait la r\u00e9putation du site au travers de ses grands itin\u00e9raires historiques.<\/p>\n<p>Le topo est divis\u00e9 en deux grandes parties:<\/p>\n<p>&#8211; &#171;Les grandes voies&#187; qui recense les itin\u00e9raires de plusieurs longueurs<br \/>\n&#8211; &#171;Les petites falaises&#187; o\u00f9 on va trouver toutes les sites de voies de 1 \u00e0 2 longuers.<\/p>\n<p>Le fameux index des voies est ins\u00e9r\u00e9 \u00e0 la fin du livre.Une aide forte utile !<br \/>\nPour les acc\u00e8s, en plus du texte pr\u00e9cis, des photos sp\u00e9cifiques indiquent les sentiers et de nouveaux sch\u00e9mas sont apparus pour pr\u00e9ciser certaines approches.<\/p>\n<p>Le topo du Verdon le plus complet et actuel!<br \/>\n472 pages<\/p>","protected":false},"excerpt":{"rendered":"<p>Cette nouvelle \u00e9ditiondu club d&#8217;escalade de La Palud sur Verdona pour but de d\u00e9crire la quasi-totalit\u00e9 des voies d&#8217;escalade situ\u00e9e \u00e0 proximit\u00e9 du village. On y trouvera aussi bien les derni\u00e8res nouveaut\u00e9s, mais aussi et surtout ce qui a fait la r\u00e9putation du site au travers de ses grands itin\u00e9raires historiques. Le topo est divis\u00e9 [&#8230;]\n","protected":false},"featured_media":161156,"template":"","meta":[],"product_brand":[],"product_cat":[21539],"product_tag":[],"class_list":{"0":"post-161155","1":"product","2":"type-product","3":"status-publish","4":"has-post-thumbnail","6":"product_cat-fuehrerliteratur-sportklettern-bouldern","7":"pa_erscheinungsjahr-27013","8":"pa_region-frankreich","9":"pa_sprache-fr","11":"first","12":"instock","13":"taxable","14":"shipping-taxable","15":"purchasable","16":"product-type-simple"},"_links":{"self":[{"href":"https:\/\/pizbube.ch\/en\/wp-json\/wp\/v2\/product\/161155","targetHints":{"allow":["GET"]}}],"collection":[{"href":"https:\/\/pizbube.ch\/en\/wp-json\/wp\/v2\/product"}],"about":[{"href":"https:\/\/pizbube.ch\/en\/wp-json\/wp\/v2\/types\/product"}],"wp:featuredmedia":[{"embeddable":true,"href":"https:\/\/pizbube.ch\/en\/wp-json\/wp\/v2\/media\/161156"}],"wp:attachment":[{"href":"https:\/\/pizbube.ch\/en\/wp-json\/wp\/v2\/media?parent=161155"}],"wp:term":[{"taxonomy":"product_brand","embeddable":true,"href":"https:\/\/pizbube.ch\/en\/wp-json\/wp\/v2\/product_brand?post=161155"},{"taxonomy":"product_cat","embeddable":true,"href":"https:\/\/pizbube.ch\/en\/wp-json\/wp\/v2\/product_cat?post=161155"},{"taxonomy":"product_tag","embeddable":true,"href":"https:\/\/pizbube.ch\/en\/wp-json\/wp\/v2\/product_tag?post=161155"}],"curies":[{"name":"wp","href":"https:\/\/api.w.org\/{rel}","templated":true}]}}